{"id":9220,"date":"2025-12-04T12:21:07","date_gmt":"2025-12-04T12:21:07","guid":{"rendered":"https:\/\/www.outdoorcardiff.com\/?page_id=9220"},"modified":"2025-12-04T12:26:17","modified_gmt":"2025-12-04T12:26:17","slug":"rhowch-wybod","status":"publish","type":"page","link":"https:\/\/www.outdoorcardiff.com\/cy\/cysylltu-a-ni\/rhowch-wybod\/","title":{"rendered":"Rhowch wybod"},"content":{"rendered":"<div class=\"wpb-content-wrapper\"><p>[vc_row][vc_column width=&#8221;1\/1&#8243;][vc_column_text]Rydyn ni am i&#8217;n parciau a&#8217;n mannau gwyrdd fod yn ddiogel, yn l\u00e2n ac yn bleserus i bawb. Os ydych chi&#8217;n sylwi ar broblem, rhowch wybod i ni amdani.[\/vc_column_text][vc_column_text]<\/p>\n<ul>\n<li><a href=\"https:\/\/www.caerdydd.gov.uk\/CYM\/preswylydd\/Hamdden-parciau-a-diwylliant\/Parciau-a-Mannau-Gwyrdd\/rhowch-wybod-am-broblem-mewn-parc\/Pages\/default.aspx\">Rhoi gwybod am broblem mewn parc<\/a><\/li>\n<li><a href=\"https:\/\/www.caerdydd.gov.uk\/CYM\/preswylydd\/Hamdden-parciau-a-diwylliant\/Parciau-a-Mannau-Gwyrdd\/coed\/Pages\/default.aspx\">Rhoi gwybod am broblem gyda choeden<\/a><\/li>\n<li><a href=\"https:\/\/www.caerdydd.gov.uk\/CYM\/preswylydd\/Sbwriel-ac-ailgylchu\/addysg-a-gorfodaeth-gwastraff\/baw-cwn\/Pages\/default.aspx\">Rhoi gwybod am faw c\u0175n<\/a><\/li>\n<\/ul>\n<p>Gallwch hefyd <a href=\"https:\/\/www.outdoorcardiff.com\/cy\/cysylltu-a-ni\/\">gysylltu \u00e2 ni<\/a> yngl\u0177n \u00e2 pharciau, hawliau tramwy cyhoeddus neu Ysgol Farchogaeth Caerdydd.<\/p>\n<p>[\/vc_column_text][\/vc_column][\/vc_row][vc_row][vc_column width=&#8221;1\/1&#8243;][vc_single_image image=&#8221;4381&#8243; img_size=&#8221;large&#8221; alignment=&#8221;center&#8221; style=&#8221;vc_box_shadow_3d&#8221; css_animation=&#8221;fadeIn&#8221; css=&#8221;&#8221;][\/vc_column][\/vc_row]<\/p>\n<\/div>","protected":false},"excerpt":{"rendered":"<p>[vc_row][vc_column width=&#8221;1\/1&#8243;][vc_column_text]Rydyn ni am i&#8217;n parciau a&#8217;n mannau gwyrdd fod yn ddiogel, yn l\u00e2n ac yn bleserus i bawb. Os ydych chi&#8217;n sylwi ar broblem, rhowch wybod i ni amdani.[\/vc_column_text][vc_column_text] Rhoi gwybod am broblem mewn parc Rhoi gwybod am broblem gyda choeden Rhoi gwybod am faw c\u0175n Gallwch hefyd gysylltu \u00e2 ni yngl\u0177n \u00e2 pharciau, hawliau tramwy cyhoeddus neu Ysgol Farchogaeth Caerdydd. [\/vc_column_text][\/vc_column][\/vc_row][vc_row][vc_column width=&#8221;1\/1&#8243;][vc_single_image image=&#8221;4381&#8243; img_size=&#8221;large&#8221; alignment=&#8221;center&#8221; style=&#8221;vc_box_shadow_3d&#8221; css_animation=&#8221;fadeIn&#8221; css=&#8221;&#8221;][\/vc_column][\/vc_row]<\/p>\n","protected":false},"author":16,"featured_media":0,"parent":662,"menu_order":0,"comment_status":"closed","ping_status":"closed","template":"","meta":{"_acf_changed":false,"footnotes":""},"class_list":["post-9220","page","type-page","status-publish","hentry"],"acf":[],"yoast_head":"<!-- This site is optimized with the Yoast SEO plugin v27.3 - https:\/\/yoast.com\/product\/yoast-seo-wordpress\/ -->\n<title>Rhowch wybod - Outdoor Cardiff<\/title>\n<meta name=\"robots\" content=\"index, follow, max-snippet:-1, max-image-preview:large, max-video-preview:-1\" \/>\n<link rel=\"canonical\" href=\"https:\/\/www.outdoorcardiff.com\/cy\/cysylltu-a-ni\/rhowch-wybod\/\" \/>\n<meta property=\"og:locale\" content=\"en_US\" \/>\n<meta property=\"og:type\" content=\"article\" \/>\n<meta property=\"og:title\" content=\"Rhowch wybod - Outdoor Cardiff\" \/>\n<meta property=\"og:description\" content=\"[vc_row][vc_column width=&#8221;1\/1&#8243;][vc_column_text]Rydyn ni am i&#8217;n parciau a&#8217;n mannau gwyrdd fod yn ddiogel, yn l\u00e2n ac yn bleserus i bawb. Os ydych chi&#8217;n sylwi ar broblem, rhowch wybod i ni amdani.[\/vc_column_text][vc_column_text] Rhoi gwybod am broblem mewn parc Rhoi gwybod am broblem gyda choeden Rhoi gwybod am faw c\u0175n Gallwch hefyd gysylltu \u00e2 ni yngl\u0177n \u00e2 pharciau, hawliau tramwy cyhoeddus neu Ysgol Farchogaeth Caerdydd. [\/vc_column_text][\/vc_column][\/vc_row][vc_row][vc_column width=&#8221;1\/1&#8243;][vc_single_image image=&#8221;4381&#8243; img_size=&#8221;large&#8221; alignment=&#8221;center&#8221; style=&#8221;vc_box_shadow_3d&#8221; css_animation=&#8221;fadeIn&#8221; css=&#8221;&#8221;][\/vc_column][\/vc_row]\" \/>\n<meta property=\"og:url\" content=\"https:\/\/www.outdoorcardiff.com\/cy\/cysylltu-a-ni\/rhowch-wybod\/\" \/>\n<meta property=\"og:site_name\" content=\"Outdoor Cardiff\" \/>\n<meta property=\"article:modified_time\" content=\"2025-12-04T12:26:17+00:00\" \/>\n<meta property=\"og:image\" content=\"https:\/\/www.outdoorcardiff.com\/wp-content\/uploads\/2016\/04\/OutdoorLogo.jpg\" \/>\n\t<meta property=\"og:image:width\" content=\"430\" \/>\n\t<meta property=\"og:image:height\" content=\"95\" \/>\n\t<meta property=\"og:image:type\" content=\"image\/jpeg\" \/>\n<meta name=\"twitter:card\" content=\"summary_large_image\" \/>\n<meta name=\"twitter:label1\" content=\"Est. reading time\" \/>\n\t<meta name=\"twitter:data1\" content=\"1 minute\" \/>\n<script type=\"application\/ld+json\" class=\"yoast-schema-graph\">{\"@context\":\"https:\\\/\\\/schema.org\",\"@graph\":[{\"@type\":\"WebPage\",\"@id\":\"https:\\\/\\\/www.outdoorcardiff.com\\\/cy\\\/cysylltu-a-ni\\\/rhowch-wybod\\\/\",\"url\":\"https:\\\/\\\/www.outdoorcardiff.com\\\/cy\\\/cysylltu-a-ni\\\/rhowch-wybod\\\/\",\"name\":\"Rhowch wybod - Outdoor Cardiff\",\"isPartOf\":{\"@id\":\"https:\\\/\\\/www.outdoorcardiff.com\\\/cy\\\/#website\"},\"datePublished\":\"2025-12-04T12:21:07+00:00\",\"dateModified\":\"2025-12-04T12:26:17+00:00\",\"breadcrumb\":{\"@id\":\"https:\\\/\\\/www.outdoorcardiff.com\\\/cy\\\/cysylltu-a-ni\\\/rhowch-wybod\\\/#breadcrumb\"},\"inLanguage\":\"cy\",\"potentialAction\":[{\"@type\":\"ReadAction\",\"target\":[\"https:\\\/\\\/www.outdoorcardiff.com\\\/cy\\\/cysylltu-a-ni\\\/rhowch-wybod\\\/\"]}]},{\"@type\":\"BreadcrumbList\",\"@id\":\"https:\\\/\\\/www.outdoorcardiff.com\\\/cy\\\/cysylltu-a-ni\\\/rhowch-wybod\\\/#breadcrumb\",\"itemListElement\":[{\"@type\":\"ListItem\",\"position\":1,\"name\":\"Hafan\",\"item\":\"https:\\\/\\\/www.outdoorcardiff.com\\\/cy\\\/croeso-i-awyr-agored-caerdydd-2\\\/\"},{\"@type\":\"ListItem\",\"position\":2,\"name\":\"Cysylltu \u00e2 ni\",\"item\":\"https:\\\/\\\/www.outdoorcardiff.com\\\/cy\\\/cysylltu-a-ni\\\/\"},{\"@type\":\"ListItem\",\"position\":3,\"name\":\"Rhowch wybod\"}]},{\"@type\":\"WebSite\",\"@id\":\"https:\\\/\\\/www.outdoorcardiff.com\\\/cy\\\/#website\",\"url\":\"https:\\\/\\\/www.outdoorcardiff.com\\\/cy\\\/\",\"name\":\"Outdoor Cardiff\",\"description\":\"Explore Cardiff&#039;s trails\",\"potentialAction\":[{\"@type\":\"SearchAction\",\"target\":{\"@type\":\"EntryPoint\",\"urlTemplate\":\"https:\\\/\\\/www.outdoorcardiff.com\\\/cy\\\/?s={search_term_string}\"},\"query-input\":{\"@type\":\"PropertyValueSpecification\",\"valueRequired\":true,\"valueName\":\"search_term_string\"}}],\"inLanguage\":\"cy\"}]}<\/script>\n<!-- \/ Yoast SEO plugin. -->","yoast_head_json":{"title":"Rhowch wybod - Outdoor Cardiff","robots":{"index":"index","follow":"follow","max-snippet":"max-snippet:-1","max-image-preview":"max-image-preview:large","max-video-preview":"max-video-preview:-1"},"canonical":"https:\/\/www.outdoorcardiff.com\/cy\/cysylltu-a-ni\/rhowch-wybod\/","og_locale":"en_US","og_type":"article","og_title":"Rhowch wybod - Outdoor Cardiff","og_description":"[vc_row][vc_column width=&#8221;1\/1&#8243;][vc_column_text]Rydyn ni am i&#8217;n parciau a&#8217;n mannau gwyrdd fod yn ddiogel, yn l\u00e2n ac yn bleserus i bawb. Os ydych chi&#8217;n sylwi ar broblem, rhowch wybod i ni amdani.[\/vc_column_text][vc_column_text] Rhoi gwybod am broblem mewn parc Rhoi gwybod am broblem gyda choeden Rhoi gwybod am faw c\u0175n Gallwch hefyd gysylltu \u00e2 ni yngl\u0177n \u00e2 pharciau, hawliau tramwy cyhoeddus neu Ysgol Farchogaeth Caerdydd. [\/vc_column_text][\/vc_column][\/vc_row][vc_row][vc_column width=&#8221;1\/1&#8243;][vc_single_image image=&#8221;4381&#8243; img_size=&#8221;large&#8221; alignment=&#8221;center&#8221; style=&#8221;vc_box_shadow_3d&#8221; css_animation=&#8221;fadeIn&#8221; css=&#8221;&#8221;][\/vc_column][\/vc_row]","og_url":"https:\/\/www.outdoorcardiff.com\/cy\/cysylltu-a-ni\/rhowch-wybod\/","og_site_name":"Outdoor Cardiff","article_modified_time":"2025-12-04T12:26:17+00:00","og_image":[{"width":430,"height":95,"url":"https:\/\/www.outdoorcardiff.com\/wp-content\/uploads\/2016\/04\/OutdoorLogo.jpg","type":"image\/jpeg"}],"twitter_card":"summary_large_image","twitter_misc":{"Est. reading time":"1 minute"},"schema":{"@context":"https:\/\/schema.org","@graph":[{"@type":"WebPage","@id":"https:\/\/www.outdoorcardiff.com\/cy\/cysylltu-a-ni\/rhowch-wybod\/","url":"https:\/\/www.outdoorcardiff.com\/cy\/cysylltu-a-ni\/rhowch-wybod\/","name":"Rhowch wybod - Outdoor Cardiff","isPartOf":{"@id":"https:\/\/www.outdoorcardiff.com\/cy\/#website"},"datePublished":"2025-12-04T12:21:07+00:00","dateModified":"2025-12-04T12:26:17+00:00","breadcrumb":{"@id":"https:\/\/www.outdoorcardiff.com\/cy\/cysylltu-a-ni\/rhowch-wybod\/#breadcrumb"},"inLanguage":"cy","potentialAction":[{"@type":"ReadAction","target":["https:\/\/www.outdoorcardiff.com\/cy\/cysylltu-a-ni\/rhowch-wybod\/"]}]},{"@type":"BreadcrumbList","@id":"https:\/\/www.outdoorcardiff.com\/cy\/cysylltu-a-ni\/rhowch-wybod\/#breadcrumb","itemListElement":[{"@type":"ListItem","position":1,"name":"Hafan","item":"https:\/\/www.outdoorcardiff.com\/cy\/croeso-i-awyr-agored-caerdydd-2\/"},{"@type":"ListItem","position":2,"name":"Cysylltu \u00e2 ni","item":"https:\/\/www.outdoorcardiff.com\/cy\/cysylltu-a-ni\/"},{"@type":"ListItem","position":3,"name":"Rhowch wybod"}]},{"@type":"WebSite","@id":"https:\/\/www.outdoorcardiff.com\/cy\/#website","url":"https:\/\/www.outdoorcardiff.com\/cy\/","name":"Outdoor Cardiff","description":"Explore Cardiff&#039;s trails","potentialAction":[{"@type":"SearchAction","target":{"@type":"EntryPoint","urlTemplate":"https:\/\/www.outdoorcardiff.com\/cy\/?s={search_term_string}"},"query-input":{"@type":"PropertyValueSpecification","valueRequired":true,"valueName":"search_term_string"}}],"inLanguage":"cy"}]}},"_links":{"self":[{"href":"https:\/\/www.outdoorcardiff.com\/cy\/wp-json\/wp\/v2\/pages\/9220","targetHints":{"allow":["GET"]}}],"collection":[{"href":"https:\/\/www.outdoorcardiff.com\/cy\/wp-json\/wp\/v2\/pages"}],"about":[{"href":"https:\/\/www.outdoorcardiff.com\/cy\/wp-json\/wp\/v2\/types\/page"}],"author":[{"embeddable":true,"href":"https:\/\/www.outdoorcardiff.com\/cy\/wp-json\/wp\/v2\/users\/16"}],"replies":[{"embeddable":true,"href":"https:\/\/www.outdoorcardiff.com\/cy\/wp-json\/wp\/v2\/comments?post=9220"}],"version-history":[{"count":7,"href":"https:\/\/www.outdoorcardiff.com\/cy\/wp-json\/wp\/v2\/pages\/9220\/revisions"}],"predecessor-version":[{"id":9231,"href":"https:\/\/www.outdoorcardiff.com\/cy\/wp-json\/wp\/v2\/pages\/9220\/revisions\/9231"}],"up":[{"embeddable":true,"href":"https:\/\/www.outdoorcardiff.com\/cy\/wp-json\/wp\/v2\/pages\/662"}],"wp:attachment":[{"href":"https:\/\/www.outdoorcardiff.com\/cy\/wp-json\/wp\/v2\/media?parent=9220"}],"curies":[{"name":"wp","href":"https:\/\/api.w.org\/{rel}","templated":true}]}}