{"id":8807,"date":"2025-02-27T13:14:30","date_gmt":"2025-02-27T13:14:30","guid":{"rendered":"https:\/\/www.outdoorcardiff.com\/?page_id=8807"},"modified":"2025-05-30T09:44:03","modified_gmt":"2025-05-30T09:44:03","slug":"datganiad-hygyrchedd","status":"publish","type":"page","link":"https:\/\/www.outdoorcardiff.com\/cy\/datganiad-hygyrchedd\/","title":{"rendered":"Datganiad hygyrchedd"},"content":{"rendered":"<div class=\"wpb-content-wrapper\"><p>[vc_row][vc_column][vc_column_text css=&#8221;&#8221;]Mae\u2019r datganiad hygyrchedd hwn yn berthnasol i wefan Awyr Agored Caerdydd.<\/p>\n<p>Cynhelir y wefan hon gan Gyngor Caerdydd. Rydym am i gynifer o bobl \u00e2 phosibl allu defnyddio\u2019r wefan hon.\u00a0 Er enghraifft, mae hynny\u2019n golygu y dylech allu:<\/p>\n<ul>\n<li>newid lliwiau, lefelau cyferbyniad a ffontiau gan ddefnyddio gosodiadau porwr neu ddyfais,<\/li>\n<li>chwyddo hyd at 400% heb i\u2019r testun fynd oddi ar y sgrin<\/li>\n<li>llywio\u2019r wefan gan ddefnyddio bysellfwrdd neu feddalwedd adnabod lleferydd, a<\/li>\n<li>gwrando ar y rhan fwyaf o\u2019r wefan gan ddefnyddio darllenydd sgrin (gan gynnwys y fersiynau mwyaf diweddar o JAWS, NVDA a VoiceOver)<\/li>\n<\/ul>\n<p>Rydym hefyd wedi gwneud y testun ar y wefan mor syml \u00e2 phosibl i\u2019w ddeall.<\/p>\n<p>Mae gan <a href=\"https:\/\/mcmw.abilitynet.org.uk\/\">AbilityNet<\/a>\u00a0gyngor ar wneud eich dyfais yn haws ei defnyddio os oes gennych anabledd.<\/p>\n<h2>Adborth a gwybodaeth gyswllt<\/h2>\n<p>Cysylltwch \u00e2 ni os ydych:<\/p>\n<ul>\n<li>yn dod o hyd i unrhyw broblemau nad ydynt wedi\u2019u rhestru ar y dudalen hon,<\/li>\n<li>yn credu nad ydym yn bodloni gofynion hygyrchedd, neu<\/li>\n<li>os oes angen gwybodaeth arnoch am y wefan hon mewn fformat gwahanol<\/li>\n<\/ul>\n<p>E-bost: <a href=\"mailto:parciau@caerdydd.gov.uk\">parciau@caerdydd.gov.uk<\/a><\/p>\n<p>Ff\u00f4n: <a href=\"tel:02920872087\">02920 872 087<\/a><\/p>\n<p>Byddwn yn ystyried eich cais ac yn cysylltu \u00e2 chi cyn gynted \u00e2 phosibl.<\/p>\n<h2>Gweithdrefn orfodi<\/h2>\n<p>Mae\u2019r Comisiwn Cydraddoldeb a Hawliau Dynol (EHRC) yn gyfrifol am orfodi Rheoliadau Hygyrchedd Cyrff Sector Cyhoeddus (Gwefannau a Rhaglenni Symudol) (Rhif 2) 2018 (y \u2018rheoliadau hygyrchedd\u2019). Os nad ydych yn fodlon ar sut rydym yn ymateb i\u2019ch cwyn, \u00a0<a href=\"https:\/\/www.equalityadvisoryservice.com\/\">cysylltwch \u00e2\u2019r Gwasanaeth Cynghori a Chefnogi Cydraddoldeb (EASS)<\/a>.<\/p>\n<h2>Gwybodaeth dechnegol am hygyrchedd y wefan hon<\/h2>\n<p>Mae Cyngor Caerdydd wedi ymrwymo i wneud ei wefan yn hygyrch, yn unol \u00e2 Rheoliadau Hygyrchedd Cyrff Sector Cyhoeddus (Gwefannau a Rhaglenni Symudol) (Rhif 2) 2018.<\/p>\n<h2>Statws cydymffurfio<\/h2>\n<p>Mae&#8217;r wefan hon yn cydymffurfio&#8217;n rhannol \u00e2 <a href=\"https:\/\/www.w3.org\/TR\/WCAG22\/\">Safon AA y Canllawiau Hygyrchedd Cynnwys Gwe fersiwn 2.2<\/a>, oherwydd y diffyg cydymffurfio a&#8217;r eithriadau a restrir isod.<\/p>\n<h2>Cynnwys nad yw&#8217;n hygyrch<\/h2>\n<table summary=\"Accessibility issues to address and current compliance with standards\">\n<caption>Nid yw\u2019r cynnwys a restrir isod yn hygyrch am y rhesymau canlynol.<\/caption>\n<thead>\n<tr>\n<th scope=\"col\">Rhifyn hygyrchedd<\/th>\n<th scope=\"col\">\u200bSafon WCAG\u200b<\/th>\n<th scope=\"col\">Cydymffurfiaeth gyfredol<\/th>\n<\/tr>\n<\/thead>\n<tbody>\n<tr>\n<td>Nodwch benawdau ar gyfer pob PDF<\/td>\n<td>WCAG 2.0 A 1.3.1<\/td>\n<td>10.95%<\/td>\n<\/tr>\n<tr>\n<td>Tagiwch yr holl PDFs<\/td>\n<td>WCAG 2.0 A 1.3.1<\/td>\n<td>25.55%<\/td>\n<\/tr>\n<tr>\n<td>Sicrhewch fod labeli rheoli ffurflenni<\/td>\n<td>WCAG 2.0 A 1.3.1<\/td>\n<td>25.94%<\/td>\n<\/tr>\n<tr>\n<td>Nodwch deitl ar gyfer pob ffr\u00e2m<\/td>\n<td>WCAG 2.0 A 2.4.1<\/td>\n<td>43.90%<\/td>\n<\/tr>\n<tr>\n<td>Sicrhewch fod ffeiliau PDF yn nodi iaith ddiofyn<\/td>\n<td>WCAG 2.0 A 3.1.1<\/td>\n<td>54.01%<\/td>\n<\/tr>\n<tr>\n<td>Ni ddylai delweddau \u00e2 thestun amgen gwag nodi teitlau<\/td>\n<td>WCAG 2.0 A 1.1.1<\/td>\n<td>61.09%<\/td>\n<\/tr>\n<tr>\n<td>Sicrhewch fod teitl ar ffeiliau PDF<\/td>\n<td>WCAG 2.0 A 2.4.2<\/td>\n<td>76.47%<\/td>\n<\/tr>\n<tr>\n<td>Ychwanegwch benawdau at dablau<\/td>\n<td>WCAG 2.0 A 1.3.1<\/td>\n<td>86.63%<\/td>\n<\/tr>\n<tr>\n<td>Nid yw rhai o\u2019n rhestrau wedi\u2019u hysgrifennu\u2019n semantig fel rhestr<\/td>\n<td>WCAG 2.0 A 1.3.1<\/td>\n<td>91.86%<\/td>\n<\/tr>\n<tr>\n<td>Dylid osgoi defnyddio\u2019r un testun dolen ar gyfer gwahanol gyrchfannau<\/td>\n<td>WCAG 2.0 A 2.4.4<\/td>\n<td>93.42%<\/td>\n<\/tr>\n<tr>\n<td>Sicrhewch fod penawdau ffeiliau PDF yn dilyn trefn resymegol<\/td>\n<td>WCAG 2.0 A 1.3.1<\/td>\n<td>94.16%<\/td>\n<\/tr>\n<tr>\n<td>Sicrhewch fod y pennawd cyntaf mewn PDF yn H1<\/td>\n<td>WCAG 2.0 A 1.3.1<\/td>\n<td>95.62%<\/td>\n<\/tr>\n<tr>\n<td>Ychwanegwch allwedd ar gyfer pob set maes<\/td>\n<td>WCAG 2.0 A 1.3.1<\/td>\n<td>96.80%<\/td>\n<\/tr>\n<tr>\n<td>Sicrhewch fod labeli yn y rhan o\u2019r ddogfen yn pwyntio at wybodaeth adnabod ddilys<\/td>\n<td>WCAG 2.0 A 1.3.1<\/td>\n<td>96.80%<\/td>\n<\/tr>\n<tr>\n<td>Sicrhewch y gall darllenwyr sgrin ddefnyddio dolenni<\/td>\n<td>WCAG 2.0 A 4.1.2<\/td>\n<td>97.34%<\/td>\n<\/tr>\n<tr>\n<td>Mae gan ran o strwythur ein gwefan ID dyblyg<\/td>\n<td>WCAG 2.0 A 4.1.1<\/td>\n<td>97.38%<\/td>\n<\/tr>\n<tr>\n<td>Gwellwch deitlau PDF gwan<\/td>\n<td>WCAG 2.0 A 2.4.2<\/td>\n<td>98.54%<\/td>\n<\/tr>\n<tr>\n<td>Ychwanegwch gwmpas i benawdau\u2019r tabl<\/td>\n<td>WCAG 2.0 A 1.3.1<\/td>\n<td>98.89%<\/td>\n<\/tr>\n<tr>\n<td>Sicrhewch fod ffeiliau PDF yn ddarllenadwy gan beiriant<\/td>\n<td>WCAG 2.0 A 1.1.1<\/td>\n<td>99.26%<\/td>\n<\/tr>\n<tr>\n<td>Sicrhewch fod capsiynau yn cael eu darparu ar gyfer pob darn o sain a fideo wedi&#8217;i recordio ymlaen llaw<\/td>\n<td>WCAG 2.0 A 1.2.2<\/td>\n<td>99.61%<\/td>\n<\/tr>\n<tr>\n<td>Sicrhewch fod penawdau&#8217;n cynnwys testun<\/td>\n<td>WCAG 2.0 A 1.3.1<\/td>\n<td>99.81%<\/td>\n<\/tr>\n<tr>\n<td>Sicrhewch fod rheolaethau\u2019n newid ymddangosiad wrth gael eu dewis<\/td>\n<td>WCAG 2.0 AA 2.4.7<\/td>\n<td>67.97%<\/td>\n<\/tr>\n<tr>\n<td>Sicrhewch fod dogfennau PDF hir yn defnyddio nodau tudalen i gynorthwyo llywio<\/td>\n<td>WCAG 2.0 AA 2.4.5<\/td>\n<td>91.97%<\/td>\n<\/tr>\n<\/tbody>\n<\/table>\n<h3><\/h3>\n<h3>Cynnwys nad yw o fewn cwmpas y rheoliadau hygyrchedd<\/h3>\n<h4><strong>Dogfennau PDF a rhai eraill<\/strong><\/h4>\n<p>Nid yw&#8217;r rheoliadau hygyrchedd yn ei gwneud yn ofynnol i ni unioni dogfennau PDF na dogfennau eraill a gyhoeddwyd cyn 23 Medi 2018 os nad ydynt yn hanfodol i ddarparu ein gwasanaethau neu os byddai\u2019n arwain at faich anghymesur. Er enghraifft, dyluniwyd y rhan fwyaf o fapiau\u2019r llwybrau a&#8217;n hadnoddau addysgol i&#8217;w hargraffu cyn 2018 ac nid yw&#8217;n gost-effeithiol atgynhyrchu&#8217;r rhain mewn fformat hygyrch oherwydd maint y ffeiliau a&#8217;r amser fydd ei angen i ddod o hyd i&#8217;r gwaith celf a&#8217;r delweddau gwreiddiol.<\/p>\n<h2>Beth rydyn ni\u2019n ei wneud i wella hygyrchedd<\/h2>\n<p>Rydym yn rhoi cymorth a hyfforddiant i\u2019r rhai sy\u2019n gweinyddu\u2019r wefan, er mwyn sicrhau bod safonau\u2019n cael eu cadw wrth ddiweddaru\u2019r wefan. Byddwn yn adolygu\u2019r wefan o bryd i\u2019w gilydd.<\/p>\n<h2>Paratoi\u2019r datganiad hygyrchedd hwn<\/h2>\n<p>Paratowyd y datganiad hwn ar 1 Chwefror 2025.<\/p>\n<p>Fe\u2019i hadolygwyd ddiwethaf ar 26 Chwefror 2025.<\/p>\n<p>Profwyd y wefan hon ddiwethaf ar 26 Chwefror 2025 gan <a href=\"https:\/\/silktide.com\/solutions\/accessibility\/\">Silktide<\/a> gyda gwiriadau llaw ychwanegol a gyflawnir gan ein t\u00eem gwefan.<\/p>\n<p>Diweddarwyd y datganiad hwn ddiwethaf ar 28 Chwefror 2025.[\/vc_column_text][\/vc_column][\/vc_row]<\/p>\n<\/div>","protected":false},"excerpt":{"rendered":"<p>[vc_row][vc_column][vc_column_text css=&#8221;&#8221;]Mae\u2019r datganiad hygyrchedd hwn yn berthnasol i wefan Awyr Agored Caerdydd. Cynhelir y wefan hon gan Gyngor Caerdydd. Rydym am i gynifer o bobl \u00e2 phosibl allu defnyddio\u2019r wefan hon.\u00a0 Er enghraifft, mae hynny\u2019n golygu y dylech allu: newid lliwiau, lefelau cyferbyniad a ffontiau gan ddefnyddio gosodiadau porwr neu ddyfais, chwyddo hyd at 400% heb i\u2019r testun fynd oddi ar y sgrin llywio\u2019r wefan gan ddefnyddio bysellfwrdd neu feddalwedd adnabod lleferydd, a gwrando ar y rhan fwyaf o\u2019r wefan gan ddefnyddio darllenydd sgrin (gan gynnwys y fersiynau mwyaf diweddar o JAWS, NVDA a VoiceOver) Rydym hefyd wedi gwneud y testun ar y wefan mor syml \u00e2 phosibl i\u2019w ddeall. Mae gan AbilityNet\u00a0gyngor ar wneud eich dyfais yn haws ei defnyddio os oes gennych anabledd. Adborth a gwybodaeth gyswllt Cysylltwch \u00e2 ni os ydych: yn dod o hyd i unrhyw broblemau nad ydynt wedi\u2019u rhestru ar y dudalen hon, yn credu nad ydym yn bodloni gofynion hygyrchedd, neu os oes angen gwybodaeth arnoch am y wefan hon mewn fformat gwahanol E-bost: parciau@caerdydd.gov.uk Ff\u00f4n: 02920 872 087 Byddwn yn ystyried eich cais ac yn cysylltu \u00e2 chi cyn gynted \u00e2 phosibl. Gweithdrefn orfodi Mae\u2019r Comisiwn Cydraddoldeb a Hawliau Dynol (EHRC) yn [&hellip;]<\/p>\n","protected":false},"author":16,"featured_media":0,"parent":0,"menu_order":0,"comment_status":"closed","ping_status":"closed","template":"","meta":{"_acf_changed":false,"footnotes":""},"class_list":["post-8807","page","type-page","status-publish","hentry"],"acf":[],"yoast_head":"<!-- This site is optimized with the Yoast SEO plugin v27.3 - https:\/\/yoast.com\/product\/yoast-seo-wordpress\/ -->\n<title>Datganiad hygyrchedd - Outdoor Cardiff<\/title>\n<meta name=\"robots\" content=\"index, follow, max-snippet:-1, max-image-preview:large, max-video-preview:-1\" \/>\n<link rel=\"canonical\" href=\"https:\/\/www.outdoorcardiff.com\/cy\/datganiad-hygyrchedd\/\" \/>\n<meta property=\"og:locale\" content=\"en_US\" \/>\n<meta property=\"og:type\" content=\"article\" \/>\n<meta property=\"og:title\" content=\"Datganiad hygyrchedd - Outdoor Cardiff\" \/>\n<meta property=\"og:description\" content=\"[vc_row][vc_column][vc_column_text css=&#8221;&#8221;]Mae\u2019r datganiad hygyrchedd hwn yn berthnasol i wefan Awyr Agored Caerdydd. Cynhelir y wefan hon gan Gyngor Caerdydd. Rydym am i gynifer o bobl \u00e2 phosibl allu defnyddio\u2019r wefan hon.\u00a0 Er enghraifft, mae hynny\u2019n golygu y dylech allu: newid lliwiau, lefelau cyferbyniad a ffontiau gan ddefnyddio gosodiadau porwr neu ddyfais, chwyddo hyd at 400% heb i\u2019r testun fynd oddi ar y sgrin llywio\u2019r wefan gan ddefnyddio bysellfwrdd neu feddalwedd adnabod lleferydd, a gwrando ar y rhan fwyaf o\u2019r wefan gan ddefnyddio darllenydd sgrin (gan gynnwys y fersiynau mwyaf diweddar o JAWS, NVDA a VoiceOver) Rydym hefyd wedi gwneud y testun ar y wefan mor syml \u00e2 phosibl i\u2019w ddeall. Mae gan AbilityNet\u00a0gyngor ar wneud eich dyfais yn haws ei defnyddio os oes gennych anabledd. Adborth a gwybodaeth gyswllt Cysylltwch \u00e2 ni os ydych: yn dod o hyd i unrhyw broblemau nad ydynt wedi\u2019u rhestru ar y dudalen hon, yn credu nad ydym yn bodloni gofynion hygyrchedd, neu os oes angen gwybodaeth arnoch am y wefan hon mewn fformat gwahanol E-bost: parciau@caerdydd.gov.uk Ff\u00f4n: 02920 872 087 Byddwn yn ystyried eich cais ac yn cysylltu \u00e2 chi cyn gynted \u00e2 phosibl. Gweithdrefn orfodi Mae\u2019r Comisiwn Cydraddoldeb a Hawliau Dynol (EHRC) yn [&hellip;]\" \/>\n<meta property=\"og:url\" content=\"https:\/\/www.outdoorcardiff.com\/cy\/datganiad-hygyrchedd\/\" \/>\n<meta property=\"og:site_name\" content=\"Outdoor Cardiff\" \/>\n<meta property=\"article:modified_time\" content=\"2025-05-30T09:44:03+00:00\" \/>\n<meta property=\"og:image\" content=\"https:\/\/www.outdoorcardiff.com\/wp-content\/uploads\/2016\/04\/OutdoorLogo.jpg\" \/>\n\t<meta property=\"og:image:width\" content=\"430\" \/>\n\t<meta property=\"og:image:height\" content=\"95\" \/>\n\t<meta property=\"og:image:type\" content=\"image\/jpeg\" \/>\n<meta name=\"twitter:card\" content=\"summary_large_image\" \/>\n<meta name=\"twitter:label1\" content=\"Est. reading time\" \/>\n\t<meta name=\"twitter:data1\" content=\"4 minutes\" \/>\n<script type=\"application\/ld+json\" class=\"yoast-schema-graph\">{\"@context\":\"https:\\\/\\\/schema.org\",\"@graph\":[{\"@type\":\"WebPage\",\"@id\":\"https:\\\/\\\/www.outdoorcardiff.com\\\/cy\\\/datganiad-hygyrchedd\\\/\",\"url\":\"https:\\\/\\\/www.outdoorcardiff.com\\\/cy\\\/datganiad-hygyrchedd\\\/\",\"name\":\"Datganiad hygyrchedd - Outdoor Cardiff\",\"isPartOf\":{\"@id\":\"https:\\\/\\\/www.outdoorcardiff.com\\\/cy\\\/#website\"},\"datePublished\":\"2025-02-27T13:14:30+00:00\",\"dateModified\":\"2025-05-30T09:44:03+00:00\",\"breadcrumb\":{\"@id\":\"https:\\\/\\\/www.outdoorcardiff.com\\\/cy\\\/datganiad-hygyrchedd\\\/#breadcrumb\"},\"inLanguage\":\"cy\",\"potentialAction\":[{\"@type\":\"ReadAction\",\"target\":[\"https:\\\/\\\/www.outdoorcardiff.com\\\/cy\\\/datganiad-hygyrchedd\\\/\"]}]},{\"@type\":\"BreadcrumbList\",\"@id\":\"https:\\\/\\\/www.outdoorcardiff.com\\\/cy\\\/datganiad-hygyrchedd\\\/#breadcrumb\",\"itemListElement\":[{\"@type\":\"ListItem\",\"position\":1,\"name\":\"Hafan\",\"item\":\"https:\\\/\\\/www.outdoorcardiff.com\\\/cy\\\/croeso-i-awyr-agored-caerdydd-2\\\/\"},{\"@type\":\"ListItem\",\"position\":2,\"name\":\"Datganiad hygyrchedd\"}]},{\"@type\":\"WebSite\",\"@id\":\"https:\\\/\\\/www.outdoorcardiff.com\\\/cy\\\/#website\",\"url\":\"https:\\\/\\\/www.outdoorcardiff.com\\\/cy\\\/\",\"name\":\"Outdoor Cardiff\",\"description\":\"Explore Cardiff&#039;s trails\",\"potentialAction\":[{\"@type\":\"SearchAction\",\"target\":{\"@type\":\"EntryPoint\",\"urlTemplate\":\"https:\\\/\\\/www.outdoorcardiff.com\\\/cy\\\/?s={search_term_string}\"},\"query-input\":{\"@type\":\"PropertyValueSpecification\",\"valueRequired\":true,\"valueName\":\"search_term_string\"}}],\"inLanguage\":\"cy\"}]}<\/script>\n<!-- \/ Yoast SEO plugin. -->","yoast_head_json":{"title":"Datganiad hygyrchedd - Outdoor Cardiff","robots":{"index":"index","follow":"follow","max-snippet":"max-snippet:-1","max-image-preview":"max-image-preview:large","max-video-preview":"max-video-preview:-1"},"canonical":"https:\/\/www.outdoorcardiff.com\/cy\/datganiad-hygyrchedd\/","og_locale":"en_US","og_type":"article","og_title":"Datganiad hygyrchedd - Outdoor Cardiff","og_description":"[vc_row][vc_column][vc_column_text css=&#8221;&#8221;]Mae\u2019r datganiad hygyrchedd hwn yn berthnasol i wefan Awyr Agored Caerdydd. Cynhelir y wefan hon gan Gyngor Caerdydd. Rydym am i gynifer o bobl \u00e2 phosibl allu defnyddio\u2019r wefan hon.\u00a0 Er enghraifft, mae hynny\u2019n golygu y dylech allu: newid lliwiau, lefelau cyferbyniad a ffontiau gan ddefnyddio gosodiadau porwr neu ddyfais, chwyddo hyd at 400% heb i\u2019r testun fynd oddi ar y sgrin llywio\u2019r wefan gan ddefnyddio bysellfwrdd neu feddalwedd adnabod lleferydd, a gwrando ar y rhan fwyaf o\u2019r wefan gan ddefnyddio darllenydd sgrin (gan gynnwys y fersiynau mwyaf diweddar o JAWS, NVDA a VoiceOver) Rydym hefyd wedi gwneud y testun ar y wefan mor syml \u00e2 phosibl i\u2019w ddeall. Mae gan AbilityNet\u00a0gyngor ar wneud eich dyfais yn haws ei defnyddio os oes gennych anabledd. Adborth a gwybodaeth gyswllt Cysylltwch \u00e2 ni os ydych: yn dod o hyd i unrhyw broblemau nad ydynt wedi\u2019u rhestru ar y dudalen hon, yn credu nad ydym yn bodloni gofynion hygyrchedd, neu os oes angen gwybodaeth arnoch am y wefan hon mewn fformat gwahanol E-bost: parciau@caerdydd.gov.uk Ff\u00f4n: 02920 872 087 Byddwn yn ystyried eich cais ac yn cysylltu \u00e2 chi cyn gynted \u00e2 phosibl. Gweithdrefn orfodi Mae\u2019r Comisiwn Cydraddoldeb a Hawliau Dynol (EHRC) yn [&hellip;]","og_url":"https:\/\/www.outdoorcardiff.com\/cy\/datganiad-hygyrchedd\/","og_site_name":"Outdoor Cardiff","article_modified_time":"2025-05-30T09:44:03+00:00","og_image":[{"width":430,"height":95,"url":"https:\/\/www.outdoorcardiff.com\/wp-content\/uploads\/2016\/04\/OutdoorLogo.jpg","type":"image\/jpeg"}],"twitter_card":"summary_large_image","twitter_misc":{"Est. reading time":"4 minutes"},"schema":{"@context":"https:\/\/schema.org","@graph":[{"@type":"WebPage","@id":"https:\/\/www.outdoorcardiff.com\/cy\/datganiad-hygyrchedd\/","url":"https:\/\/www.outdoorcardiff.com\/cy\/datganiad-hygyrchedd\/","name":"Datganiad hygyrchedd - Outdoor Cardiff","isPartOf":{"@id":"https:\/\/www.outdoorcardiff.com\/cy\/#website"},"datePublished":"2025-02-27T13:14:30+00:00","dateModified":"2025-05-30T09:44:03+00:00","breadcrumb":{"@id":"https:\/\/www.outdoorcardiff.com\/cy\/datganiad-hygyrchedd\/#breadcrumb"},"inLanguage":"cy","potentialAction":[{"@type":"ReadAction","target":["https:\/\/www.outdoorcardiff.com\/cy\/datganiad-hygyrchedd\/"]}]},{"@type":"BreadcrumbList","@id":"https:\/\/www.outdoorcardiff.com\/cy\/datganiad-hygyrchedd\/#breadcrumb","itemListElement":[{"@type":"ListItem","position":1,"name":"Hafan","item":"https:\/\/www.outdoorcardiff.com\/cy\/croeso-i-awyr-agored-caerdydd-2\/"},{"@type":"ListItem","position":2,"name":"Datganiad hygyrchedd"}]},{"@type":"WebSite","@id":"https:\/\/www.outdoorcardiff.com\/cy\/#website","url":"https:\/\/www.outdoorcardiff.com\/cy\/","name":"Outdoor Cardiff","description":"Explore Cardiff&#039;s trails","potentialAction":[{"@type":"SearchAction","target":{"@type":"EntryPoint","urlTemplate":"https:\/\/www.outdoorcardiff.com\/cy\/?s={search_term_string}"},"query-input":{"@type":"PropertyValueSpecification","valueRequired":true,"valueName":"search_term_string"}}],"inLanguage":"cy"}]}},"_links":{"self":[{"href":"https:\/\/www.outdoorcardiff.com\/cy\/wp-json\/wp\/v2\/pages\/8807","targetHints":{"allow":["GET"]}}],"collection":[{"href":"https:\/\/www.outdoorcardiff.com\/cy\/wp-json\/wp\/v2\/pages"}],"about":[{"href":"https:\/\/www.outdoorcardiff.com\/cy\/wp-json\/wp\/v2\/types\/page"}],"author":[{"embeddable":true,"href":"https:\/\/www.outdoorcardiff.com\/cy\/wp-json\/wp\/v2\/users\/16"}],"replies":[{"embeddable":true,"href":"https:\/\/www.outdoorcardiff.com\/cy\/wp-json\/wp\/v2\/comments?post=8807"}],"version-history":[{"count":5,"href":"https:\/\/www.outdoorcardiff.com\/cy\/wp-json\/wp\/v2\/pages\/8807\/revisions"}],"predecessor-version":[{"id":8820,"href":"https:\/\/www.outdoorcardiff.com\/cy\/wp-json\/wp\/v2\/pages\/8807\/revisions\/8820"}],"wp:attachment":[{"href":"https:\/\/www.outdoorcardiff.com\/cy\/wp-json\/wp\/v2\/media?parent=8807"}],"curies":[{"name":"wp","href":"https:\/\/api.w.org\/{rel}","templated":true}]}}