{"id":826,"date":"2016-08-18T13:58:27","date_gmt":"2016-08-18T13:58:27","guid":{"rendered":"http:\/\/outdoor.cardiffcouncilwebteam.co.uk\/?page_id=826&#038;lang=cy"},"modified":"2024-08-02T14:33:23","modified_gmt":"2024-08-02T14:33:23","slug":"bioamrywiaeth","status":"publish","type":"page","link":"https:\/\/www.outdoorcardiff.com\/cy\/bioamrywiaeth\/","title":{"rendered":"Bywyd Gwyllt a Bioamrywiaeth"},"content":{"rendered":"<div class=\"wpb-content-wrapper\"><p>[vc_row bg_image=&#8221;747&#8243; parallax_bg=&#8221;true&#8221; bg_color=&#8221;#7e187a&#8221; section_arrow=&#8221;false&#8221; text_color=&#8221;light&#8221; top_padding=&#8221;35&#8243; bottom_padding=&#8221;35&#8243; row_id=&#8221;purpleborder&#8221;][vc_column animation=&#8221;fade-in-from-left&#8221; width=&#8221;2\/4&#8243;][vc_column_text]Bioamrywiaeth \u2013 neu amrywiaeth fiolegol \u2013 yw\u2019r amrywiaeth o fywyd ar y Ddaear. Mae\u2019n cynnwys yr holl blanhigion, anifeiliaid a chynefinoedd rydym yn eu gweld o\u2019n cwmpas, ac mae\u2019n golygu yr un peth \u00e2 \u2018natur\u2019 neu \u2018fywyd gwyllt\u2019.<\/p>\n<p>Mae gan Gaerdydd lawer o blanhigion, anifeiliaid a chynefinoedd. Er mwyn dysgu am fioamrywiaeth yn y Ddinas, gweler ein <a href=\"\/wp-content\/uploads\/Poster-rhyngweithiol-Bioamrywiaeth-yng-Nghaerdydd.pdf\" target=\"\" rel=\"noopener noreferrer\">poster rhyngweithiol Bioamrywiaeth yng Nghaerdydd &#8211; 4.09mb<\/a>.<\/p>\n<p>Fel arall, edrychwch ar ein <a href=\"\/wp-content\/uploads\/Biodiversity-Booklet.pdf\" target=\"\" rel=\"noopener noreferrer\">llyfryn Bioamrywiaeth yng Nghaerdydd &#8211; <i class=\"fa fa-file-pdf-o\"><\/i> 5.3mb<\/a>, neu <a href=\"mailto:Biodiversity.Team@cardiff.gov.uk\">cysylltwch ag Ecolegydd y Sir<\/a> i gael copi caled.[\/vc_column_text][\/vc_column][vc_column width=&#8221;1\/4&#8243;]<div class=\"single_image wpb_content_element align-center  animate image_box_shadow image_zoom \" data-animation=\"fade-in-from-left\" data-delay=\"0\"><img loading=\"lazy\" decoding=\"async\" width=\"211\" height=\"300\" src=\"https:\/\/www.outdoorcardiff.com\/wp-content\/uploads\/Biodiversity-Booklet-1-211x300.jpg\" class=\"attachment-medium\" alt=\"\" title=\"Biodiversity-Booklet-1\" srcset=\"https:\/\/www.outdoorcardiff.com\/wp-content\/uploads\/Biodiversity-Booklet-1-211x300.jpg 211w, https:\/\/www.outdoorcardiff.com\/wp-content\/uploads\/Biodiversity-Booklet-1.jpg 300w\" sizes=\"auto, (max-width: 211px) 100vw, 211px\" \/><\/div>[vc_column_text]<\/p>\n<p style=\"text-align: center;\"><a href=\"\/wp-content\/uploads\/Biodiversity-Booklet.pdf\" target=\"\" rel=\"noopener noreferrer\">Llyfryn Bioamrywiaeth yng Nghaerdydd &#8211; <i class=\"fa fa-file-pdf-o\"><\/i> 5.3mb<\/a><\/p>\n<p>[\/vc_column_text][\/vc_column][vc_column animation=&#8221;fade-in-from-bottom&#8221; width=&#8221;1\/4&#8243;]<div class=\"single_image wpb_content_element align-center  animate image_box_shadow image_zoom \" data-animation=\"fade-in-from-right\" data-delay=\"0\"><img loading=\"lazy\" decoding=\"async\" width=\"211\" height=\"300\" src=\"https:\/\/www.outdoorcardiff.com\/wp-content\/uploads\/Biodiversity-Poster-1-cym-211x300.jpg\" class=\"attachment-medium\" alt=\"\" title=\"Poster rhyngweithiol Bioamrywiaeth yng Nghaerdydd\" srcset=\"https:\/\/www.outdoorcardiff.com\/wp-content\/uploads\/Biodiversity-Poster-1-cym-211x300.jpg 211w, https:\/\/www.outdoorcardiff.com\/wp-content\/uploads\/Biodiversity-Poster-1-cym.jpg 300w\" sizes=\"auto, (max-width: 211px) 100vw, 211px\" \/><\/div>[vc_column_text]<\/p>\n<p style=\"text-align: center;\"><a href=\"\/wp-content\/uploads\/Poster-rhyngweithiol-Bioamrywiaeth-yng-Nghaerdydd.pdf\" target=\"\" rel=\"noopener noreferrer\"> Poster rhyngweithiol Bioamrywiaeth yng Nghaerdydd &#8211; <i class=\"fa fa-file-pdf-o\"><\/i> 4.09mb<\/a><\/p>\n<p>[\/vc_column_text][\/vc_column][\/vc_row][vc_row][vc_column width=&#8221;1\/1&#8243;]<div class=\"spacer\" style=\"height: 40px;\"><\/div>[\/vc_column][\/vc_row][vc_row top_padding=&#8221;45&#8243; class=&#8221;animateline&#8221;][vc_column animation=&#8221;fade-in-from-right&#8221; width=&#8221;1\/1&#8243;]<div class=\"divider-title align-center\" >Pam mae Bioamrywiaeth yn bwysig<\/div>[vc_column_text]Mae bioamrywiaeth yn ffurfio blociau adeiladu amgylchedd naturiol iach.\u00a0 Yr amgylchedd hwn yw ein system cynnal bywyd ar y ddaear, ac mae\u2019n darparu bwyd, d\u0175r gl\u00e2n ac awyr gl\u00e2n i ni.<\/p>\n<p>Mae\u2019r rhain ymhlith y gwasanaethau mae\u2019r amgylchedd naturiol yn eu rhoi i ni.\u00a0 Gallwn ystyried bod y rhain a gwasanaethau eraill yn perthyn i bedwar math gwahanol:-<\/p>\n<p><strong>Cynnal \u2013 <\/strong>gan gynnwys cynhyrchu ocsigen, cylchredeg maetholion a ffurfio pridd sy\u2019n ategu\u2019r \u2018gwasanaethau\u2019 eraill<\/p>\n<p><strong>Rheoleiddio \u2013 <\/strong>gan gynnwys rheoleiddio\u2019r hinsawdd, amddiffyn yn erbyn llifogydd a phuro d\u0175r.<\/p>\n<p><strong>Darpariaeth \u2013 <\/strong>darparu bwyd, tanwydd, ffibr a d\u0175r i ni.<\/p>\n<p><strong>Gwasanaethau diwylliannol \u2013 <\/strong>ein mwynhad o fywyd gwyllt a chefn gwlad, addysg, hamdden, ysbrydoliaeth a harddwch naturiol.<\/p>\n<p>&nbsp;<\/p>\n<p>I ddysgu rhagor am yr hyn y mae bioamrywiaeth yn ei wneud i chi, edrychwch ar ein <a href=\"\/wp-content\/uploads\/Poster-Amrywiaeth-Bywyd-ar-y-Ddaear.pdf\" target=\"\" rel=\"noopener noreferrer\">poster Amrywiaeth Bywyd ar y Ddaear &#8211; <i class=\"fa fa-file-pdf-o\"><\/i> 2.8mb <\/a> rhyngweithiol.[\/vc_column_text]<div class=\"single_image wpb_content_element align-left    \" data-animation=\"none\" data-delay=\"0\"><img loading=\"lazy\" decoding=\"async\" width=\"1234\" height=\"16\" src=\"https:\/\/www.outdoorcardiff.com\/wp-content\/uploads\/Wildlife-divider.gif\" class=\"attachment-full\" alt=\"\" title=\"Wildlife-divider\" \/><\/div>[\/vc_column][\/vc_row][vc_row][vc_column width=&#8221;1\/1&#8243;]<div class=\"spacer\" style=\"height: 35px;\"><\/div>[\/vc_column][\/vc_row][vc_row type=&#8221;full_width_section&#8221; bg_image=&#8221;716&#8243; top_padding=&#8221;25&#8243; bottom_padding=&#8221;35&#8243;][vc_column animation=&#8221;fade-in-from-left&#8221; column_padding=&#8221;padding-4&#8243; text_color=&#8221;light&#8221; width=&#8221;2\/3&#8243;]<div class=\"divider-title align-center\" >Gwarchod Bioamrywiaeth Caerdydd<\/div>[vc_column_text]Mae Caerdydd yn cydnabod ei r\u00f4l o ran amddiffyn Bioamrywiaeth, trwy ei dyletswyddau a thrwy\u2019r broses Cynllun Gweithredu Bioamrywiaeth.<\/p>\n<p>Ar hyn o bryd, rydym yn gweithio tuag at ymagwedd Rheoli Adnoddau Naturiol fwy integredig a fydd yn cymryd lle y broses Cynllun Gweithredu Bioamrywiaeth leol.[\/vc_column_text][\/vc_column][vc_column text_color=&#8221;light&#8221; width=&#8221;1\/3&#8243;]<div class=\"single_image wpb_content_element align-center  animate image_box_shadow image_zoom \" data-animation=\"fade-in-from-right\" data-delay=\"0\"><img loading=\"lazy\" decoding=\"async\" width=\"212\" height=\"300\" src=\"https:\/\/www.outdoorcardiff.com\/wp-content\/uploads\/Cardiff-LBAP-2008-1-212x300.jpg\" class=\"attachment-medium\" alt=\"\" title=\"Cardiff-LBAP-2008-1\" srcset=\"https:\/\/www.outdoorcardiff.com\/wp-content\/uploads\/Cardiff-LBAP-2008-1-212x300.jpg 212w, https:\/\/www.outdoorcardiff.com\/wp-content\/uploads\/Cardiff-LBAP-2008-1.jpg 453w\" sizes=\"auto, (max-width: 212px) 100vw, 212px\" \/><\/div>[vc_column_text]<\/p>\n<p style=\"text-align: center;\"><a title=\"Lawrlwytho ein Cynllun Gweithredu Lleol\" href=\"\/wp-content\/uploads\/Cardiff-LBAP-2008.pdf\" target=\"\" rel=\"noopener noreferrer\">Lawrlwytho ein Cynllun Gweithredu Lleol &#8211; <i class=\"fa fa-file-pdf-o\"><\/i> 2.3mb<\/a><\/p>\n<p>[\/vc_column_text][\/vc_column][\/vc_row][vc_row type=&#8221;full_width_section&#8221; class=&#8221;imagerow&#8221;][vc_column width=&#8221;1\/6&#8243;]<div class=\"single_image wpb_content_element align-center  animate  image_zoom \" data-animation=\"fade-in\" data-delay=\"0\"><a href=\"https:\/\/www.outdoorcardiff.com\/wp-content\/uploads\/Common-sun-star-on-Flat-Holm.jpg\" class=\"prettyPhoto\" rel=\"prettyPhoto[image]\"><img loading=\"lazy\" decoding=\"async\" width=\"850\" height=\"638\" src=\"https:\/\/www.outdoorcardiff.com\/wp-content\/uploads\/Common-sun-star-on-Flat-Holm.jpg\" class=\"attachment-full\" alt=\"\" title=\"Common-sun-star-on-Flat-Holm\" srcset=\"https:\/\/www.outdoorcardiff.com\/wp-content\/uploads\/Common-sun-star-on-Flat-Holm.jpg 850w, https:\/\/www.outdoorcardiff.com\/wp-content\/uploads\/Common-sun-star-on-Flat-Holm-300x225.jpg 300w, https:\/\/www.outdoorcardiff.com\/wp-content\/uploads\/Common-sun-star-on-Flat-Holm-768x576.jpg 768w\" sizes=\"auto, (max-width: 850px) 100vw, 850px\" \/><\/a><\/div>[\/vc_column][vc_column width=&#8221;1\/6&#8243;]<div class=\"single_image wpb_content_element align-center  animate  image_zoom \" data-animation=\"fade-in\" data-delay=\"0\"><a href=\"https:\/\/www.outdoorcardiff.com\/wp-content\/uploads\/Grass-snake-Natrix-natrix.jpg\" class=\"prettyPhoto\" rel=\"prettyPhoto[image]\"><img loading=\"lazy\" decoding=\"async\" width=\"850\" height=\"638\" src=\"https:\/\/www.outdoorcardiff.com\/wp-content\/uploads\/Grass-snake-Natrix-natrix.jpg\" class=\"attachment-full\" alt=\"\" title=\"Grass-snake-Natrix-natrix\" srcset=\"https:\/\/www.outdoorcardiff.com\/wp-content\/uploads\/Grass-snake-Natrix-natrix.jpg 850w, https:\/\/www.outdoorcardiff.com\/wp-content\/uploads\/Grass-snake-Natrix-natrix-300x225.jpg 300w, https:\/\/www.outdoorcardiff.com\/wp-content\/uploads\/Grass-snake-Natrix-natrix-768x576.jpg 768w\" sizes=\"auto, (max-width: 850px) 100vw, 850px\" \/><\/a><\/div>[\/vc_column][vc_column width=&#8221;1\/6&#8243;]<div class=\"single_image wpb_content_element align-center  animate  image_zoom \" data-animation=\"fade-in\" data-delay=\"0\"><a href=\"https:\/\/www.outdoorcardiff.com\/wp-content\/uploads\/Tawny-owl-Strix-aluco-by-Laura-Palmer.jpg\" class=\"prettyPhoto\" rel=\"prettyPhoto[image]\"><img loading=\"lazy\" decoding=\"async\" width=\"850\" height=\"638\" src=\"https:\/\/www.outdoorcardiff.com\/wp-content\/uploads\/Tawny-owl-Strix-aluco-by-Laura-Palmer.jpg\" class=\"attachment-full\" alt=\"\" title=\"Tawny-owl-Strix-aluco-by-Laura-Palmer\" srcset=\"https:\/\/www.outdoorcardiff.com\/wp-content\/uploads\/Tawny-owl-Strix-aluco-by-Laura-Palmer.jpg 850w, https:\/\/www.outdoorcardiff.com\/wp-content\/uploads\/Tawny-owl-Strix-aluco-by-Laura-Palmer-300x225.jpg 300w, https:\/\/www.outdoorcardiff.com\/wp-content\/uploads\/Tawny-owl-Strix-aluco-by-Laura-Palmer-768x576.jpg 768w\" sizes=\"auto, (max-width: 850px) 100vw, 850px\" \/><\/a><\/div>[\/vc_column][vc_column width=&#8221;1\/6&#8243;]<div class=\"single_image wpb_content_element align-center  animate  image_zoom \" data-animation=\"fade-in\" data-delay=\"0\"><a href=\"https:\/\/www.outdoorcardiff.com\/wp-content\/uploads\/A-bug-at-Bute-park.jpg\" class=\"prettyPhoto\" rel=\"prettyPhoto[image]\"><img loading=\"lazy\" decoding=\"async\" width=\"850\" height=\"638\" src=\"https:\/\/www.outdoorcardiff.com\/wp-content\/uploads\/A-bug-at-Bute-park.jpg\" class=\"attachment-full\" alt=\"\" title=\"A-bug-at-Bute-park\" srcset=\"https:\/\/www.outdoorcardiff.com\/wp-content\/uploads\/A-bug-at-Bute-park.jpg 850w, https:\/\/www.outdoorcardiff.com\/wp-content\/uploads\/A-bug-at-Bute-park-300x225.jpg 300w, https:\/\/www.outdoorcardiff.com\/wp-content\/uploads\/A-bug-at-Bute-park-768x576.jpg 768w\" sizes=\"auto, (max-width: 850px) 100vw, 850px\" \/><\/a><\/div>[\/vc_column][vc_column width=&#8221;1\/6&#8243;]<div class=\"single_image wpb_content_element align-center  animate  image_zoom \" data-animation=\"fade-in\" data-delay=\"0\"><a href=\"https:\/\/www.outdoorcardiff.com\/wp-content\/uploads\/Bute-Park-Funghi.jpg\" class=\"prettyPhoto\" rel=\"prettyPhoto[image]\"><img loading=\"lazy\" decoding=\"async\" width=\"850\" height=\"638\" src=\"https:\/\/www.outdoorcardiff.com\/wp-content\/uploads\/Bute-Park-Funghi.jpg\" class=\"attachment-full\" alt=\"\" title=\"Bute-Park-Funghi\" srcset=\"https:\/\/www.outdoorcardiff.com\/wp-content\/uploads\/Bute-Park-Funghi.jpg 850w, https:\/\/www.outdoorcardiff.com\/wp-content\/uploads\/Bute-Park-Funghi-300x225.jpg 300w, https:\/\/www.outdoorcardiff.com\/wp-content\/uploads\/Bute-Park-Funghi-768x576.jpg 768w\" sizes=\"auto, (max-width: 850px) 100vw, 850px\" \/><\/a><\/div>[\/vc_column][vc_column width=&#8221;1\/6&#8243;]<div class=\"single_image wpb_content_element align-center  animate  image_zoom \" data-animation=\"fade-in\" data-delay=\"0\"><a href=\"https:\/\/www.outdoorcardiff.com\/wp-content\/uploads\/Robin-Erithacus-rubecula.jpg\" class=\"prettyPhoto\" rel=\"prettyPhoto[image]\"><img loading=\"lazy\" decoding=\"async\" width=\"850\" height=\"638\" src=\"https:\/\/www.outdoorcardiff.com\/wp-content\/uploads\/Robin-Erithacus-rubecula.jpg\" class=\"attachment-full\" alt=\"\" title=\"Robin-Erithacus-rubecula\" srcset=\"https:\/\/www.outdoorcardiff.com\/wp-content\/uploads\/Robin-Erithacus-rubecula.jpg 850w, https:\/\/www.outdoorcardiff.com\/wp-content\/uploads\/Robin-Erithacus-rubecula-300x225.jpg 300w, https:\/\/www.outdoorcardiff.com\/wp-content\/uploads\/Robin-Erithacus-rubecula-768x576.jpg 768w\" sizes=\"auto, (max-width: 850px) 100vw, 850px\" \/><\/a><\/div>[\/vc_column][\/vc_row][vc_row bg_image=&#8221;731&#8243; parallax_bg=&#8221;true&#8221; stellar_class=&#8221;fixed&#8221; top_padding=&#8221;45&#8243; bottom_padding=&#8221;45&#8243;][vc_column animation=&#8221;fade-in-from-right&#8221; width=&#8221;1\/1&#8243;]<div class=\"divider-title align-center\" >Ynys Echni<\/div>[vc_row_inner][vc_column_inner el_class=&#8221;whitebox animateline&#8221; width=&#8221;1\/2&#8243;][vc_column_text]Mae\u2019r ynys fechan hon, sy\u2019n llai na hanner milltir o led, yn em gudd ddiddorol iawn ym M\u00f4r Hafren. Mae Ynys Echni yn Safle o Ddiddordeb Gwyddonol Arbennig ac yn Warchodfa Natur leol. Mae Project Ynys Echni yn gwarchod nodweddion naturiol a diwylliannol yr Ynys sy\u2019n cynnwys barics o oes Fictoria, nythfeydd adar y m\u00f4r a bynceri adeg rhyfel.<\/p>\n<p>Gallwch fynd ar daith diwrnod mewn cwch i\u2019r Ynys neu hyd yn oed aros dros nos. Mae teithiau diwrnod yn para tua 5 awr ac yn cynnwys taith dywys sy\u2019n dangos yr holl fywyd gwyllt, adeiladau a phwyntiau diddorol ar yr ynys i chi. Ar ddiwedd eich taith, gallwch hefyd fwynhau diod haeddiannol yn y \u2018Gull and Leek\u2019, sef y dafarn fwyaf deheuol yng Nghymru! Ac ymweld \u00e2\u2019r siop sy\u2019n stocio anrhegion, cardiau post a byrbrydau.<\/p>\n<p>Os hoffech chi ymweld \u00e2\u2019r ynys, ewch i <a href=\"http:\/\/www.ynysechni.co.uk\" target=\"\" rel=\"noopener noreferrer\">www.ynysechni.co.uk <i class=\"fa fa-external-link\"><\/i><\/a> i gael rhagor o wybodaeth.[\/vc_column_text][\/vc_column_inner][vc_column_inner width=&#8221;1\/2&#8243;][vc_single_image image=&#8221;4060&#8243; img_size=&#8221;large&#8221; alignment=&#8221;center&#8221; css=&#8221;&#8221;][vc_column_text css_animation=&#8221;top-to-bottom&#8221;]<\/p>\n<p style=\"text-align: center;\">Delweddau o Ynys Echni gan: Gareth Johns<\/p>\n<p>[\/vc_column_text][\/vc_column_inner][\/vc_row_inner]<div class=\"spacer\" style=\"height: 15px;\"><\/div>[\/vc_column][\/vc_row]<\/p>\n<\/div>","protected":false},"excerpt":{"rendered":"<p>[vc_row bg_image=&#8221;747&#8243; parallax_bg=&#8221;true&#8221; bg_color=&#8221;#7e187a&#8221; section_arrow=&#8221;false&#8221; text_color=&#8221;light&#8221; top_padding=&#8221;35&#8243; bottom_padding=&#8221;35&#8243; row_id=&#8221;purpleborder&#8221;][vc_column animation=&#8221;fade-in-from-left&#8221; width=&#8221;2\/4&#8243;][vc_column_text]Bioamrywiaeth \u2013 neu amrywiaeth fiolegol \u2013 yw\u2019r amrywiaeth o fywyd ar y Ddaear. Mae\u2019n cynnwys yr holl blanhigion, anifeiliaid a chynefinoedd rydym yn eu gweld o\u2019n cwmpas, ac mae\u2019n golygu yr un peth \u00e2 \u2018natur\u2019 neu \u2018fywyd gwyllt\u2019. Mae gan Gaerdydd lawer o blanhigion, anifeiliaid a chynefinoedd. Er mwyn dysgu am fioamrywiaeth yn y Ddinas, gweler ein poster rhyngweithiol Bioamrywiaeth yng Nghaerdydd &#8211; 4.09mb. Fel arall, edrychwch ar ein llyfryn Bioamrywiaeth yng Nghaerdydd &#8211; 5.3mb, neu cysylltwch ag Ecolegydd y Sir i gael copi caled.[\/vc_column_text][\/vc_column][vc_column width=&#8221;1\/4&#8243;][vc_column_text] Llyfryn Bioamrywiaeth yng Nghaerdydd &#8211; 5.3mb [\/vc_column_text][\/vc_column][vc_column animation=&#8221;fade-in-from-bottom&#8221; width=&#8221;1\/4&#8243;][vc_column_text] Poster rhyngweithiol Bioamrywiaeth yng Nghaerdydd &#8211; 4.09mb [\/vc_column_text][\/vc_column][\/vc_row][vc_row][vc_column width=&#8221;1\/1&#8243;][\/vc_column][\/vc_row][vc_row top_padding=&#8221;45&#8243; class=&#8221;animateline&#8221;][vc_column animation=&#8221;fade-in-from-right&#8221; width=&#8221;1\/1&#8243;][vc_column_text]Mae bioamrywiaeth yn ffurfio blociau adeiladu amgylchedd naturiol iach.\u00a0 Yr amgylchedd hwn yw ein system cynnal bywyd ar y ddaear, ac mae\u2019n darparu bwyd, d\u0175r gl\u00e2n ac awyr gl\u00e2n i ni. Mae\u2019r rhain ymhlith y gwasanaethau mae\u2019r amgylchedd naturiol yn eu rhoi i ni.\u00a0 Gallwn ystyried bod y rhain a gwasanaethau eraill yn perthyn i bedwar math gwahanol:- Cynnal \u2013 gan gynnwys cynhyrchu ocsigen, cylchredeg maetholion a ffurfio pridd sy\u2019n ategu\u2019r \u2018gwasanaethau\u2019 eraill Rheoleiddio \u2013 gan gynnwys rheoleiddio\u2019r hinsawdd, amddiffyn yn erbyn llifogydd [&hellip;]<\/p>\n","protected":false},"author":16,"featured_media":0,"parent":0,"menu_order":0,"comment_status":"closed","ping_status":"closed","template":"","meta":{"_acf_changed":false,"footnotes":""},"class_list":["post-826","page","type-page","status-publish","hentry"],"acf":[],"yoast_head":"<!-- This site is optimized with the Yoast SEO plugin v27.3 - https:\/\/yoast.com\/product\/yoast-seo-wordpress\/ -->\n<title>Bywyd Gwyllt a Bioamrywiaeth - Outdoor Cardiff<\/title>\n<meta name=\"description\" content=\"Mae bioamrywiaeth yn sail i amgylchedd naturiol ac iach. Dewch i wybod sut mae Caerdydd yn ceisio edrych ar \u00f4l ein natur a\u2019n bywyd gwyllt.\" \/>\n<meta name=\"robots\" content=\"index, follow, max-snippet:-1, max-image-preview:large, max-video-preview:-1\" \/>\n<link rel=\"canonical\" href=\"https:\/\/www.outdoorcardiff.com\/cy\/bioamrywiaeth\/\" \/>\n<meta property=\"og:locale\" content=\"en_US\" \/>\n<meta property=\"og:type\" content=\"article\" \/>\n<meta property=\"og:title\" content=\"Bywyd Gwyllt a Bioamrywiaeth - Outdoor Cardiff\" \/>\n<meta property=\"og:description\" content=\"Mae bioamrywiaeth yn sail i amgylchedd naturiol ac iach. Dewch i wybod sut mae Caerdydd yn ceisio edrych ar \u00f4l ein natur a\u2019n bywyd gwyllt.\" \/>\n<meta property=\"og:url\" content=\"https:\/\/www.outdoorcardiff.com\/cy\/bioamrywiaeth\/\" \/>\n<meta property=\"og:site_name\" content=\"Outdoor Cardiff\" \/>\n<meta property=\"article:modified_time\" content=\"2024-08-02T14:33:23+00:00\" \/>\n<meta property=\"og:image\" content=\"https:\/\/www.outdoorcardiff.com\/wp-content\/uploads\/2016\/04\/OutdoorLogo.jpg\" \/>\n\t<meta property=\"og:image:width\" content=\"430\" \/>\n\t<meta property=\"og:image:height\" content=\"95\" \/>\n\t<meta property=\"og:image:type\" content=\"image\/jpeg\" \/>\n<meta name=\"twitter:card\" content=\"summary_large_image\" \/>\n<meta name=\"twitter:label1\" content=\"Est. reading time\" \/>\n\t<meta name=\"twitter:data1\" content=\"3 minutes\" \/>\n<script type=\"application\/ld+json\" class=\"yoast-schema-graph\">{\"@context\":\"https:\\\/\\\/schema.org\",\"@graph\":[{\"@type\":\"WebPage\",\"@id\":\"https:\\\/\\\/www.outdoorcardiff.com\\\/cy\\\/bioamrywiaeth\\\/\",\"url\":\"https:\\\/\\\/www.outdoorcardiff.com\\\/cy\\\/bioamrywiaeth\\\/\",\"name\":\"Bywyd Gwyllt a Bioamrywiaeth - Outdoor Cardiff\",\"isPartOf\":{\"@id\":\"https:\\\/\\\/www.outdoorcardiff.com\\\/cy\\\/#website\"},\"datePublished\":\"2016-08-18T13:58:27+00:00\",\"dateModified\":\"2024-08-02T14:33:23+00:00\",\"description\":\"Mae bioamrywiaeth yn sail i amgylchedd naturiol ac iach. Dewch i wybod sut mae Caerdydd yn ceisio edrych ar \u00f4l ein natur a\u2019n bywyd gwyllt.\",\"breadcrumb\":{\"@id\":\"https:\\\/\\\/www.outdoorcardiff.com\\\/cy\\\/bioamrywiaeth\\\/#breadcrumb\"},\"inLanguage\":\"cy\",\"potentialAction\":[{\"@type\":\"ReadAction\",\"target\":[\"https:\\\/\\\/www.outdoorcardiff.com\\\/cy\\\/bioamrywiaeth\\\/\"]}]},{\"@type\":\"BreadcrumbList\",\"@id\":\"https:\\\/\\\/www.outdoorcardiff.com\\\/cy\\\/bioamrywiaeth\\\/#breadcrumb\",\"itemListElement\":[{\"@type\":\"ListItem\",\"position\":1,\"name\":\"Hafan\",\"item\":\"https:\\\/\\\/www.outdoorcardiff.com\\\/cy\\\/croeso-i-awyr-agored-caerdydd-2\\\/\"},{\"@type\":\"ListItem\",\"position\":2,\"name\":\"Bywyd Gwyllt a Bioamrywiaeth\"}]},{\"@type\":\"WebSite\",\"@id\":\"https:\\\/\\\/www.outdoorcardiff.com\\\/cy\\\/#website\",\"url\":\"https:\\\/\\\/www.outdoorcardiff.com\\\/cy\\\/\",\"name\":\"Outdoor Cardiff\",\"description\":\"Explore Cardiff&#039;s trails\",\"potentialAction\":[{\"@type\":\"SearchAction\",\"target\":{\"@type\":\"EntryPoint\",\"urlTemplate\":\"https:\\\/\\\/www.outdoorcardiff.com\\\/cy\\\/?s={search_term_string}\"},\"query-input\":{\"@type\":\"PropertyValueSpecification\",\"valueRequired\":true,\"valueName\":\"search_term_string\"}}],\"inLanguage\":\"cy\"}]}<\/script>\n<!-- \/ Yoast SEO plugin. -->","yoast_head_json":{"title":"Bywyd Gwyllt a Bioamrywiaeth - Outdoor Cardiff","description":"Mae bioamrywiaeth yn sail i amgylchedd naturiol ac iach. Dewch i wybod sut mae Caerdydd yn ceisio edrych ar \u00f4l ein natur a\u2019n bywyd gwyllt.","robots":{"index":"index","follow":"follow","max-snippet":"max-snippet:-1","max-image-preview":"max-image-preview:large","max-video-preview":"max-video-preview:-1"},"canonical":"https:\/\/www.outdoorcardiff.com\/cy\/bioamrywiaeth\/","og_locale":"en_US","og_type":"article","og_title":"Bywyd Gwyllt a Bioamrywiaeth - Outdoor Cardiff","og_description":"Mae bioamrywiaeth yn sail i amgylchedd naturiol ac iach. Dewch i wybod sut mae Caerdydd yn ceisio edrych ar \u00f4l ein natur a\u2019n bywyd gwyllt.","og_url":"https:\/\/www.outdoorcardiff.com\/cy\/bioamrywiaeth\/","og_site_name":"Outdoor Cardiff","article_modified_time":"2024-08-02T14:33:23+00:00","og_image":[{"width":430,"height":95,"url":"https:\/\/www.outdoorcardiff.com\/wp-content\/uploads\/2016\/04\/OutdoorLogo.jpg","type":"image\/jpeg"}],"twitter_card":"summary_large_image","twitter_misc":{"Est. reading time":"3 minutes"},"schema":{"@context":"https:\/\/schema.org","@graph":[{"@type":"WebPage","@id":"https:\/\/www.outdoorcardiff.com\/cy\/bioamrywiaeth\/","url":"https:\/\/www.outdoorcardiff.com\/cy\/bioamrywiaeth\/","name":"Bywyd Gwyllt a Bioamrywiaeth - Outdoor Cardiff","isPartOf":{"@id":"https:\/\/www.outdoorcardiff.com\/cy\/#website"},"datePublished":"2016-08-18T13:58:27+00:00","dateModified":"2024-08-02T14:33:23+00:00","description":"Mae bioamrywiaeth yn sail i amgylchedd naturiol ac iach. Dewch i wybod sut mae Caerdydd yn ceisio edrych ar \u00f4l ein natur a\u2019n bywyd gwyllt.","breadcrumb":{"@id":"https:\/\/www.outdoorcardiff.com\/cy\/bioamrywiaeth\/#breadcrumb"},"inLanguage":"cy","potentialAction":[{"@type":"ReadAction","target":["https:\/\/www.outdoorcardiff.com\/cy\/bioamrywiaeth\/"]}]},{"@type":"BreadcrumbList","@id":"https:\/\/www.outdoorcardiff.com\/cy\/bioamrywiaeth\/#breadcrumb","itemListElement":[{"@type":"ListItem","position":1,"name":"Hafan","item":"https:\/\/www.outdoorcardiff.com\/cy\/croeso-i-awyr-agored-caerdydd-2\/"},{"@type":"ListItem","position":2,"name":"Bywyd Gwyllt a Bioamrywiaeth"}]},{"@type":"WebSite","@id":"https:\/\/www.outdoorcardiff.com\/cy\/#website","url":"https:\/\/www.outdoorcardiff.com\/cy\/","name":"Outdoor Cardiff","description":"Explore Cardiff&#039;s trails","potentialAction":[{"@type":"SearchAction","target":{"@type":"EntryPoint","urlTemplate":"https:\/\/www.outdoorcardiff.com\/cy\/?s={search_term_string}"},"query-input":{"@type":"PropertyValueSpecification","valueRequired":true,"valueName":"search_term_string"}}],"inLanguage":"cy"}]}},"_links":{"self":[{"href":"https:\/\/www.outdoorcardiff.com\/cy\/wp-json\/wp\/v2\/pages\/826","targetHints":{"allow":["GET"]}}],"collection":[{"href":"https:\/\/www.outdoorcardiff.com\/cy\/wp-json\/wp\/v2\/pages"}],"about":[{"href":"https:\/\/www.outdoorcardiff.com\/cy\/wp-json\/wp\/v2\/types\/page"}],"author":[{"embeddable":true,"href":"https:\/\/www.outdoorcardiff.com\/cy\/wp-json\/wp\/v2\/users\/16"}],"replies":[{"embeddable":true,"href":"https:\/\/www.outdoorcardiff.com\/cy\/wp-json\/wp\/v2\/comments?post=826"}],"version-history":[{"count":5,"href":"https:\/\/www.outdoorcardiff.com\/cy\/wp-json\/wp\/v2\/pages\/826\/revisions"}],"predecessor-version":[{"id":7959,"href":"https:\/\/www.outdoorcardiff.com\/cy\/wp-json\/wp\/v2\/pages\/826\/revisions\/7959"}],"wp:attachment":[{"href":"https:\/\/www.outdoorcardiff.com\/cy\/wp-json\/wp\/v2\/media?parent=826"}],"curies":[{"name":"wp","href":"https:\/\/api.w.org\/{rel}","templated":true}]}}