{"id":7475,"date":"2024-01-23T12:45:57","date_gmt":"2024-01-23T12:45:57","guid":{"rendered":"https:\/\/www.outdoorcardiff.com\/?page_id=7475"},"modified":"2026-03-06T10:38:31","modified_gmt":"2026-03-06T10:38:31","slug":"partneriaeth-natur-leol-caerdydd","status":"publish","type":"page","link":"https:\/\/www.outdoorcardiff.com\/cy\/bioamrywiaeth\/partneriaeth-natur-leol-caerdydd\/","title":{"rendered":"Partneriaeth Natur Leol Caerdydd"},"content":{"rendered":"<div class=\"wpb-content-wrapper\"><p>[vc_row top_padding=&#8221;45&#8243; bottom_padding=&#8221;45&#8243;][vc_column width=&#8221;2\/3&#8243;][vc_column_text]Partneriaeth rhwng Partneriaeth Bioamrywiaeth Cymru, Cyngor Gweithredu Gwirfoddol Cymru, canolfannau cofnodion amgylcheddol lleol, a phob awdurdod lleol a pharc cenedlaethol yng Nghymru yw Partneriaeth Natur Leol (PNL) Cymru.<\/p>\n<p>Mae natur yn rhyfeddol ac ni allwn oroesi hebddo, ond mae&#8217;r amgylchedd naturiol yn dirywio a&#8217;r manteision y mae&#8217;n eu sicrhau. Nod prosiect PNL Cymru yw helpu i wrthdroi&#8217;r dirywiad hwn a hyrwyddo gwerth byd natur.<\/p>\n<p>Drwy adeiladu rhwydwaith adfer natur ar draws Cymru, cynnwys pobl a chymunedau, busnesau a\u2019r rhai sy\u2019n gwneud penderfyniadau mewn camau ymarferol a chynllunio strategol, gallwn greu Cymru wydn a chyfoethog ei natur.<\/p>\n<p>Mae Partneriaeth Natur Leol Caerdydd wedi cael ei sefydlu i gefnogi a hyrwyddo gweithgareddau i ddiogelu a gwella byd natur ar draws y ddinas ac mae&#8217;n agored i bawb.<\/p>\n<ul>\n<li><a href=\"https:\/\/www.outdoorcardiff.com\/wp-content\/uploads\/TRA190080-Cardiff-LNP-2024-SE_cy-GB.pdf\" target=\"\" rel=\"noopener noreferrer\">PNL Caerdydd 2024 (PDF)<\/a><\/li>\n<li><a href=\"https:\/\/www.outdoorcardiff.com\/wp-content\/uploads\/47087_Volunteer-Survey-Case-Study_CY_FINAL-WEB.pdf\">Astudiaeth Achos &#8211; Gwirfoddolwyr yng Nghaerdydd yn helpu i reoli\u2019n parciau er lles natur (PDF)<\/a><\/li>\n<\/ul>\n<p>Os hoffech gael rhagor o wybodaeth am brosiect PNL Cymru neu os ydych am ymuno \u00e2 rhestr bostio PNL Caerdydd i gael diweddariadau i&#8217;r prosiect, cysylltwch \u00e2&#8217;n cydlynydd PNL;<\/p>\n<p>Samantha Eaves<br \/>\nCydlynydd Partneriaeth Natur Leol<br \/>\nCanolfan Gadwraeth Fferm y Fforest<br \/>\nYr Eglwys Newydd<br \/>\nCaerdydd<br \/>\nCF14 7JJ<\/p>\n<p>(029) 22330235<\/p>\n<p><a href=\"mailto:Bioamrywiaeth@caerdydd.gov.uk\">Bioamrywiaeth@caerdydd.gov.uk<\/a>[\/vc_column_text]<div class=\"divider divider3\" style='margin:60px 0 60px 0 !important;'><\/div>[vc_tta_accordion section_title_tag=&#8221;h2&#8243; color=&#8221;mulled-wine&#8221; active_section=&#8221;12&#8243; no_fill=&#8221;true&#8221; collapsible_all=&#8221;true&#8221;][vc_tta_section title=&#8221;Gofyn am becyn natur&#8221; tab_id=&#8221;packs&#8221;][vc_column_text]Ydych chi eisiau cefnogi byd natur, ond angen cymorth i gael gafael ar adnoddau?<\/p>\n<p>Mae Partneriaeth Natur Leol Caerdydd wedi llunio detholiad o becynnau natur i gefnogi prosiectau ysgolion a chymunedau i dargedu, gwarchod a gwella bioamrywiaeth leol. Bydd y pecynnau yn cael eu dyrannu ar sail y cyntaf i&#8217;r felin, a bydd y cynnwys yn amodol ar argaeledd.<\/p>\n<p>Da i Ddraenogod:<\/p>\n<p>Bydd y pecyn hwn yn eich helpu i gefnogi a monitro draenogod ar eich tiroedd. Bydd yn cynnwys blwch draenogod, camera llwybrau, platiau ffens draenogod, arwydd priffordd draenogod, twnnel monitro draenogod ac adnoddau adnabod bywyd gwyllt.<\/p>\n<p>Da i bryfed peillio:<\/p>\n<p>Bydd y pecyn hwn yn eich helpu i gefnogi a monitro pryfed peillio ar eich tiroedd. Bydd yn cynnwys hadau blodau gwyllt, hadau llysiau sy&#8217;n dda i bryfed peillio, gwesty gwenyn, adnoddau adnabod pryfed, ac offer llaw ar gyfer plannu.<\/p>\n<p>Ditectifs Bywyd Gwyllt:<\/p>\n<p>Bydd y pecyn hwn yn eich helpu i fonitro ac adnabod pob math o fywyd gwyllt ar eich tiroedd. Bydd yn cynnwys potiau pryfed, taflenni adnabod, rhwydi pryfed, camera llwybrau, twneli \u00f4l troed mamaliaid, taflenni ymlusgiaid, a recordydd caneuon adar.<\/p>\n<p>Syllwr Awyr:<\/p>\n<p>Bydd y pecyn hwn yn eich helpu i gefnogi a monitro adar ac ystlumod. Bydd yn cynnwys blychau adar, blychau ystlumod, bwydwyr adar, recordydd caneuon adar, adnoddau adnabod adar ac ysbienddrych.<\/p>\n<p>Gwlyptiroedd Gwych:<\/p>\n<p>Bydd y pecyn hwn yn eich helpu i greu pwll neu gors a monitro bywyd gwyllt y gwlyptir. Bydd yn cynnwys leiniwr pwll, offer trochi mewn pyllau, planhigion pyllau a gwlyptiroedd ac adnoddau adnabod bywyd gwyllt.<\/p>\n<p>SOS Trefol:<\/p>\n<p>Os yw mannau gwyrdd yn gyfyngedig iawn yn eich ardal chi, cysylltwch \u00e2 ni i drafod opsiynau pwrpasol ar gyfer creu cynefinoedd ar gyfer planhigion a bywyd gwyllt.<\/p>\n<p>I wneud cais, anfonwch e-bost at d\u00eem Partneriaeth Natur Leol Caerdydd: bioamrywiaeth@caerdydd.gov.uk am ragor o wybodaeth ac i drafod ymhellach.<\/p>\n<p>Sylwer, dim ond ardaloedd yng Nghaerdydd y gall Partneriaeth Natur Leol Caerdydd eu hariannu. Os hoffech gyllid ar gyfer bioamrywiaeth y tu allan i Gaerdydd, cysylltwch \u00e2&#8217;ch awdurdod lleol i siarad \u00e2 th\u00eem Partneriaeth Natur Leol.[\/vc_column_text][\/vc_tta_section][\/vc_tta_accordion]<div class=\"divider divider3\" style='margin:60px 0 60px 0 !important;'><\/div>[vc_column_text]<\/p>\n<h2>Rheoli ein glaswelltiroedd ar gyfer bioamrywiaeth<\/h2>\n<p><img loading=\"lazy\" decoding=\"async\" class=\"wp-image-7202 alignnone\" src=\"https:\/\/www.outdoorcardiff.com\/wp-content\/uploads\/insects.png\" alt=\"Wildlife, birds and bees\" width=\"471\" height=\"102\" srcset=\"https:\/\/www.outdoorcardiff.com\/wp-content\/uploads\/\/insects.png 1500w, https:\/\/www.outdoorcardiff.com\/wp-content\/uploads\/\/insects-300x65.png 300w, https:\/\/www.outdoorcardiff.com\/wp-content\/uploads\/\/insects-1024x222.png 1024w, https:\/\/www.outdoorcardiff.com\/wp-content\/uploads\/\/insects-768x166.png 768w\" sizes=\"auto, (max-width: 471px) 100vw, 471px\" \/><\/p>\n<p>Mae Partneriaeth Natur Leol Caerdydd yn gweithio gyda chydweithwyr ar draws y Cyngor i adolygu sut <a href=\"https:\/\/www.outdoorcardiff.com\/cy\/parciau\/torri-gwair\/\">rydym yn rheoli ein glaswelltiroedd mewn parciau, mannau agored a lleiniau ymyl.<\/a>[\/vc_column_text][\/vc_column][vc_column width=&#8221;1\/3&#8243;][vc_column_text]<\/p>\n<h2>Archwiliwch fwy<\/h2>\n<p>Ymunwch ag un o <a href=\"https:\/\/www.eventbrite.co.uk\/o\/cardiff-local-nature-partnership-82029987383\">Ddigwyddiadau Partneriaeth Natur Leol Caerdydd<\/a><\/p>\n<p>Gwelwch y prosiectau yng Nghaerdydd ar <a href=\"https:\/\/gis.wwbic.org.uk\/apps\/lnp\/\">wefan <u>Partneriaethau Natur Lleol Cymru<\/u><\/a>.<\/p>\n<h2>Dilynwch ni<\/h2>\n<ul>\n<li><a href=\"https:\/\/www.facebook.com\/profile.php?id=61558743561241\">Facebook<\/a><\/li>\n<li><a href=\"https:\/\/www.instagram.com\/cardiff.lnp\/\">Instagram<\/a><\/li>\n<\/ul>\n<p>[\/vc_column_text][\/vc_column][\/vc_row][vc_row type=&#8221;full_width_section&#8221; class=&#8221;imagerow&#8221;][vc_column width=&#8221;1\/6&#8243;]<div class=\"single_image wpb_content_element align-center  animate  image_zoom \" data-animation=\"fade-in\" data-delay=\"0\"><a href=\"https:\/\/www.outdoorcardiff.com\/wp-content\/uploads\/Common-sun-star-on-Flat-Holm.jpg\" class=\"prettyPhoto\" rel=\"prettyPhoto[image]\"><img loading=\"lazy\" decoding=\"async\" width=\"850\" height=\"638\" src=\"https:\/\/www.outdoorcardiff.com\/wp-content\/uploads\/Common-sun-star-on-Flat-Holm.jpg\" class=\"attachment-full\" alt=\"\" title=\"Common-sun-star-on-Flat-Holm\" srcset=\"https:\/\/www.outdoorcardiff.com\/wp-content\/uploads\/Common-sun-star-on-Flat-Holm.jpg 850w, https:\/\/www.outdoorcardiff.com\/wp-content\/uploads\/Common-sun-star-on-Flat-Holm-300x225.jpg 300w, https:\/\/www.outdoorcardiff.com\/wp-content\/uploads\/Common-sun-star-on-Flat-Holm-768x576.jpg 768w\" sizes=\"auto, (max-width: 850px) 100vw, 850px\" \/><\/a><\/div>[\/vc_column][vc_column width=&#8221;1\/6&#8243;]<div class=\"single_image wpb_content_element align-center  animate  image_zoom \" data-animation=\"fade-in\" data-delay=\"0\"><a href=\"https:\/\/www.outdoorcardiff.com\/wp-content\/uploads\/Grass-snake-Natrix-natrix.jpg\" class=\"prettyPhoto\" rel=\"prettyPhoto[image]\"><img loading=\"lazy\" decoding=\"async\" width=\"850\" height=\"638\" src=\"https:\/\/www.outdoorcardiff.com\/wp-content\/uploads\/Grass-snake-Natrix-natrix.jpg\" class=\"attachment-full\" alt=\"\" title=\"Grass-snake-Natrix-natrix\" srcset=\"https:\/\/www.outdoorcardiff.com\/wp-content\/uploads\/Grass-snake-Natrix-natrix.jpg 850w, https:\/\/www.outdoorcardiff.com\/wp-content\/uploads\/Grass-snake-Natrix-natrix-300x225.jpg 300w, https:\/\/www.outdoorcardiff.com\/wp-content\/uploads\/Grass-snake-Natrix-natrix-768x576.jpg 768w\" sizes=\"auto, (max-width: 850px) 100vw, 850px\" \/><\/a><\/div>[\/vc_column][vc_column width=&#8221;1\/6&#8243;]<div class=\"single_image wpb_content_element align-center  animate  image_zoom \" data-animation=\"fade-in\" data-delay=\"0\"><a href=\"https:\/\/www.outdoorcardiff.com\/wp-content\/uploads\/Tawny-owl-Strix-aluco-by-Laura-Palmer.jpg\" class=\"prettyPhoto\" rel=\"prettyPhoto[image]\"><img loading=\"lazy\" decoding=\"async\" width=\"850\" height=\"638\" src=\"https:\/\/www.outdoorcardiff.com\/wp-content\/uploads\/Tawny-owl-Strix-aluco-by-Laura-Palmer.jpg\" class=\"attachment-full\" alt=\"\" title=\"Tawny-owl-Strix-aluco-by-Laura-Palmer\" srcset=\"https:\/\/www.outdoorcardiff.com\/wp-content\/uploads\/Tawny-owl-Strix-aluco-by-Laura-Palmer.jpg 850w, https:\/\/www.outdoorcardiff.com\/wp-content\/uploads\/Tawny-owl-Strix-aluco-by-Laura-Palmer-300x225.jpg 300w, https:\/\/www.outdoorcardiff.com\/wp-content\/uploads\/Tawny-owl-Strix-aluco-by-Laura-Palmer-768x576.jpg 768w\" sizes=\"auto, (max-width: 850px) 100vw, 850px\" \/><\/a><\/div>[\/vc_column][vc_column width=&#8221;1\/6&#8243;]<div class=\"single_image wpb_content_element align-center  animate  image_zoom \" data-animation=\"fade-in\" data-delay=\"0\"><a href=\"https:\/\/www.outdoorcardiff.com\/wp-content\/uploads\/A-bug-at-Bute-park.jpg\" class=\"prettyPhoto\" rel=\"prettyPhoto[image]\"><img loading=\"lazy\" decoding=\"async\" width=\"850\" height=\"638\" src=\"https:\/\/www.outdoorcardiff.com\/wp-content\/uploads\/A-bug-at-Bute-park.jpg\" class=\"attachment-full\" alt=\"\" title=\"A-bug-at-Bute-park\" srcset=\"https:\/\/www.outdoorcardiff.com\/wp-content\/uploads\/A-bug-at-Bute-park.jpg 850w, https:\/\/www.outdoorcardiff.com\/wp-content\/uploads\/A-bug-at-Bute-park-300x225.jpg 300w, https:\/\/www.outdoorcardiff.com\/wp-content\/uploads\/A-bug-at-Bute-park-768x576.jpg 768w\" sizes=\"auto, (max-width: 850px) 100vw, 850px\" \/><\/a><\/div>[\/vc_column][vc_column width=&#8221;1\/6&#8243;]<div class=\"single_image wpb_content_element align-center  animate  image_zoom \" data-animation=\"fade-in\" data-delay=\"0\"><a href=\"https:\/\/www.outdoorcardiff.com\/wp-content\/uploads\/Bute-Park-Funghi.jpg\" class=\"prettyPhoto\" rel=\"prettyPhoto[image]\"><img loading=\"lazy\" decoding=\"async\" width=\"850\" height=\"638\" src=\"https:\/\/www.outdoorcardiff.com\/wp-content\/uploads\/Bute-Park-Funghi.jpg\" class=\"attachment-full\" alt=\"\" title=\"Bute-Park-Funghi\" srcset=\"https:\/\/www.outdoorcardiff.com\/wp-content\/uploads\/Bute-Park-Funghi.jpg 850w, https:\/\/www.outdoorcardiff.com\/wp-content\/uploads\/Bute-Park-Funghi-300x225.jpg 300w, https:\/\/www.outdoorcardiff.com\/wp-content\/uploads\/Bute-Park-Funghi-768x576.jpg 768w\" sizes=\"auto, (max-width: 850px) 100vw, 850px\" \/><\/a><\/div>[\/vc_column][vc_column width=&#8221;1\/6&#8243;]<div class=\"single_image wpb_content_element align-center  animate  image_zoom \" data-animation=\"fade-in\" data-delay=\"0\"><a href=\"https:\/\/www.outdoorcardiff.com\/wp-content\/uploads\/Robin-Erithacus-rubecula.jpg\" class=\"prettyPhoto\" rel=\"prettyPhoto[image]\"><img loading=\"lazy\" decoding=\"async\" width=\"850\" height=\"638\" src=\"https:\/\/www.outdoorcardiff.com\/wp-content\/uploads\/Robin-Erithacus-rubecula.jpg\" class=\"attachment-full\" alt=\"\" title=\"Robin-Erithacus-rubecula\" srcset=\"https:\/\/www.outdoorcardiff.com\/wp-content\/uploads\/Robin-Erithacus-rubecula.jpg 850w, https:\/\/www.outdoorcardiff.com\/wp-content\/uploads\/Robin-Erithacus-rubecula-300x225.jpg 300w, https:\/\/www.outdoorcardiff.com\/wp-content\/uploads\/Robin-Erithacus-rubecula-768x576.jpg 768w\" sizes=\"auto, (max-width: 850px) 100vw, 850px\" \/><\/a><\/div>[\/vc_column][\/vc_row]<\/p>\n<\/div>","protected":false},"excerpt":{"rendered":"<p>[vc_row top_padding=&#8221;45&#8243; bottom_padding=&#8221;45&#8243;][vc_column width=&#8221;2\/3&#8243;][vc_column_text]Partneriaeth rhwng Partneriaeth Bioamrywiaeth Cymru, Cyngor Gweithredu Gwirfoddol Cymru, canolfannau cofnodion amgylcheddol lleol, a phob awdurdod lleol a pharc cenedlaethol yng Nghymru yw Partneriaeth Natur Leol (PNL) Cymru. Mae natur yn rhyfeddol ac ni allwn oroesi hebddo, ond mae&#8217;r amgylchedd naturiol yn dirywio a&#8217;r manteision y mae&#8217;n eu sicrhau. Nod prosiect PNL Cymru yw helpu i wrthdroi&#8217;r dirywiad hwn a hyrwyddo gwerth byd natur. Drwy adeiladu rhwydwaith adfer natur ar draws Cymru, cynnwys pobl a chymunedau, busnesau a\u2019r rhai sy\u2019n gwneud penderfyniadau mewn camau ymarferol a chynllunio strategol, gallwn greu Cymru wydn a chyfoethog ei natur. Mae Partneriaeth Natur Leol Caerdydd wedi cael ei sefydlu i gefnogi a hyrwyddo gweithgareddau i ddiogelu a gwella byd natur ar draws y ddinas ac mae&#8217;n agored i bawb. PNL Caerdydd 2024 (PDF) Astudiaeth Achos &#8211; Gwirfoddolwyr yng Nghaerdydd yn helpu i reoli\u2019n parciau er lles natur (PDF) Os hoffech gael rhagor o wybodaeth am brosiect PNL Cymru neu os ydych am ymuno \u00e2 rhestr bostio PNL Caerdydd i gael diweddariadau i&#8217;r prosiect, cysylltwch \u00e2&#8217;n cydlynydd PNL; Samantha Eaves Cydlynydd Partneriaeth Natur Leol Canolfan Gadwraeth Fferm y Fforest Yr Eglwys Newydd Caerdydd CF14 7JJ (029) 22330235 Bioamrywiaeth@caerdydd.gov.uk[\/vc_column_text][vc_tta_accordion section_title_tag=&#8221;h2&#8243; color=&#8221;mulled-wine&#8221; active_section=&#8221;12&#8243; no_fill=&#8221;true&#8221; [&hellip;]<\/p>\n","protected":false},"author":16,"featured_media":0,"parent":826,"menu_order":0,"comment_status":"closed","ping_status":"closed","template":"","meta":{"_acf_changed":false,"footnotes":""},"class_list":["post-7475","page","type-page","status-publish","hentry"],"acf":[],"yoast_head":"<!-- This site is optimized with the Yoast SEO plugin v27.3 - https:\/\/yoast.com\/product\/yoast-seo-wordpress\/ -->\n<title>Partneriaeth Natur Leol Caerdydd - Outdoor Cardiff<\/title>\n<meta name=\"robots\" content=\"index, follow, max-snippet:-1, max-image-preview:large, max-video-preview:-1\" \/>\n<link rel=\"canonical\" href=\"https:\/\/www.outdoorcardiff.com\/cy\/bioamrywiaeth\/partneriaeth-natur-leol-caerdydd\/\" \/>\n<meta property=\"og:locale\" content=\"en_US\" \/>\n<meta property=\"og:type\" content=\"article\" \/>\n<meta property=\"og:title\" content=\"Partneriaeth Natur Leol Caerdydd - Outdoor Cardiff\" \/>\n<meta property=\"og:description\" content=\"[vc_row top_padding=&#8221;45&#8243; bottom_padding=&#8221;45&#8243;][vc_column width=&#8221;2\/3&#8243;][vc_column_text]Partneriaeth rhwng Partneriaeth Bioamrywiaeth Cymru, Cyngor Gweithredu Gwirfoddol Cymru, canolfannau cofnodion amgylcheddol lleol, a phob awdurdod lleol a pharc cenedlaethol yng Nghymru yw Partneriaeth Natur Leol (PNL) Cymru. Mae natur yn rhyfeddol ac ni allwn oroesi hebddo, ond mae&#8217;r amgylchedd naturiol yn dirywio a&#8217;r manteision y mae&#8217;n eu sicrhau. Nod prosiect PNL Cymru yw helpu i wrthdroi&#8217;r dirywiad hwn a hyrwyddo gwerth byd natur. Drwy adeiladu rhwydwaith adfer natur ar draws Cymru, cynnwys pobl a chymunedau, busnesau a\u2019r rhai sy\u2019n gwneud penderfyniadau mewn camau ymarferol a chynllunio strategol, gallwn greu Cymru wydn a chyfoethog ei natur. Mae Partneriaeth Natur Leol Caerdydd wedi cael ei sefydlu i gefnogi a hyrwyddo gweithgareddau i ddiogelu a gwella byd natur ar draws y ddinas ac mae&#8217;n agored i bawb. PNL Caerdydd 2024 (PDF) Astudiaeth Achos &#8211; Gwirfoddolwyr yng Nghaerdydd yn helpu i reoli\u2019n parciau er lles natur (PDF) Os hoffech gael rhagor o wybodaeth am brosiect PNL Cymru neu os ydych am ymuno \u00e2 rhestr bostio PNL Caerdydd i gael diweddariadau i&#8217;r prosiect, cysylltwch \u00e2&#8217;n cydlynydd PNL; Samantha Eaves Cydlynydd Partneriaeth Natur Leol Canolfan Gadwraeth Fferm y Fforest Yr Eglwys Newydd Caerdydd CF14 7JJ (029) 22330235 Bioamrywiaeth@caerdydd.gov.uk[\/vc_column_text][vc_tta_accordion section_title_tag=&#8221;h2&#8243; color=&#8221;mulled-wine&#8221; active_section=&#8221;12&#8243; no_fill=&#8221;true&#8221; [&hellip;]\" \/>\n<meta property=\"og:url\" content=\"https:\/\/www.outdoorcardiff.com\/cy\/bioamrywiaeth\/partneriaeth-natur-leol-caerdydd\/\" \/>\n<meta property=\"og:site_name\" content=\"Outdoor Cardiff\" \/>\n<meta property=\"article:modified_time\" content=\"2026-03-06T10:38:31+00:00\" \/>\n<meta property=\"og:image\" content=\"https:\/\/www.outdoorcardiff.com\/wp-content\/uploads\/insects.png\" \/>\n\t<meta property=\"og:image:width\" content=\"1500\" \/>\n\t<meta property=\"og:image:height\" content=\"325\" \/>\n\t<meta property=\"og:image:type\" content=\"image\/png\" \/>\n<meta name=\"twitter:card\" content=\"summary_large_image\" \/>\n<meta name=\"twitter:label1\" content=\"Est. reading time\" \/>\n\t<meta name=\"twitter:data1\" content=\"4 minutes\" \/>\n<script type=\"application\/ld+json\" class=\"yoast-schema-graph\">{\"@context\":\"https:\\\/\\\/schema.org\",\"@graph\":[{\"@type\":\"WebPage\",\"@id\":\"https:\\\/\\\/www.outdoorcardiff.com\\\/cy\\\/bioamrywiaeth\\\/partneriaeth-natur-leol-caerdydd\\\/\",\"url\":\"https:\\\/\\\/www.outdoorcardiff.com\\\/cy\\\/bioamrywiaeth\\\/partneriaeth-natur-leol-caerdydd\\\/\",\"name\":\"Partneriaeth Natur Leol Caerdydd - Outdoor Cardiff\",\"isPartOf\":{\"@id\":\"https:\\\/\\\/www.outdoorcardiff.com\\\/cy\\\/#website\"},\"primaryImageOfPage\":{\"@id\":\"https:\\\/\\\/www.outdoorcardiff.com\\\/cy\\\/bioamrywiaeth\\\/partneriaeth-natur-leol-caerdydd\\\/#primaryimage\"},\"image\":{\"@id\":\"https:\\\/\\\/www.outdoorcardiff.com\\\/cy\\\/bioamrywiaeth\\\/partneriaeth-natur-leol-caerdydd\\\/#primaryimage\"},\"thumbnailUrl\":\"https:\\\/\\\/www.outdoorcardiff.com\\\/wp-content\\\/uploads\\\/insects.png\",\"datePublished\":\"2024-01-23T12:45:57+00:00\",\"dateModified\":\"2026-03-06T10:38:31+00:00\",\"breadcrumb\":{\"@id\":\"https:\\\/\\\/www.outdoorcardiff.com\\\/cy\\\/bioamrywiaeth\\\/partneriaeth-natur-leol-caerdydd\\\/#breadcrumb\"},\"inLanguage\":\"cy\",\"potentialAction\":[{\"@type\":\"ReadAction\",\"target\":[\"https:\\\/\\\/www.outdoorcardiff.com\\\/cy\\\/bioamrywiaeth\\\/partneriaeth-natur-leol-caerdydd\\\/\"]}]},{\"@type\":\"ImageObject\",\"inLanguage\":\"cy\",\"@id\":\"https:\\\/\\\/www.outdoorcardiff.com\\\/cy\\\/bioamrywiaeth\\\/partneriaeth-natur-leol-caerdydd\\\/#primaryimage\",\"url\":\"https:\\\/\\\/www.outdoorcardiff.com\\\/wp-content\\\/uploads\\\/insects.png\",\"contentUrl\":\"https:\\\/\\\/www.outdoorcardiff.com\\\/wp-content\\\/uploads\\\/insects.png\"},{\"@type\":\"BreadcrumbList\",\"@id\":\"https:\\\/\\\/www.outdoorcardiff.com\\\/cy\\\/bioamrywiaeth\\\/partneriaeth-natur-leol-caerdydd\\\/#breadcrumb\",\"itemListElement\":[{\"@type\":\"ListItem\",\"position\":1,\"name\":\"Hafan\",\"item\":\"https:\\\/\\\/www.outdoorcardiff.com\\\/cy\\\/croeso-i-awyr-agored-caerdydd-2\\\/\"},{\"@type\":\"ListItem\",\"position\":2,\"name\":\"Bywyd Gwyllt a Bioamrywiaeth\",\"item\":\"https:\\\/\\\/www.outdoorcardiff.com\\\/cy\\\/bioamrywiaeth\\\/\"},{\"@type\":\"ListItem\",\"position\":3,\"name\":\"Partneriaeth Natur Leol Caerdydd\"}]},{\"@type\":\"WebSite\",\"@id\":\"https:\\\/\\\/www.outdoorcardiff.com\\\/cy\\\/#website\",\"url\":\"https:\\\/\\\/www.outdoorcardiff.com\\\/cy\\\/\",\"name\":\"Outdoor Cardiff\",\"description\":\"Explore Cardiff&#039;s trails\",\"potentialAction\":[{\"@type\":\"SearchAction\",\"target\":{\"@type\":\"EntryPoint\",\"urlTemplate\":\"https:\\\/\\\/www.outdoorcardiff.com\\\/cy\\\/?s={search_term_string}\"},\"query-input\":{\"@type\":\"PropertyValueSpecification\",\"valueRequired\":true,\"valueName\":\"search_term_string\"}}],\"inLanguage\":\"cy\"}]}<\/script>\n<!-- \/ Yoast SEO plugin. -->","yoast_head_json":{"title":"Partneriaeth Natur Leol Caerdydd - Outdoor Cardiff","robots":{"index":"index","follow":"follow","max-snippet":"max-snippet:-1","max-image-preview":"max-image-preview:large","max-video-preview":"max-video-preview:-1"},"canonical":"https:\/\/www.outdoorcardiff.com\/cy\/bioamrywiaeth\/partneriaeth-natur-leol-caerdydd\/","og_locale":"en_US","og_type":"article","og_title":"Partneriaeth Natur Leol Caerdydd - Outdoor Cardiff","og_description":"[vc_row top_padding=&#8221;45&#8243; bottom_padding=&#8221;45&#8243;][vc_column width=&#8221;2\/3&#8243;][vc_column_text]Partneriaeth rhwng Partneriaeth Bioamrywiaeth Cymru, Cyngor Gweithredu Gwirfoddol Cymru, canolfannau cofnodion amgylcheddol lleol, a phob awdurdod lleol a pharc cenedlaethol yng Nghymru yw Partneriaeth Natur Leol (PNL) Cymru. Mae natur yn rhyfeddol ac ni allwn oroesi hebddo, ond mae&#8217;r amgylchedd naturiol yn dirywio a&#8217;r manteision y mae&#8217;n eu sicrhau. Nod prosiect PNL Cymru yw helpu i wrthdroi&#8217;r dirywiad hwn a hyrwyddo gwerth byd natur. Drwy adeiladu rhwydwaith adfer natur ar draws Cymru, cynnwys pobl a chymunedau, busnesau a\u2019r rhai sy\u2019n gwneud penderfyniadau mewn camau ymarferol a chynllunio strategol, gallwn greu Cymru wydn a chyfoethog ei natur. Mae Partneriaeth Natur Leol Caerdydd wedi cael ei sefydlu i gefnogi a hyrwyddo gweithgareddau i ddiogelu a gwella byd natur ar draws y ddinas ac mae&#8217;n agored i bawb. PNL Caerdydd 2024 (PDF) Astudiaeth Achos &#8211; Gwirfoddolwyr yng Nghaerdydd yn helpu i reoli\u2019n parciau er lles natur (PDF) Os hoffech gael rhagor o wybodaeth am brosiect PNL Cymru neu os ydych am ymuno \u00e2 rhestr bostio PNL Caerdydd i gael diweddariadau i&#8217;r prosiect, cysylltwch \u00e2&#8217;n cydlynydd PNL; Samantha Eaves Cydlynydd Partneriaeth Natur Leol Canolfan Gadwraeth Fferm y Fforest Yr Eglwys Newydd Caerdydd CF14 7JJ (029) 22330235 Bioamrywiaeth@caerdydd.gov.uk[\/vc_column_text][vc_tta_accordion section_title_tag=&#8221;h2&#8243; color=&#8221;mulled-wine&#8221; active_section=&#8221;12&#8243; no_fill=&#8221;true&#8221; [&hellip;]","og_url":"https:\/\/www.outdoorcardiff.com\/cy\/bioamrywiaeth\/partneriaeth-natur-leol-caerdydd\/","og_site_name":"Outdoor Cardiff","article_modified_time":"2026-03-06T10:38:31+00:00","og_image":[{"width":1500,"height":325,"url":"https:\/\/www.outdoorcardiff.com\/wp-content\/uploads\/insects.png","type":"image\/png"}],"twitter_card":"summary_large_image","twitter_misc":{"Est. reading time":"4 minutes"},"schema":{"@context":"https:\/\/schema.org","@graph":[{"@type":"WebPage","@id":"https:\/\/www.outdoorcardiff.com\/cy\/bioamrywiaeth\/partneriaeth-natur-leol-caerdydd\/","url":"https:\/\/www.outdoorcardiff.com\/cy\/bioamrywiaeth\/partneriaeth-natur-leol-caerdydd\/","name":"Partneriaeth Natur Leol Caerdydd - Outdoor Cardiff","isPartOf":{"@id":"https:\/\/www.outdoorcardiff.com\/cy\/#website"},"primaryImageOfPage":{"@id":"https:\/\/www.outdoorcardiff.com\/cy\/bioamrywiaeth\/partneriaeth-natur-leol-caerdydd\/#primaryimage"},"image":{"@id":"https:\/\/www.outdoorcardiff.com\/cy\/bioamrywiaeth\/partneriaeth-natur-leol-caerdydd\/#primaryimage"},"thumbnailUrl":"https:\/\/www.outdoorcardiff.com\/wp-content\/uploads\/insects.png","datePublished":"2024-01-23T12:45:57+00:00","dateModified":"2026-03-06T10:38:31+00:00","breadcrumb":{"@id":"https:\/\/www.outdoorcardiff.com\/cy\/bioamrywiaeth\/partneriaeth-natur-leol-caerdydd\/#breadcrumb"},"inLanguage":"cy","potentialAction":[{"@type":"ReadAction","target":["https:\/\/www.outdoorcardiff.com\/cy\/bioamrywiaeth\/partneriaeth-natur-leol-caerdydd\/"]}]},{"@type":"ImageObject","inLanguage":"cy","@id":"https:\/\/www.outdoorcardiff.com\/cy\/bioamrywiaeth\/partneriaeth-natur-leol-caerdydd\/#primaryimage","url":"https:\/\/www.outdoorcardiff.com\/wp-content\/uploads\/insects.png","contentUrl":"https:\/\/www.outdoorcardiff.com\/wp-content\/uploads\/insects.png"},{"@type":"BreadcrumbList","@id":"https:\/\/www.outdoorcardiff.com\/cy\/bioamrywiaeth\/partneriaeth-natur-leol-caerdydd\/#breadcrumb","itemListElement":[{"@type":"ListItem","position":1,"name":"Hafan","item":"https:\/\/www.outdoorcardiff.com\/cy\/croeso-i-awyr-agored-caerdydd-2\/"},{"@type":"ListItem","position":2,"name":"Bywyd Gwyllt a Bioamrywiaeth","item":"https:\/\/www.outdoorcardiff.com\/cy\/bioamrywiaeth\/"},{"@type":"ListItem","position":3,"name":"Partneriaeth Natur Leol Caerdydd"}]},{"@type":"WebSite","@id":"https:\/\/www.outdoorcardiff.com\/cy\/#website","url":"https:\/\/www.outdoorcardiff.com\/cy\/","name":"Outdoor Cardiff","description":"Explore Cardiff&#039;s trails","potentialAction":[{"@type":"SearchAction","target":{"@type":"EntryPoint","urlTemplate":"https:\/\/www.outdoorcardiff.com\/cy\/?s={search_term_string}"},"query-input":{"@type":"PropertyValueSpecification","valueRequired":true,"valueName":"search_term_string"}}],"inLanguage":"cy"}]}},"_links":{"self":[{"href":"https:\/\/www.outdoorcardiff.com\/cy\/wp-json\/wp\/v2\/pages\/7475","targetHints":{"allow":["GET"]}}],"collection":[{"href":"https:\/\/www.outdoorcardiff.com\/cy\/wp-json\/wp\/v2\/pages"}],"about":[{"href":"https:\/\/www.outdoorcardiff.com\/cy\/wp-json\/wp\/v2\/types\/page"}],"author":[{"embeddable":true,"href":"https:\/\/www.outdoorcardiff.com\/cy\/wp-json\/wp\/v2\/users\/16"}],"replies":[{"embeddable":true,"href":"https:\/\/www.outdoorcardiff.com\/cy\/wp-json\/wp\/v2\/comments?post=7475"}],"version-history":[{"count":7,"href":"https:\/\/www.outdoorcardiff.com\/cy\/wp-json\/wp\/v2\/pages\/7475\/revisions"}],"predecessor-version":[{"id":9470,"href":"https:\/\/www.outdoorcardiff.com\/cy\/wp-json\/wp\/v2\/pages\/7475\/revisions\/9470"}],"up":[{"embeddable":true,"href":"https:\/\/www.outdoorcardiff.com\/cy\/wp-json\/wp\/v2\/pages\/826"}],"wp:attachment":[{"href":"https:\/\/www.outdoorcardiff.com\/cy\/wp-json\/wp\/v2\/media?parent=7475"}],"curies":[{"name":"wp","href":"https:\/\/api.w.org\/{rel}","templated":true}]}}