{"id":6708,"date":"2022-08-22T09:15:47","date_gmt":"2022-08-22T09:15:47","guid":{"rendered":"https:\/\/www.outdoorcardiff.com\/?page_id=6708"},"modified":"2022-09-20T13:11:35","modified_gmt":"2022-09-20T13:11:35","slug":"ditectifs-bywyd-gwyllt-caerdydd","status":"publish","type":"page","link":"https:\/\/www.outdoorcardiff.com\/cy\/parciau\/ditectifs-bywyd-gwyllt-caerdydd\/","title":{"rendered":"Ditectifs Bywyd Gwyllt Caerdydd"},"content":{"rendered":"<div class=\"wpb-content-wrapper\"><p>[vc_row][vc_column][vc_column_text]<\/p>\n<h2 style=\"text-align: center;\">Ditectifs Bywyd Gwyllt Caerdydd yw&#8217;r clwb bywyd gwyllt mwyaf cyffrous i deuluoedd yng Nghaerdydd!<\/h2>\n<p>[\/vc_column_text]<div class=\"single_image wpb_content_element align-center  animate   \" data-animation=\"fade-in\" data-delay=\"0\"><img loading=\"lazy\" decoding=\"async\" width=\"608\" height=\"284\" src=\"https:\/\/www.outdoorcardiff.com\/wp-content\/uploads\/CWD-Welsh-logo.png\" class=\"attachment-large\" alt=\"Ditectifs Bywyd Gwyllt Caerdydd\" title=\"Ditectifs Bywyd Gwyllt Caerdydd\" srcset=\"https:\/\/www.outdoorcardiff.com\/wp-content\/uploads\/CWD-Welsh-logo.png 608w, https:\/\/www.outdoorcardiff.com\/wp-content\/uploads\/CWD-Welsh-logo-300x140.png 300w\" sizes=\"auto, (max-width: 608px) 100vw, 608px\" \/><\/div>[\/vc_column][\/vc_row][vc_row][vc_column][vc_column_text]Dewch i gael hwyl a sbri yn eich wel\u00ees, i ddod ynghyd ar gyfer teithiau cerdded ym myd natur a chwilota am fwystfilod bach &#8211; mae gennym llond trol o hwyl i&#8217;r teulu cyfan. Mae pob sesiwn yn cael eu harwain gan d\u00eem <span class=\"VIiyi\" lang=\"cy\"><span class=\"JLqJ4b ChMk0b\" data-language-for-alternatives=\"cy\" data-language-to-translate-into=\"en\" data-phrase-index=\"0\" data-number-of-phrases=\"1\"><span class=\"Q4iAWc\">T\u00eem Parciau Cyngor Caerdydd<\/span><\/span><\/span> i helpu i ddod \u00e2 chi a&#8217;ch teulu yn agosach at natur trwy gydol y flwyddyn.<\/p>\n<p>Ymunwch \u00e2 ni bob mis neu mor aml ag sy&#8217;n bosib i chi.<\/p>\n<p>Rydym yn cwrdd ar y trydydd dydd Sul o bob mis (ac eithrio mis Awst).<\/p>\n<p>Rhannwch eich lluniau at Twitter <a href=\"https:\/\/twitter.com\/cyngorcaerdydd\">@CyngorCaerdydd<\/a> #<a href=\"https:\/\/twitter.com\/search?q=CaerdyddGwyllt&amp;src=typed_query&amp;f=live\">CaerdyddGwyllt<\/a><\/p>\n<p>Digwyddiad i blant a theuluoedd yw hwn. Rhaid i bob oedolyn (dros 18 oed) fod \u00e2 phlentyn o dan 16 oed.<\/p>\n<div class=\"em-view-container\" id=\"em-view-1819731224\" data-view=\"list\">\r\n\t<div class=\"em-list em-events-list\" id=\"em-events-list-1819731224\" data-view-id=\"1819731224\">\r\n\t Mae'n ddrwg gennym nad oes unrhyw ddigwyddiadau ar y gweill.\t<\/div>\r\n<\/div>[\/vc_column_text]<a href=\"https:\/\/www.eventbrite.com\/o\/cardiff-county-council-52794843943\" target=\"\" class=\"button color-2 large \" style=\"border-radius: 2px;\">Archebwch docynnau <\/a><div class=\"spacer\" style=\"height: 40px;\"><\/div>[vc_column_text]<\/p>\n<p style=\"text-align: left;\">Os oes gennych chi unrhyw ymholiadau yngl\u0177n ag Ditectifs bywyd gwyllt Caerdydd, cysylltwch \u00e2 <a href=\"https:\/\/www.outdoorcardiff.com\/cy\/cysylltu-a-ni\/\"><span class=\"VIiyi\" lang=\"cy\"><span class=\"JLqJ4b ChMk0b\" data-language-for-alternatives=\"cy\" data-language-to-translate-into=\"en\" data-phrase-index=\"0\" data-number-of-phrases=\"1\"><span class=\"Q4iAWc\">T\u00eem Parciau Cyngor Caerdydd<\/span><\/span><\/span><\/a>.<\/p>\n<p>[\/vc_column_text]<div class=\"single_image wpb_content_element align-center  animate   \" data-animation=\"fade-in\" data-delay=\"0\"><img loading=\"lazy\" decoding=\"async\" width=\"1000\" height=\"667\" src=\"https:\/\/www.outdoorcardiff.com\/wp-content\/uploads\/2348-RSPB_Forest-Farm-001.jpg\" class=\"attachment-large\" alt=\"\" title=\"2348 RSPB_Forest Farm 001\" srcset=\"https:\/\/www.outdoorcardiff.com\/wp-content\/uploads\/2348-RSPB_Forest-Farm-001.jpg 1000w, https:\/\/www.outdoorcardiff.com\/wp-content\/uploads\/2348-RSPB_Forest-Farm-001-300x200.jpg 300w, https:\/\/www.outdoorcardiff.com\/wp-content\/uploads\/2348-RSPB_Forest-Farm-001-768x512.jpg 768w, https:\/\/www.outdoorcardiff.com\/wp-content\/uploads\/2348-RSPB_Forest-Farm-001-600x400.jpg 600w\" sizes=\"auto, (max-width: 1000px) 100vw, 1000px\" \/><\/div>[\/vc_column][\/vc_row]<\/p>\n<\/div>","protected":false},"excerpt":{"rendered":"<p>[vc_row][vc_column][vc_column_text] Ditectifs Bywyd Gwyllt Caerdydd yw&#8217;r clwb bywyd gwyllt mwyaf cyffrous i deuluoedd yng Nghaerdydd! [\/vc_column_text][\/vc_column][\/vc_row][vc_row][vc_column][vc_column_text]Dewch i gael hwyl a sbri yn eich wel\u00ees, i ddod ynghyd ar gyfer teithiau cerdded ym myd natur a chwilota am fwystfilod bach &#8211; mae gennym llond trol o hwyl i&#8217;r teulu cyfan. Mae pob sesiwn yn cael eu harwain gan d\u00eem T\u00eem Parciau Cyngor Caerdydd i helpu i ddod \u00e2 chi a&#8217;ch teulu yn agosach at natur trwy gydol y flwyddyn. Ymunwch \u00e2 ni bob mis neu mor aml ag sy&#8217;n bosib i chi. Rydym yn cwrdd ar y trydydd dydd Sul o bob mis (ac eithrio mis Awst). Rhannwch eich lluniau at Twitter @CyngorCaerdydd #CaerdyddGwyllt Digwyddiad i blant a theuluoedd yw hwn. Rhaid i bob oedolyn (dros 18 oed) fod \u00e2 phlentyn o dan 16 oed. [\/vc_column_text][vc_column_text] Os oes gennych chi unrhyw ymholiadau yngl\u0177n ag Ditectifs bywyd gwyllt Caerdydd, cysylltwch \u00e2 T\u00eem Parciau Cyngor Caerdydd. [\/vc_column_text][\/vc_column][\/vc_row]<\/p>\n","protected":false},"author":16,"featured_media":0,"parent":3194,"menu_order":0,"comment_status":"closed","ping_status":"closed","template":"parks.php","meta":{"_acf_changed":false,"footnotes":""},"class_list":["post-6708","page","type-page","status-publish","hentry"],"acf":[],"yoast_head":"<!-- This site is optimized with the Yoast SEO plugin v27.3 - https:\/\/yoast.com\/product\/yoast-seo-wordpress\/ -->\n<title>Ditectifs Bywyd Gwyllt Caerdydd - Outdoor Cardiff<\/title>\n<meta name=\"robots\" content=\"index, follow, max-snippet:-1, max-image-preview:large, max-video-preview:-1\" \/>\n<link rel=\"canonical\" href=\"https:\/\/www.outdoorcardiff.com\/cy\/parciau\/ditectifs-bywyd-gwyllt-caerdydd\/\" \/>\n<meta property=\"og:locale\" content=\"en_US\" \/>\n<meta property=\"og:type\" content=\"article\" \/>\n<meta property=\"og:title\" content=\"Ditectifs Bywyd Gwyllt Caerdydd - Outdoor Cardiff\" \/>\n<meta property=\"og:description\" content=\"[vc_row][vc_column][vc_column_text] Ditectifs Bywyd Gwyllt Caerdydd yw&#8217;r clwb bywyd gwyllt mwyaf cyffrous i deuluoedd yng Nghaerdydd! [\/vc_column_text][\/vc_column][\/vc_row][vc_row][vc_column][vc_column_text]Dewch i gael hwyl a sbri yn eich wel\u00ees, i ddod ynghyd ar gyfer teithiau cerdded ym myd natur a chwilota am fwystfilod bach &#8211; mae gennym llond trol o hwyl i&#8217;r teulu cyfan. Mae pob sesiwn yn cael eu harwain gan d\u00eem T\u00eem Parciau Cyngor Caerdydd i helpu i ddod \u00e2 chi a&#8217;ch teulu yn agosach at natur trwy gydol y flwyddyn. Ymunwch \u00e2 ni bob mis neu mor aml ag sy&#8217;n bosib i chi. Rydym yn cwrdd ar y trydydd dydd Sul o bob mis (ac eithrio mis Awst). Rhannwch eich lluniau at Twitter @CyngorCaerdydd #CaerdyddGwyllt Digwyddiad i blant a theuluoedd yw hwn. Rhaid i bob oedolyn (dros 18 oed) fod \u00e2 phlentyn o dan 16 oed. [\/vc_column_text][vc_column_text] Os oes gennych chi unrhyw ymholiadau yngl\u0177n ag Ditectifs bywyd gwyllt Caerdydd, cysylltwch \u00e2 T\u00eem Parciau Cyngor Caerdydd. [\/vc_column_text][\/vc_column][\/vc_row]\" \/>\n<meta property=\"og:url\" content=\"https:\/\/www.outdoorcardiff.com\/cy\/parciau\/ditectifs-bywyd-gwyllt-caerdydd\/\" \/>\n<meta property=\"og:site_name\" content=\"Outdoor Cardiff\" \/>\n<meta property=\"article:modified_time\" content=\"2022-09-20T13:11:35+00:00\" \/>\n<meta property=\"og:image\" content=\"https:\/\/www.outdoorcardiff.com\/wp-content\/uploads\/2016\/04\/OutdoorLogo.jpg\" \/>\n\t<meta property=\"og:image:width\" content=\"430\" \/>\n\t<meta property=\"og:image:height\" content=\"95\" \/>\n\t<meta property=\"og:image:type\" content=\"image\/jpeg\" \/>\n<meta name=\"twitter:card\" content=\"summary_large_image\" \/>\n<meta name=\"twitter:label1\" content=\"Est. reading time\" \/>\n\t<meta name=\"twitter:data1\" content=\"1 minute\" \/>\n<script type=\"application\/ld+json\" class=\"yoast-schema-graph\">{\"@context\":\"https:\\\/\\\/schema.org\",\"@graph\":[{\"@type\":\"WebPage\",\"@id\":\"https:\\\/\\\/www.outdoorcardiff.com\\\/cy\\\/parciau\\\/ditectifs-bywyd-gwyllt-caerdydd\\\/\",\"url\":\"https:\\\/\\\/www.outdoorcardiff.com\\\/cy\\\/parciau\\\/ditectifs-bywyd-gwyllt-caerdydd\\\/\",\"name\":\"Ditectifs Bywyd Gwyllt Caerdydd - Outdoor Cardiff\",\"isPartOf\":{\"@id\":\"https:\\\/\\\/www.outdoorcardiff.com\\\/cy\\\/#website\"},\"datePublished\":\"2022-08-22T09:15:47+00:00\",\"dateModified\":\"2022-09-20T13:11:35+00:00\",\"breadcrumb\":{\"@id\":\"https:\\\/\\\/www.outdoorcardiff.com\\\/cy\\\/parciau\\\/ditectifs-bywyd-gwyllt-caerdydd\\\/#breadcrumb\"},\"inLanguage\":\"cy\",\"potentialAction\":[{\"@type\":\"ReadAction\",\"target\":[\"https:\\\/\\\/www.outdoorcardiff.com\\\/cy\\\/parciau\\\/ditectifs-bywyd-gwyllt-caerdydd\\\/\"]}]},{\"@type\":\"BreadcrumbList\",\"@id\":\"https:\\\/\\\/www.outdoorcardiff.com\\\/cy\\\/parciau\\\/ditectifs-bywyd-gwyllt-caerdydd\\\/#breadcrumb\",\"itemListElement\":[{\"@type\":\"ListItem\",\"position\":1,\"name\":\"Hafan\",\"item\":\"https:\\\/\\\/www.outdoorcardiff.com\\\/cy\\\/croeso-i-awyr-agored-caerdydd-2\\\/\"},{\"@type\":\"ListItem\",\"position\":2,\"name\":\"Parciau yng Nghaerdydd\",\"item\":\"https:\\\/\\\/www.outdoorcardiff.com\\\/cy\\\/parciau\\\/\"},{\"@type\":\"ListItem\",\"position\":3,\"name\":\"Ditectifs Bywyd Gwyllt Caerdydd\"}]},{\"@type\":\"WebSite\",\"@id\":\"https:\\\/\\\/www.outdoorcardiff.com\\\/cy\\\/#website\",\"url\":\"https:\\\/\\\/www.outdoorcardiff.com\\\/cy\\\/\",\"name\":\"Outdoor Cardiff\",\"description\":\"Explore Cardiff&#039;s trails\",\"potentialAction\":[{\"@type\":\"SearchAction\",\"target\":{\"@type\":\"EntryPoint\",\"urlTemplate\":\"https:\\\/\\\/www.outdoorcardiff.com\\\/cy\\\/?s={search_term_string}\"},\"query-input\":{\"@type\":\"PropertyValueSpecification\",\"valueRequired\":true,\"valueName\":\"search_term_string\"}}],\"inLanguage\":\"cy\"}]}<\/script>\n<!-- \/ Yoast SEO plugin. -->","yoast_head_json":{"title":"Ditectifs Bywyd Gwyllt Caerdydd - Outdoor Cardiff","robots":{"index":"index","follow":"follow","max-snippet":"max-snippet:-1","max-image-preview":"max-image-preview:large","max-video-preview":"max-video-preview:-1"},"canonical":"https:\/\/www.outdoorcardiff.com\/cy\/parciau\/ditectifs-bywyd-gwyllt-caerdydd\/","og_locale":"en_US","og_type":"article","og_title":"Ditectifs Bywyd Gwyllt Caerdydd - Outdoor Cardiff","og_description":"[vc_row][vc_column][vc_column_text] Ditectifs Bywyd Gwyllt Caerdydd yw&#8217;r clwb bywyd gwyllt mwyaf cyffrous i deuluoedd yng Nghaerdydd! [\/vc_column_text][\/vc_column][\/vc_row][vc_row][vc_column][vc_column_text]Dewch i gael hwyl a sbri yn eich wel\u00ees, i ddod ynghyd ar gyfer teithiau cerdded ym myd natur a chwilota am fwystfilod bach &#8211; mae gennym llond trol o hwyl i&#8217;r teulu cyfan. Mae pob sesiwn yn cael eu harwain gan d\u00eem T\u00eem Parciau Cyngor Caerdydd i helpu i ddod \u00e2 chi a&#8217;ch teulu yn agosach at natur trwy gydol y flwyddyn. Ymunwch \u00e2 ni bob mis neu mor aml ag sy&#8217;n bosib i chi. Rydym yn cwrdd ar y trydydd dydd Sul o bob mis (ac eithrio mis Awst). Rhannwch eich lluniau at Twitter @CyngorCaerdydd #CaerdyddGwyllt Digwyddiad i blant a theuluoedd yw hwn. Rhaid i bob oedolyn (dros 18 oed) fod \u00e2 phlentyn o dan 16 oed. [\/vc_column_text][vc_column_text] Os oes gennych chi unrhyw ymholiadau yngl\u0177n ag Ditectifs bywyd gwyllt Caerdydd, cysylltwch \u00e2 T\u00eem Parciau Cyngor Caerdydd. [\/vc_column_text][\/vc_column][\/vc_row]","og_url":"https:\/\/www.outdoorcardiff.com\/cy\/parciau\/ditectifs-bywyd-gwyllt-caerdydd\/","og_site_name":"Outdoor Cardiff","article_modified_time":"2022-09-20T13:11:35+00:00","og_image":[{"width":430,"height":95,"url":"https:\/\/www.outdoorcardiff.com\/wp-content\/uploads\/2016\/04\/OutdoorLogo.jpg","type":"image\/jpeg"}],"twitter_card":"summary_large_image","twitter_misc":{"Est. reading time":"1 minute"},"schema":{"@context":"https:\/\/schema.org","@graph":[{"@type":"WebPage","@id":"https:\/\/www.outdoorcardiff.com\/cy\/parciau\/ditectifs-bywyd-gwyllt-caerdydd\/","url":"https:\/\/www.outdoorcardiff.com\/cy\/parciau\/ditectifs-bywyd-gwyllt-caerdydd\/","name":"Ditectifs Bywyd Gwyllt Caerdydd - Outdoor Cardiff","isPartOf":{"@id":"https:\/\/www.outdoorcardiff.com\/cy\/#website"},"datePublished":"2022-08-22T09:15:47+00:00","dateModified":"2022-09-20T13:11:35+00:00","breadcrumb":{"@id":"https:\/\/www.outdoorcardiff.com\/cy\/parciau\/ditectifs-bywyd-gwyllt-caerdydd\/#breadcrumb"},"inLanguage":"cy","potentialAction":[{"@type":"ReadAction","target":["https:\/\/www.outdoorcardiff.com\/cy\/parciau\/ditectifs-bywyd-gwyllt-caerdydd\/"]}]},{"@type":"BreadcrumbList","@id":"https:\/\/www.outdoorcardiff.com\/cy\/parciau\/ditectifs-bywyd-gwyllt-caerdydd\/#breadcrumb","itemListElement":[{"@type":"ListItem","position":1,"name":"Hafan","item":"https:\/\/www.outdoorcardiff.com\/cy\/croeso-i-awyr-agored-caerdydd-2\/"},{"@type":"ListItem","position":2,"name":"Parciau yng Nghaerdydd","item":"https:\/\/www.outdoorcardiff.com\/cy\/parciau\/"},{"@type":"ListItem","position":3,"name":"Ditectifs Bywyd Gwyllt Caerdydd"}]},{"@type":"WebSite","@id":"https:\/\/www.outdoorcardiff.com\/cy\/#website","url":"https:\/\/www.outdoorcardiff.com\/cy\/","name":"Outdoor Cardiff","description":"Explore Cardiff&#039;s trails","potentialAction":[{"@type":"SearchAction","target":{"@type":"EntryPoint","urlTemplate":"https:\/\/www.outdoorcardiff.com\/cy\/?s={search_term_string}"},"query-input":{"@type":"PropertyValueSpecification","valueRequired":true,"valueName":"search_term_string"}}],"inLanguage":"cy"}]}},"_links":{"self":[{"href":"https:\/\/www.outdoorcardiff.com\/cy\/wp-json\/wp\/v2\/pages\/6708","targetHints":{"allow":["GET"]}}],"collection":[{"href":"https:\/\/www.outdoorcardiff.com\/cy\/wp-json\/wp\/v2\/pages"}],"about":[{"href":"https:\/\/www.outdoorcardiff.com\/cy\/wp-json\/wp\/v2\/types\/page"}],"author":[{"embeddable":true,"href":"https:\/\/www.outdoorcardiff.com\/cy\/wp-json\/wp\/v2\/users\/16"}],"replies":[{"embeddable":true,"href":"https:\/\/www.outdoorcardiff.com\/cy\/wp-json\/wp\/v2\/comments?post=6708"}],"version-history":[{"count":5,"href":"https:\/\/www.outdoorcardiff.com\/cy\/wp-json\/wp\/v2\/pages\/6708\/revisions"}],"predecessor-version":[{"id":6778,"href":"https:\/\/www.outdoorcardiff.com\/cy\/wp-json\/wp\/v2\/pages\/6708\/revisions\/6778"}],"up":[{"embeddable":true,"href":"https:\/\/www.outdoorcardiff.com\/cy\/wp-json\/wp\/v2\/pages\/3194"}],"wp:attachment":[{"href":"https:\/\/www.outdoorcardiff.com\/cy\/wp-json\/wp\/v2\/media?parent=6708"}],"curies":[{"name":"wp","href":"https:\/\/api.w.org\/{rel}","templated":true}]}}