{"id":6595,"date":"2022-07-06T10:50:54","date_gmt":"2022-07-06T10:50:54","guid":{"rendered":"https:\/\/www.outdoorcardiff.com\/?page_id=6595"},"modified":"2024-11-11T16:24:51","modified_gmt":"2024-11-11T16:24:51","slug":"cyfleoedd-gwirfoddoli","status":"publish","type":"page","link":"https:\/\/www.outdoorcardiff.com\/cy\/bioamrywiaeth\/coed-caerdydd\/cyfleoedd-gwirfoddoli\/","title":{"rendered":"Cyfleoedd gwirfoddoli"},"content":{"rendered":"<div class=\"wpb-content-wrapper\"><p>[vc_row][vc_column][vc_column_text]Diolch am eich diddordeb i wirfoddoli gyda phrosiect Coed Caerdydd. Gyda chymorth cymunedau, ein nod yw cynyddu canopi coed Caerdydd o 18.9% i 25% fel rhan o Caerdydd Un Blaned.<\/p>\n<p>Os hoffech gymryd rhan, ymunwch \u00e2&#8217;n rhestr bostio a&#8217;n cyfryngau cymdeithasol i gael gwybod am blannu coed a chyfleoedd gwirfoddoli eraill.<\/p>\n<p>Anfonwch gais atom i ymuno \u00e2&#8217;n rhestr bostio: <a href=\"mailto:coedcaerdyddproject@cardiff.gov.uk\">coedcaerdyddprosiect@caerdydd.gov.uk<\/a><br \/>\nHoffwch a dilynwch ein tudalen Facebook ac ymunwch \u00e2&#8217;n gr\u0175p: <a href=\"http:\/\/www.facebook.com\/CoedCaerdydd\" target=\"\" rel=\"noopener\">@coedcaerdydd<\/a><br \/>\nDilynwch ni ar Twitter: <a href=\"twitter.com\/CoedCaerdydd\" target=\"\" rel=\"noopener\">@coedcaerdydd<\/a><br \/>\nDilynwch ein <a href=\"http:\/\/www.eventbrite.com\/o\/coed-caerdydd-46791623513\">Eventbrite<\/a> i ymuno yn y digwyddiadau sydd i ddod<\/p>\n<h2><strong>Cyfathrebiadau <\/strong><\/h2>\n<p>Byddem wrth ein bodd pe gallai cymaint o bobl \u00e2 phosibl gymryd rhan yn y prosiect.<\/p>\n<p>Helpwch ni i hyrwyddo ein prosiect, ein digwyddiadau, ein ymgynghoriadau a\u2019n cyfleoedd gwirfoddoli drwy rannu ein gwybodaeth drwy\u2019r post a\u2019r cyfryngau cymdeithasol gyda&#8217;ch rhwydweithiau.<\/p>\n<h2><strong>Gwirfoddolwyr plannu coed<\/strong><\/h2>\n<p>Bydd digwyddiadau plannu coed yn rhedeg o ddechrau&#8217;r hydref i&#8217;r gwanwyn.\u00a0 Gallwch gofrestru ar gyfer digwyddiadau unigol ar-lein a bydd cyfeirio i\u2019n dolenni ar gael drwy ein rhestr bostio a&#8217;n cyfryngau cymdeithasol. Dilynwch ein <a href=\"http:\/\/www.eventbrite.com\/o\/coed-caerdydd-46791623513\">Eventbrite<\/a> i ymuno yn y digwyddiadau sydd i ddod.<\/p>\n<p>Os oes gennych ddiddordeb mewn gwirfoddoli gyda ni ar draws nifer o ddigwyddiadau plannu, llenwch a chyflwynwch y <a href=\"https:\/\/www.outdoorcardiff.com\/wp-content\/uploads\/Coed-Caerdydd-Volunteer-Form-Welsh.doc\">ffurflen hon a&#8217;i chyflwyno (.doc)<\/a><\/p>\n<h2><strong>Gwirfoddolwyr gwarcheidwaid coed<\/strong><\/h2>\n<p>Mae gofalu am ein coed sydd newydd eu plannu yn hanfodol er mwyn gallu sicrhau twf cynaliadwy yn y canopi ledled Caerdydd.<\/p>\n<p>Mae angen eich help arnom i fonitro safleoedd sydd newydd eu plannu trwy wirio iechyd coed a rhoi gwybod am unrhyw ddifrod. Efallai y bydd tasgau tymhorol hefyd. Er enghraifft:<\/p>\n<ul>\n<li>tynnu lluniau cynnydd,<\/li>\n<li>dyfrio, a<\/li>\n<li>chwynnu.<\/li>\n<\/ul>\n<p>Ar \u00f4l i ni gadarnhau eich manylion, byddwn yn rhoi rhestr o safleoedd i chi yn seiliedig ar eich ardal.\u00a0 Yna gallwch ddewis cymaint o safleoedd i&#8217;w monitro ag y dymunwch.<\/p>\n<p>Yn ogystal \u00e2 chyfleoedd hyfforddi wyneb yn wyneb blynyddol, byddwn hefyd yn darparu adnoddau hyfforddi ar gyfer eich tasgau, gan gynnwys unrhyw wybodaeth rheoli risg.<\/p>\n<p>Os oes gennych ddiddordeb mewn dod yn &#8220;Warcheidwad Coed&#8221;, llenwch y <a href=\"https:\/\/www.outdoorcardiff.com\/wp-content\/uploads\/Coed-Caerdydd-Volunteer-Form-Welsh.doc\">ffurflen hon a&#8217;i chyflwyno (.doc)<\/a><\/p>\n<h2><strong>Gwirfoddolwyr planhigfa goed<\/strong><\/h2>\n<p>Mae gofalu am ein stoc coed gydol y flwyddyn yn ein planhigfa goed yn Fferm y Fforest yn hanfodol er mwyn gallu plannu coed iach ledled Caerdydd.<\/p>\n<p>Mae angen eich help arnom i gwblhau tasgau rheolaidd, megis dyfrio a chwynnu, a thasgau tymhorol, megis codi a bwndelu stoc, a chasglu hadau ar gyfer lluosogi.<\/p>\n<p>Dros y tymor hwy, gobeithiwn luosogi stoc coed o dras leol drwy gasglu hadau&#8217;n flynyddol a&#8217;u tyfu ymlaen. Bydd hyn yn helpu i atal rhagor o glefydau a phl\u00e2u coed rhag lledaenu a bydd yn creu gwydnwch yn ein coed yn y dyfodol.<\/p>\n<p>Byddem yn gofyn i chi roi hyd at ddwy awr o&#8217;ch amser yr wythnos ac rydym yn cynnig sesiynau bob yn ail Ddydd Mercher a Dydd Sadwrn. Fel arfer bydd y sesiynau rhwng 10am a 12pm yn Fferm y Fforest.<\/p>\n<p>Unwaith y byddwn wedi cadarnhau eich manylion, byddwn yn rhoi gwybod i chi am sesiynau planhigfa goed sydd ar y gweill.<\/p>\n<p>Os oes gennych ddiddordeb, llenwch y <a href=\"https:\/\/www.outdoorcardiff.com\/wp-content\/uploads\/Coed-Caerdydd-Volunteer-Form-Welsh.doc\">ffurflen hon a&#8217;i chyflwyno (.doc)<\/a><\/p>\n<h2><strong>Mapio Rhestr Coed Hynafol<\/strong><\/h2>\n<p>Rydym yn gweithio gyda Choed Cadw i hyrwyddo eu Rhestr o Goed Hynafol.<\/p>\n<p>Maent yn gofyn am wirfoddolwyr er mwyn helpu i fapio coed hynafol, aeddfed iawn a nodedig Caerdydd a&#8217;u hychwanegu at eu cronfa ddata. Bydd hyn yn helpu i ddiogelu rhai o&#8217;n coed mwyaf gwerthfawr sydd wedi bod o gwmpas ers cannoedd o flynyddoedd.<\/p>\n<p>Os oes gennych ddiddordeb, ewch i wefan Coed Cadw i gael gwybod mwy a chymryd rhan:\u00a0 <a href=\"https:\/\/ati.woodlandtrust.org.uk\/\" target=\"\" rel=\"noopener\">Rhestr Coed Hynafol &#8211; Coed Cadw<\/a><\/p>\n<p>Byddwn yn cynnal sesiynau hyfforddi ar sut i fapio coed hynafol, aeddfed iawn a rhai nodedig posibl. Cysylltwch \u00e2 ni i gael rhagor o wybodaeth: <a href=\"mailto:coedcaerdyddproject@cardiff.gov.uk\">coedcaerdyddproject@cardiff.gov.uk<\/a>[\/vc_column_text][\/vc_column][\/vc_row][vc_row][vc_column width=&#8221;1\/1&#8243;]<div class=\"divider divider1\" style='margin:60px 0 60px 0 !important;'><\/div>[vc_column_text]<\/p>\n<h3>Gweler hefyd:<\/h3>\n<p><a title=\"Beth yw Coed Caerdydd?\" href=\"\/cy\/bioamrywiaeth\/coed-caerdydd\/beth-yw-coed-caerdydd\/\">Beth yw Coed Caerdydd?<\/a> | <a title=\"Enwebu safleoedd, gofyn a chyfrannu coed\" href=\"\/cy\/bioamrywiaeth\/coed-caerdydd\/enwebu-safleoedd-gofyn-a-chyfrannu-coed\/\">Enwebu safleoedd, gofyn a chyfrannu coed<\/a> | Cyfleoedd gwirfoddoli[\/vc_column_text][\/vc_column][\/vc_row]<\/p>\n<\/div>","protected":false},"excerpt":{"rendered":"<p>[vc_row][vc_column][vc_column_text]Diolch am eich diddordeb i wirfoddoli gyda phrosiect Coed Caerdydd. Gyda chymorth cymunedau, ein nod yw cynyddu canopi coed Caerdydd o 18.9% i 25% fel rhan o Caerdydd Un Blaned. Os hoffech gymryd rhan, ymunwch \u00e2&#8217;n rhestr bostio a&#8217;n cyfryngau cymdeithasol i gael gwybod am blannu coed a chyfleoedd gwirfoddoli eraill. Anfonwch gais atom i ymuno \u00e2&#8217;n rhestr bostio: coedcaerdyddprosiect@caerdydd.gov.uk Hoffwch a dilynwch ein tudalen Facebook ac ymunwch \u00e2&#8217;n gr\u0175p: @coedcaerdydd Dilynwch ni ar Twitter: @coedcaerdydd Dilynwch ein Eventbrite i ymuno yn y digwyddiadau sydd i ddod Cyfathrebiadau Byddem wrth ein bodd pe gallai cymaint o bobl \u00e2 phosibl gymryd rhan yn y prosiect. Helpwch ni i hyrwyddo ein prosiect, ein digwyddiadau, ein ymgynghoriadau a\u2019n cyfleoedd gwirfoddoli drwy rannu ein gwybodaeth drwy\u2019r post a\u2019r cyfryngau cymdeithasol gyda&#8217;ch rhwydweithiau. Gwirfoddolwyr plannu coed Bydd digwyddiadau plannu coed yn rhedeg o ddechrau&#8217;r hydref i&#8217;r gwanwyn.\u00a0 Gallwch gofrestru ar gyfer digwyddiadau unigol ar-lein a bydd cyfeirio i\u2019n dolenni ar gael drwy ein rhestr bostio a&#8217;n cyfryngau cymdeithasol. Dilynwch ein Eventbrite i ymuno yn y digwyddiadau sydd i ddod. Os oes gennych ddiddordeb mewn gwirfoddoli gyda ni ar draws nifer o ddigwyddiadau plannu, llenwch a chyflwynwch y ffurflen hon a&#8217;i chyflwyno (.doc) Gwirfoddolwyr gwarcheidwaid coed [&hellip;]<\/p>\n","protected":false},"author":16,"featured_media":0,"parent":5937,"menu_order":0,"comment_status":"closed","ping_status":"closed","template":"","meta":{"_acf_changed":false,"footnotes":""},"class_list":["post-6595","page","type-page","status-publish","hentry"],"acf":[],"yoast_head":"<!-- This site is optimized with the Yoast SEO plugin v27.2 - https:\/\/yoast.com\/product\/yoast-seo-wordpress\/ -->\n<title>Cyfleoedd gwirfoddoli - Outdoor Cardiff<\/title>\n<meta name=\"robots\" content=\"index, follow, max-snippet:-1, max-image-preview:large, max-video-preview:-1\" \/>\n<link rel=\"canonical\" href=\"https:\/\/www.outdoorcardiff.com\/cy\/bioamrywiaeth\/coed-caerdydd\/cyfleoedd-gwirfoddoli\/\" \/>\n<meta property=\"og:locale\" content=\"en_US\" \/>\n<meta property=\"og:type\" content=\"article\" \/>\n<meta property=\"og:title\" content=\"Cyfleoedd gwirfoddoli - Outdoor Cardiff\" \/>\n<meta property=\"og:description\" content=\"[vc_row][vc_column][vc_column_text]Diolch am eich diddordeb i wirfoddoli gyda phrosiect Coed Caerdydd. Gyda chymorth cymunedau, ein nod yw cynyddu canopi coed Caerdydd o 18.9% i 25% fel rhan o Caerdydd Un Blaned. Os hoffech gymryd rhan, ymunwch \u00e2&#8217;n rhestr bostio a&#8217;n cyfryngau cymdeithasol i gael gwybod am blannu coed a chyfleoedd gwirfoddoli eraill. Anfonwch gais atom i ymuno \u00e2&#8217;n rhestr bostio: coedcaerdyddprosiect@caerdydd.gov.uk Hoffwch a dilynwch ein tudalen Facebook ac ymunwch \u00e2&#8217;n gr\u0175p: @coedcaerdydd Dilynwch ni ar Twitter: @coedcaerdydd Dilynwch ein Eventbrite i ymuno yn y digwyddiadau sydd i ddod Cyfathrebiadau Byddem wrth ein bodd pe gallai cymaint o bobl \u00e2 phosibl gymryd rhan yn y prosiect. Helpwch ni i hyrwyddo ein prosiect, ein digwyddiadau, ein ymgynghoriadau a\u2019n cyfleoedd gwirfoddoli drwy rannu ein gwybodaeth drwy\u2019r post a\u2019r cyfryngau cymdeithasol gyda&#8217;ch rhwydweithiau. Gwirfoddolwyr plannu coed Bydd digwyddiadau plannu coed yn rhedeg o ddechrau&#8217;r hydref i&#8217;r gwanwyn.\u00a0 Gallwch gofrestru ar gyfer digwyddiadau unigol ar-lein a bydd cyfeirio i\u2019n dolenni ar gael drwy ein rhestr bostio a&#8217;n cyfryngau cymdeithasol. Dilynwch ein Eventbrite i ymuno yn y digwyddiadau sydd i ddod. Os oes gennych ddiddordeb mewn gwirfoddoli gyda ni ar draws nifer o ddigwyddiadau plannu, llenwch a chyflwynwch y ffurflen hon a&#8217;i chyflwyno (.doc) Gwirfoddolwyr gwarcheidwaid coed [&hellip;]\" \/>\n<meta property=\"og:url\" content=\"https:\/\/www.outdoorcardiff.com\/cy\/bioamrywiaeth\/coed-caerdydd\/cyfleoedd-gwirfoddoli\/\" \/>\n<meta property=\"og:site_name\" content=\"Outdoor Cardiff\" \/>\n<meta property=\"article:modified_time\" content=\"2024-11-11T16:24:51+00:00\" \/>\n<meta property=\"og:image\" content=\"https:\/\/www.outdoorcardiff.com\/wp-content\/uploads\/2016\/04\/OutdoorLogo.jpg\" \/>\n\t<meta property=\"og:image:width\" content=\"430\" \/>\n\t<meta property=\"og:image:height\" content=\"95\" \/>\n\t<meta property=\"og:image:type\" content=\"image\/jpeg\" \/>\n<meta name=\"twitter:card\" content=\"summary_large_image\" \/>\n<meta name=\"twitter:label1\" content=\"Est. reading time\" \/>\n\t<meta name=\"twitter:data1\" content=\"3 minutes\" \/>\n<script type=\"application\/ld+json\" class=\"yoast-schema-graph\">{\"@context\":\"https:\/\/schema.org\",\"@graph\":[{\"@type\":\"WebPage\",\"@id\":\"https:\/\/www.outdoorcardiff.com\/cy\/bioamrywiaeth\/coed-caerdydd\/cyfleoedd-gwirfoddoli\/\",\"url\":\"https:\/\/www.outdoorcardiff.com\/cy\/bioamrywiaeth\/coed-caerdydd\/cyfleoedd-gwirfoddoli\/\",\"name\":\"Cyfleoedd gwirfoddoli - Outdoor Cardiff\",\"isPartOf\":{\"@id\":\"https:\/\/www.outdoorcardiff.com\/cy\/#website\"},\"datePublished\":\"2022-07-06T10:50:54+00:00\",\"dateModified\":\"2024-11-11T16:24:51+00:00\",\"breadcrumb\":{\"@id\":\"https:\/\/www.outdoorcardiff.com\/cy\/bioamrywiaeth\/coed-caerdydd\/cyfleoedd-gwirfoddoli\/#breadcrumb\"},\"inLanguage\":\"cy\",\"potentialAction\":[{\"@type\":\"ReadAction\",\"target\":[\"https:\/\/www.outdoorcardiff.com\/cy\/bioamrywiaeth\/coed-caerdydd\/cyfleoedd-gwirfoddoli\/\"]}]},{\"@type\":\"BreadcrumbList\",\"@id\":\"https:\/\/www.outdoorcardiff.com\/cy\/bioamrywiaeth\/coed-caerdydd\/cyfleoedd-gwirfoddoli\/#breadcrumb\",\"itemListElement\":[{\"@type\":\"ListItem\",\"position\":1,\"name\":\"Hafan\",\"item\":\"https:\/\/www.outdoorcardiff.com\/cy\/croeso-i-awyr-agored-caerdydd-2\/\"},{\"@type\":\"ListItem\",\"position\":2,\"name\":\"Bywyd Gwyllt a Bioamrywiaeth\",\"item\":\"https:\/\/www.outdoorcardiff.com\/cy\/bioamrywiaeth\/\"},{\"@type\":\"ListItem\",\"position\":3,\"name\":\"Coed Caerdydd\",\"item\":\"https:\/\/www.outdoorcardiff.com\/cy\/bioamrywiaeth\/coed-caerdydd\/\"},{\"@type\":\"ListItem\",\"position\":4,\"name\":\"Cyfleoedd gwirfoddoli\"}]},{\"@type\":\"WebSite\",\"@id\":\"https:\/\/www.outdoorcardiff.com\/cy\/#website\",\"url\":\"https:\/\/www.outdoorcardiff.com\/cy\/\",\"name\":\"Outdoor Cardiff\",\"description\":\"Explore Cardiff&#039;s trails\",\"potentialAction\":[{\"@type\":\"SearchAction\",\"target\":{\"@type\":\"EntryPoint\",\"urlTemplate\":\"https:\/\/www.outdoorcardiff.com\/cy\/?s={search_term_string}\"},\"query-input\":{\"@type\":\"PropertyValueSpecification\",\"valueRequired\":true,\"valueName\":\"search_term_string\"}}],\"inLanguage\":\"cy\"}]}<\/script>\n<!-- \/ Yoast SEO plugin. -->","yoast_head_json":{"title":"Cyfleoedd gwirfoddoli - Outdoor Cardiff","robots":{"index":"index","follow":"follow","max-snippet":"max-snippet:-1","max-image-preview":"max-image-preview:large","max-video-preview":"max-video-preview:-1"},"canonical":"https:\/\/www.outdoorcardiff.com\/cy\/bioamrywiaeth\/coed-caerdydd\/cyfleoedd-gwirfoddoli\/","og_locale":"en_US","og_type":"article","og_title":"Cyfleoedd gwirfoddoli - Outdoor Cardiff","og_description":"[vc_row][vc_column][vc_column_text]Diolch am eich diddordeb i wirfoddoli gyda phrosiect Coed Caerdydd. Gyda chymorth cymunedau, ein nod yw cynyddu canopi coed Caerdydd o 18.9% i 25% fel rhan o Caerdydd Un Blaned. Os hoffech gymryd rhan, ymunwch \u00e2&#8217;n rhestr bostio a&#8217;n cyfryngau cymdeithasol i gael gwybod am blannu coed a chyfleoedd gwirfoddoli eraill. Anfonwch gais atom i ymuno \u00e2&#8217;n rhestr bostio: coedcaerdyddprosiect@caerdydd.gov.uk Hoffwch a dilynwch ein tudalen Facebook ac ymunwch \u00e2&#8217;n gr\u0175p: @coedcaerdydd Dilynwch ni ar Twitter: @coedcaerdydd Dilynwch ein Eventbrite i ymuno yn y digwyddiadau sydd i ddod Cyfathrebiadau Byddem wrth ein bodd pe gallai cymaint o bobl \u00e2 phosibl gymryd rhan yn y prosiect. Helpwch ni i hyrwyddo ein prosiect, ein digwyddiadau, ein ymgynghoriadau a\u2019n cyfleoedd gwirfoddoli drwy rannu ein gwybodaeth drwy\u2019r post a\u2019r cyfryngau cymdeithasol gyda&#8217;ch rhwydweithiau. Gwirfoddolwyr plannu coed Bydd digwyddiadau plannu coed yn rhedeg o ddechrau&#8217;r hydref i&#8217;r gwanwyn.\u00a0 Gallwch gofrestru ar gyfer digwyddiadau unigol ar-lein a bydd cyfeirio i\u2019n dolenni ar gael drwy ein rhestr bostio a&#8217;n cyfryngau cymdeithasol. Dilynwch ein Eventbrite i ymuno yn y digwyddiadau sydd i ddod. Os oes gennych ddiddordeb mewn gwirfoddoli gyda ni ar draws nifer o ddigwyddiadau plannu, llenwch a chyflwynwch y ffurflen hon a&#8217;i chyflwyno (.doc) Gwirfoddolwyr gwarcheidwaid coed [&hellip;]","og_url":"https:\/\/www.outdoorcardiff.com\/cy\/bioamrywiaeth\/coed-caerdydd\/cyfleoedd-gwirfoddoli\/","og_site_name":"Outdoor Cardiff","article_modified_time":"2024-11-11T16:24:51+00:00","og_image":[{"width":430,"height":95,"url":"https:\/\/www.outdoorcardiff.com\/wp-content\/uploads\/2016\/04\/OutdoorLogo.jpg","type":"image\/jpeg"}],"twitter_card":"summary_large_image","twitter_misc":{"Est. reading time":"3 minutes"},"schema":{"@context":"https:\/\/schema.org","@graph":[{"@type":"WebPage","@id":"https:\/\/www.outdoorcardiff.com\/cy\/bioamrywiaeth\/coed-caerdydd\/cyfleoedd-gwirfoddoli\/","url":"https:\/\/www.outdoorcardiff.com\/cy\/bioamrywiaeth\/coed-caerdydd\/cyfleoedd-gwirfoddoli\/","name":"Cyfleoedd gwirfoddoli - Outdoor Cardiff","isPartOf":{"@id":"https:\/\/www.outdoorcardiff.com\/cy\/#website"},"datePublished":"2022-07-06T10:50:54+00:00","dateModified":"2024-11-11T16:24:51+00:00","breadcrumb":{"@id":"https:\/\/www.outdoorcardiff.com\/cy\/bioamrywiaeth\/coed-caerdydd\/cyfleoedd-gwirfoddoli\/#breadcrumb"},"inLanguage":"cy","potentialAction":[{"@type":"ReadAction","target":["https:\/\/www.outdoorcardiff.com\/cy\/bioamrywiaeth\/coed-caerdydd\/cyfleoedd-gwirfoddoli\/"]}]},{"@type":"BreadcrumbList","@id":"https:\/\/www.outdoorcardiff.com\/cy\/bioamrywiaeth\/coed-caerdydd\/cyfleoedd-gwirfoddoli\/#breadcrumb","itemListElement":[{"@type":"ListItem","position":1,"name":"Hafan","item":"https:\/\/www.outdoorcardiff.com\/cy\/croeso-i-awyr-agored-caerdydd-2\/"},{"@type":"ListItem","position":2,"name":"Bywyd Gwyllt a Bioamrywiaeth","item":"https:\/\/www.outdoorcardiff.com\/cy\/bioamrywiaeth\/"},{"@type":"ListItem","position":3,"name":"Coed Caerdydd","item":"https:\/\/www.outdoorcardiff.com\/cy\/bioamrywiaeth\/coed-caerdydd\/"},{"@type":"ListItem","position":4,"name":"Cyfleoedd gwirfoddoli"}]},{"@type":"WebSite","@id":"https:\/\/www.outdoorcardiff.com\/cy\/#website","url":"https:\/\/www.outdoorcardiff.com\/cy\/","name":"Outdoor Cardiff","description":"Explore Cardiff&#039;s trails","potentialAction":[{"@type":"SearchAction","target":{"@type":"EntryPoint","urlTemplate":"https:\/\/www.outdoorcardiff.com\/cy\/?s={search_term_string}"},"query-input":{"@type":"PropertyValueSpecification","valueRequired":true,"valueName":"search_term_string"}}],"inLanguage":"cy"}]}},"_links":{"self":[{"href":"https:\/\/www.outdoorcardiff.com\/cy\/wp-json\/wp\/v2\/pages\/6595","targetHints":{"allow":["GET"]}}],"collection":[{"href":"https:\/\/www.outdoorcardiff.com\/cy\/wp-json\/wp\/v2\/pages"}],"about":[{"href":"https:\/\/www.outdoorcardiff.com\/cy\/wp-json\/wp\/v2\/types\/page"}],"author":[{"embeddable":true,"href":"https:\/\/www.outdoorcardiff.com\/cy\/wp-json\/wp\/v2\/users\/16"}],"replies":[{"embeddable":true,"href":"https:\/\/www.outdoorcardiff.com\/cy\/wp-json\/wp\/v2\/comments?post=6595"}],"version-history":[{"count":5,"href":"https:\/\/www.outdoorcardiff.com\/cy\/wp-json\/wp\/v2\/pages\/6595\/revisions"}],"predecessor-version":[{"id":8365,"href":"https:\/\/www.outdoorcardiff.com\/cy\/wp-json\/wp\/v2\/pages\/6595\/revisions\/8365"}],"up":[{"embeddable":true,"href":"https:\/\/www.outdoorcardiff.com\/cy\/wp-json\/wp\/v2\/pages\/5937"}],"wp:attachment":[{"href":"https:\/\/www.outdoorcardiff.com\/cy\/wp-json\/wp\/v2\/media?parent=6595"}],"curies":[{"name":"wp","href":"https:\/\/api.w.org\/{rel}","templated":true}]}}