{"id":5407,"date":"2020-10-29T14:15:42","date_gmt":"2020-10-29T14:15:42","guid":{"rendered":"https:\/\/www.outdoorcardiff.com\/?page_id=5407"},"modified":"2024-02-23T16:46:08","modified_gmt":"2024-02-23T16:46:08","slug":"gemau-yn-yr-awyr-iach","status":"publish","type":"page","link":"https:\/\/www.outdoorcardiff.com\/cy\/parciau\/gemau-yn-yr-awyr-iach\/","title":{"rendered":"Gemau yn yr awyr iach"},"content":{"rendered":"<div class=\"wpb-content-wrapper\"><p>[vc_row][vc_column width=&#8221;2\/3&#8243;][vc_column_text]<\/p>\n<p style=\"text-align: center;\">Dyma rai gemau syml llawn hwyl i chi eu chwarae gyda\u2019ch teulu a\u2019ch ffrindiau.<\/p>\n<p>[\/vc_column_text][vc_tta_accordion spacing=&#8221;3&#8243; gap=&#8221;5&#8243; c_icon=&#8221;chevron&#8221; active_section=&#8221;12&#8243; no_fill=&#8221;true&#8221; collapsible_all=&#8221;true&#8221;][vc_tta_section title=&#8221;Beth yw\u2019r amser Mr Blaidd?&#8221; tab_id=&#8221;mrwolf&#8221;][vc_column_text el_class=&#8221;ulcontent&#8221;]<\/p>\n<ul>\n<li>Un person i fod yn Mr Blaidd. Mr Blaidd i fynd i pen arall yr ystafell neu\u2019r cae chwarae heb gwynebu y chwaraewr.<\/li>\n<li>Chwaraewr yn gweddi \u201cbeth yw\u2019r amser Mr Blaidd\u201d. Mr Blaidd yn ateb mewn un ffordd o ddau.<\/li>\n<li>Falle amser cloc sef \u201c 3 o\u2019r gloch\u201d. Chwaraewr yn cymryd 3 cam ymlaen. Mr Blaidd falle yn dweud yr amser cwpwl o weithiau a pawb yn camu ymlaen.<\/li>\n<li>Neu fydd Mr Blaidd yn gweiddi \u201cAmser cinio\u201d<\/li>\n<li>Mr Blaidd yn troi rownd ac yn ceisio dal un o\u2019r chwaraewr cyn iddyn nhw cyrraedd y man dechrau.<\/li>\n<li>Os yn ei dal, nhy fydd Mr Blaid yn y g\u00eam nesaf.<\/li>\n<\/ul>\n<p>[\/vc_column_text][\/vc_tta_section][vc_tta_section title=&#8221;Criced Ffrengig&#8221; tab_id=&#8221;Cricket&#8221;][vc_column_text el_class=&#8221;ulcontent&#8221;]Bydd angen y canlynol arnoch<\/p>\n<ul>\n<li>Bat<\/li>\n<li>P\u00eal<\/li>\n<\/ul>\n<ol>\n<li>Penderfynwch pwy fydd chwaraewr 1, chwaraewr 2 a\u2019r chwaraewyr maes<\/li>\n<li>Chwaraewr 1 i daflu&#8217;r b\u00eal, rhaid i chwaraewr 2 ddefnyddio&#8217;r bat i daro&#8217;r b\u00eal<\/li>\n<li>Mae&#8217;r chwaraewyr maes yn dal y b\u00eal ac yn anelu at daflu&#8217;r b\u00eal at goesau&#8217;r batiwr. Os bydd y chwaraewyr maes yn colli coesau&#8217;r batiwr, rhaid iddynt barhau i geisio wneud hynny. Os ydynt yn llwyddo i daro coesau&#8217;r batiwr gyda&#8217;r b\u00eal, mae&#8217;r batiwr allan a\u2019r sawl sy&#8217;n taro coesau&#8217;r batiwr yw\u2019r nesaf i fatio.<\/li>\n<\/ol>\n<p>[\/vc_column_text][\/vc_tta_section][vc_tta_section title=&#8221;Drysfa Ddall&#8221; tab_id=&#8221;Blindfold&#8221;][vc_column_text el_class=&#8221;ulcontent&#8221;]<strong>Beth bydd ei angen?<\/strong><\/p>\n<ul>\n<li>Llinyn<\/li>\n<li>Siswrn<\/li>\n<li>Mwgwd i\u2019r llygaid<\/li>\n<\/ul>\n<p>&nbsp;<\/p>\n<ol>\n<li>Defnyddiwch linyn i greu drysfa gyda gwahanol uchderau. Gallwch wneud hyn yn eich gardd neu mewn parc.<\/li>\n<li>Rhowch gyfle i\u2019r chwaraewr edrych ble mae\u2019r llinynnau. Ar \u00f4l i&#8217;r chwaraewr edrych, rhowch fwgwd dros ei lygaid, yna torrwch rai o\u2019r llinynnau neu eu gadael i gyd yr un peth i ddrysu&#8217;r chwaraewr.<\/li>\n<li>Dylai chwaraewr 2 ddefnyddio ei lais i gyfeirio\u2019r person sy\u2019n gwisgo\u2019r mwgwd, gan roi cyfarwyddiadau fel &#8216;cama drosodd, cama o dan a cherdda \u2018mlaen&#8217;.<\/li>\n<li>Mae angen i chwaraewr 1 ei gwneud hi o un ochr i&#8217;r ddrysfa i&#8217;r llall gyda chymorth chwaraewr 2 tra&#8217;i fod yn gwisgo\u2019r mwgwd.<\/li>\n<\/ol>\n<p>[\/vc_column_text][\/vc_tta_section][vc_tta_section title=&#8221;G\u00eam Dai yn Dweud&#8221; tab_id=&#8221;SimonSays&#8221;][vc_column_text el_class=&#8221;ulcontent&#8221;]<\/p>\n<ul>\n<li>Mae un person yn cael ei ddweud i fod yn Dai, a\u2019r lleill yw\u2019r chwaraewyr<\/li>\n<li>Gan sefyll gerbron y gr\u0175p, mae Dai yn dweud wrth y chwaraewyr beth i\u2019w wneud<\/li>\n<li>Ond, caiff y chwaraewyr ond dilyn cyfarwyddiadau sy\u2019n dechrau \u00e2\u2019r geiriau \u201cMae Dai yn dweud\u201d<\/li>\n<li>Os yw Dai yn dweud \u201cMae Dai yn dweud cyffyrddwch \u00e2\u2019ch trwyn\u201d yna rhaid i chwaraewyr gyffwrdd eu trwynau.<\/li>\n<li>Ond yw Dai ond yn dweud \u201cCyffyrddwch \u00e2\u2019r trwyn\u201d ddylech chi ddim cyffwrdd \u00e2\u2019ch trwyn<\/li>\n<li>Mae\u2019r rhai sy\u2019n gwneud rhywbeth heb i Dai ddweud \u201cMae Dai yn dweud\u2026\u201d yn gyntaf allan o\u2019r g\u00eam.<\/li>\n<li>Y person olaf ar \u00f4l yw\u2019r enillydd a nhw fydd Dai yn y g\u00eam nesaf<\/li>\n<\/ul>\n<p>[\/vc_column_text][\/vc_tta_section][vc_tta_section title=&#8221;Hwyaden Hwyaden G\u0175ydd&#8221; tab_id=&#8221;duck&#8221;][vc_column_text el_class=&#8221;ulcontent&#8221;]<\/p>\n<ul>\n<li>Penderfynwch pwy fydd chwaraewr 1 a phawb arall i eistedd mewn cylch<\/li>\n<li>Chwaraewr 1 i fynd o amgylch y cylch a thapio pen pob chwaraewr gan ddweud \u201cHwyden\u201d. Rhaid i\u2019r chwaraewr ddewis rhywun i\u2019w herio a dweud \u201cG\u0175ydd\u201d wrth dapio ei ben<\/li>\n<li>Yna, rhaid i&#8217;r ddau chwaraewr redeg o amgylch y cylch a&#8217;r chwaraewr cyntaf yn \u00f4l i&#8217;r gofod gwag sy\u2019n ennill.<\/li>\n<li>Y chwaraewr olaf sy&#8217;n sefyll yw&#8217;r chwaraewr nesaf i fod yn chwaraewr un<\/li>\n<\/ul>\n<p>[\/vc_column_text][\/vc_tta_section][\/vc_tta_accordion]<div class=\"divider divider1\" style='margin:60px 0 60px 0 !important;'><\/div>[\/vc_column][vc_column width=&#8221;1\/3&#8243;][vc_column_text]<\/p>\n<h2>Syniadau ar gyfer chwarae a gweithgareddau<\/h2>\n<p>Yn y Gwasanaethau Chwarae i Blant, rydym wedi llunio rhai syniadau a gweithgareddau chwarae ar gyfer plant, pobl ifanc a theuluoedd. Mae yna lawer o wahanol syniadau gan gynnwys chwarae thematig, celf a chrefft, taflenni gweithgareddau, gemau yn cynnwys geiriau, posau, gemau awyr agored a dan do.<\/p>\n<p>Gwyliwch y <a href=\"https:\/\/www.cardiff.gov.uk\/CYM\/preswylydd\/Hamdden-parciau-a-diwylliant\/Chwarae-Plant\/Syniadau-ar-gyfer-chwarae-a-gweithgareddau\/Pages\/default.aspx\" target=\"\" rel=\"noopener noreferrer\">gweithgareddau ar Caerdydd.gov.uk<\/a>[\/vc_column_text][\/vc_column][\/vc_row]<\/p>\n<\/div>","protected":false},"excerpt":{"rendered":"<p>[vc_row][vc_column width=&#8221;2\/3&#8243;][vc_column_text] Dyma rai gemau syml llawn hwyl i chi eu chwarae gyda\u2019ch teulu a\u2019ch ffrindiau. [\/vc_column_text][vc_tta_accordion spacing=&#8221;3&#8243; gap=&#8221;5&#8243; c_icon=&#8221;chevron&#8221; active_section=&#8221;12&#8243; no_fill=&#8221;true&#8221; collapsible_all=&#8221;true&#8221;][vc_tta_section title=&#8221;Beth yw\u2019r amser Mr Blaidd?&#8221; tab_id=&#8221;mrwolf&#8221;][vc_column_text el_class=&#8221;ulcontent&#8221;] Un person i fod yn Mr Blaidd. Mr Blaidd i fynd i pen arall yr ystafell neu\u2019r cae chwarae heb gwynebu y chwaraewr. Chwaraewr yn gweddi \u201cbeth yw\u2019r amser Mr Blaidd\u201d. Mr Blaidd yn ateb mewn un ffordd o ddau. Falle amser cloc sef \u201c 3 o\u2019r gloch\u201d. Chwaraewr yn cymryd 3 cam ymlaen. Mr Blaidd falle yn dweud yr amser cwpwl o weithiau a pawb yn camu ymlaen. Neu fydd Mr Blaidd yn gweiddi \u201cAmser cinio\u201d Mr Blaidd yn troi rownd ac yn ceisio dal un o\u2019r chwaraewr cyn iddyn nhw cyrraedd y man dechrau. Os yn ei dal, nhy fydd Mr Blaid yn y g\u00eam nesaf. [\/vc_column_text][\/vc_tta_section][vc_tta_section title=&#8221;Criced Ffrengig&#8221; tab_id=&#8221;Cricket&#8221;][vc_column_text el_class=&#8221;ulcontent&#8221;]Bydd angen y canlynol arnoch Bat P\u00eal Penderfynwch pwy fydd chwaraewr 1, chwaraewr 2 a\u2019r chwaraewyr maes Chwaraewr 1 i daflu&#8217;r b\u00eal, rhaid i chwaraewr 2 ddefnyddio&#8217;r bat i daro&#8217;r b\u00eal Mae&#8217;r chwaraewyr maes yn dal y b\u00eal ac yn anelu at daflu&#8217;r b\u00eal at goesau&#8217;r batiwr. Os bydd y chwaraewyr maes yn colli coesau&#8217;r batiwr, rhaid iddynt [&hellip;]<\/p>\n","protected":false},"author":16,"featured_media":0,"parent":3194,"menu_order":0,"comment_status":"closed","ping_status":"closed","template":"","meta":{"_acf_changed":false,"footnotes":""},"class_list":["post-5407","page","type-page","status-publish","hentry"],"acf":[],"yoast_head":"<!-- This site is optimized with the Yoast SEO plugin v27.3 - https:\/\/yoast.com\/product\/yoast-seo-wordpress\/ -->\n<title>Gemau yn yr awyr iach - Outdoor Cardiff<\/title>\n<meta name=\"robots\" content=\"index, follow, max-snippet:-1, max-image-preview:large, max-video-preview:-1\" \/>\n<link rel=\"canonical\" href=\"https:\/\/www.outdoorcardiff.com\/cy\/parciau\/gemau-yn-yr-awyr-iach\/\" \/>\n<meta property=\"og:locale\" content=\"en_US\" \/>\n<meta property=\"og:type\" content=\"article\" \/>\n<meta property=\"og:title\" content=\"Gemau yn yr awyr iach - Outdoor Cardiff\" \/>\n<meta property=\"og:description\" content=\"[vc_row][vc_column width=&#8221;2\/3&#8243;][vc_column_text] Dyma rai gemau syml llawn hwyl i chi eu chwarae gyda\u2019ch teulu a\u2019ch ffrindiau. [\/vc_column_text][vc_tta_accordion spacing=&#8221;3&#8243; gap=&#8221;5&#8243; c_icon=&#8221;chevron&#8221; active_section=&#8221;12&#8243; no_fill=&#8221;true&#8221; collapsible_all=&#8221;true&#8221;][vc_tta_section title=&#8221;Beth yw\u2019r amser Mr Blaidd?&#8221; tab_id=&#8221;mrwolf&#8221;][vc_column_text el_class=&#8221;ulcontent&#8221;] Un person i fod yn Mr Blaidd. Mr Blaidd i fynd i pen arall yr ystafell neu\u2019r cae chwarae heb gwynebu y chwaraewr. Chwaraewr yn gweddi \u201cbeth yw\u2019r amser Mr Blaidd\u201d. Mr Blaidd yn ateb mewn un ffordd o ddau. Falle amser cloc sef \u201c 3 o\u2019r gloch\u201d. Chwaraewr yn cymryd 3 cam ymlaen. Mr Blaidd falle yn dweud yr amser cwpwl o weithiau a pawb yn camu ymlaen. Neu fydd Mr Blaidd yn gweiddi \u201cAmser cinio\u201d Mr Blaidd yn troi rownd ac yn ceisio dal un o\u2019r chwaraewr cyn iddyn nhw cyrraedd y man dechrau. Os yn ei dal, nhy fydd Mr Blaid yn y g\u00eam nesaf. [\/vc_column_text][\/vc_tta_section][vc_tta_section title=&#8221;Criced Ffrengig&#8221; tab_id=&#8221;Cricket&#8221;][vc_column_text el_class=&#8221;ulcontent&#8221;]Bydd angen y canlynol arnoch Bat P\u00eal Penderfynwch pwy fydd chwaraewr 1, chwaraewr 2 a\u2019r chwaraewyr maes Chwaraewr 1 i daflu&#8217;r b\u00eal, rhaid i chwaraewr 2 ddefnyddio&#8217;r bat i daro&#8217;r b\u00eal Mae&#8217;r chwaraewyr maes yn dal y b\u00eal ac yn anelu at daflu&#8217;r b\u00eal at goesau&#8217;r batiwr. Os bydd y chwaraewyr maes yn colli coesau&#8217;r batiwr, rhaid iddynt [&hellip;]\" \/>\n<meta property=\"og:url\" content=\"https:\/\/www.outdoorcardiff.com\/cy\/parciau\/gemau-yn-yr-awyr-iach\/\" \/>\n<meta property=\"og:site_name\" content=\"Outdoor Cardiff\" \/>\n<meta property=\"article:modified_time\" content=\"2024-02-23T16:46:08+00:00\" \/>\n<meta property=\"og:image\" content=\"https:\/\/www.outdoorcardiff.com\/wp-content\/uploads\/2016\/04\/OutdoorLogo.jpg\" \/>\n\t<meta property=\"og:image:width\" content=\"430\" \/>\n\t<meta property=\"og:image:height\" content=\"95\" \/>\n\t<meta property=\"og:image:type\" content=\"image\/jpeg\" \/>\n<meta name=\"twitter:card\" content=\"summary_large_image\" \/>\n<meta name=\"twitter:label1\" content=\"Est. reading time\" \/>\n\t<meta name=\"twitter:data1\" content=\"4 minutes\" \/>\n<script type=\"application\/ld+json\" class=\"yoast-schema-graph\">{\"@context\":\"https:\\\/\\\/schema.org\",\"@graph\":[{\"@type\":\"WebPage\",\"@id\":\"https:\\\/\\\/www.outdoorcardiff.com\\\/cy\\\/parciau\\\/gemau-yn-yr-awyr-iach\\\/\",\"url\":\"https:\\\/\\\/www.outdoorcardiff.com\\\/cy\\\/parciau\\\/gemau-yn-yr-awyr-iach\\\/\",\"name\":\"Gemau yn yr awyr iach - Outdoor Cardiff\",\"isPartOf\":{\"@id\":\"https:\\\/\\\/www.outdoorcardiff.com\\\/cy\\\/#website\"},\"datePublished\":\"2020-10-29T14:15:42+00:00\",\"dateModified\":\"2024-02-23T16:46:08+00:00\",\"breadcrumb\":{\"@id\":\"https:\\\/\\\/www.outdoorcardiff.com\\\/cy\\\/parciau\\\/gemau-yn-yr-awyr-iach\\\/#breadcrumb\"},\"inLanguage\":\"cy\",\"potentialAction\":[{\"@type\":\"ReadAction\",\"target\":[\"https:\\\/\\\/www.outdoorcardiff.com\\\/cy\\\/parciau\\\/gemau-yn-yr-awyr-iach\\\/\"]}]},{\"@type\":\"BreadcrumbList\",\"@id\":\"https:\\\/\\\/www.outdoorcardiff.com\\\/cy\\\/parciau\\\/gemau-yn-yr-awyr-iach\\\/#breadcrumb\",\"itemListElement\":[{\"@type\":\"ListItem\",\"position\":1,\"name\":\"Hafan\",\"item\":\"https:\\\/\\\/www.outdoorcardiff.com\\\/cy\\\/croeso-i-awyr-agored-caerdydd-2\\\/\"},{\"@type\":\"ListItem\",\"position\":2,\"name\":\"Parciau yng Nghaerdydd\",\"item\":\"https:\\\/\\\/www.outdoorcardiff.com\\\/cy\\\/parciau\\\/\"},{\"@type\":\"ListItem\",\"position\":3,\"name\":\"Gemau yn yr awyr iach\"}]},{\"@type\":\"WebSite\",\"@id\":\"https:\\\/\\\/www.outdoorcardiff.com\\\/cy\\\/#website\",\"url\":\"https:\\\/\\\/www.outdoorcardiff.com\\\/cy\\\/\",\"name\":\"Outdoor Cardiff\",\"description\":\"Explore Cardiff&#039;s trails\",\"potentialAction\":[{\"@type\":\"SearchAction\",\"target\":{\"@type\":\"EntryPoint\",\"urlTemplate\":\"https:\\\/\\\/www.outdoorcardiff.com\\\/cy\\\/?s={search_term_string}\"},\"query-input\":{\"@type\":\"PropertyValueSpecification\",\"valueRequired\":true,\"valueName\":\"search_term_string\"}}],\"inLanguage\":\"cy\"}]}<\/script>\n<!-- \/ Yoast SEO plugin. -->","yoast_head_json":{"title":"Gemau yn yr awyr iach - Outdoor Cardiff","robots":{"index":"index","follow":"follow","max-snippet":"max-snippet:-1","max-image-preview":"max-image-preview:large","max-video-preview":"max-video-preview:-1"},"canonical":"https:\/\/www.outdoorcardiff.com\/cy\/parciau\/gemau-yn-yr-awyr-iach\/","og_locale":"en_US","og_type":"article","og_title":"Gemau yn yr awyr iach - Outdoor Cardiff","og_description":"[vc_row][vc_column width=&#8221;2\/3&#8243;][vc_column_text] Dyma rai gemau syml llawn hwyl i chi eu chwarae gyda\u2019ch teulu a\u2019ch ffrindiau. [\/vc_column_text][vc_tta_accordion spacing=&#8221;3&#8243; gap=&#8221;5&#8243; c_icon=&#8221;chevron&#8221; active_section=&#8221;12&#8243; no_fill=&#8221;true&#8221; collapsible_all=&#8221;true&#8221;][vc_tta_section title=&#8221;Beth yw\u2019r amser Mr Blaidd?&#8221; tab_id=&#8221;mrwolf&#8221;][vc_column_text el_class=&#8221;ulcontent&#8221;] Un person i fod yn Mr Blaidd. Mr Blaidd i fynd i pen arall yr ystafell neu\u2019r cae chwarae heb gwynebu y chwaraewr. Chwaraewr yn gweddi \u201cbeth yw\u2019r amser Mr Blaidd\u201d. Mr Blaidd yn ateb mewn un ffordd o ddau. Falle amser cloc sef \u201c 3 o\u2019r gloch\u201d. Chwaraewr yn cymryd 3 cam ymlaen. Mr Blaidd falle yn dweud yr amser cwpwl o weithiau a pawb yn camu ymlaen. Neu fydd Mr Blaidd yn gweiddi \u201cAmser cinio\u201d Mr Blaidd yn troi rownd ac yn ceisio dal un o\u2019r chwaraewr cyn iddyn nhw cyrraedd y man dechrau. Os yn ei dal, nhy fydd Mr Blaid yn y g\u00eam nesaf. [\/vc_column_text][\/vc_tta_section][vc_tta_section title=&#8221;Criced Ffrengig&#8221; tab_id=&#8221;Cricket&#8221;][vc_column_text el_class=&#8221;ulcontent&#8221;]Bydd angen y canlynol arnoch Bat P\u00eal Penderfynwch pwy fydd chwaraewr 1, chwaraewr 2 a\u2019r chwaraewyr maes Chwaraewr 1 i daflu&#8217;r b\u00eal, rhaid i chwaraewr 2 ddefnyddio&#8217;r bat i daro&#8217;r b\u00eal Mae&#8217;r chwaraewyr maes yn dal y b\u00eal ac yn anelu at daflu&#8217;r b\u00eal at goesau&#8217;r batiwr. Os bydd y chwaraewyr maes yn colli coesau&#8217;r batiwr, rhaid iddynt [&hellip;]","og_url":"https:\/\/www.outdoorcardiff.com\/cy\/parciau\/gemau-yn-yr-awyr-iach\/","og_site_name":"Outdoor Cardiff","article_modified_time":"2024-02-23T16:46:08+00:00","og_image":[{"width":430,"height":95,"url":"https:\/\/www.outdoorcardiff.com\/wp-content\/uploads\/2016\/04\/OutdoorLogo.jpg","type":"image\/jpeg"}],"twitter_card":"summary_large_image","twitter_misc":{"Est. reading time":"4 minutes"},"schema":{"@context":"https:\/\/schema.org","@graph":[{"@type":"WebPage","@id":"https:\/\/www.outdoorcardiff.com\/cy\/parciau\/gemau-yn-yr-awyr-iach\/","url":"https:\/\/www.outdoorcardiff.com\/cy\/parciau\/gemau-yn-yr-awyr-iach\/","name":"Gemau yn yr awyr iach - Outdoor Cardiff","isPartOf":{"@id":"https:\/\/www.outdoorcardiff.com\/cy\/#website"},"datePublished":"2020-10-29T14:15:42+00:00","dateModified":"2024-02-23T16:46:08+00:00","breadcrumb":{"@id":"https:\/\/www.outdoorcardiff.com\/cy\/parciau\/gemau-yn-yr-awyr-iach\/#breadcrumb"},"inLanguage":"cy","potentialAction":[{"@type":"ReadAction","target":["https:\/\/www.outdoorcardiff.com\/cy\/parciau\/gemau-yn-yr-awyr-iach\/"]}]},{"@type":"BreadcrumbList","@id":"https:\/\/www.outdoorcardiff.com\/cy\/parciau\/gemau-yn-yr-awyr-iach\/#breadcrumb","itemListElement":[{"@type":"ListItem","position":1,"name":"Hafan","item":"https:\/\/www.outdoorcardiff.com\/cy\/croeso-i-awyr-agored-caerdydd-2\/"},{"@type":"ListItem","position":2,"name":"Parciau yng Nghaerdydd","item":"https:\/\/www.outdoorcardiff.com\/cy\/parciau\/"},{"@type":"ListItem","position":3,"name":"Gemau yn yr awyr iach"}]},{"@type":"WebSite","@id":"https:\/\/www.outdoorcardiff.com\/cy\/#website","url":"https:\/\/www.outdoorcardiff.com\/cy\/","name":"Outdoor Cardiff","description":"Explore Cardiff&#039;s trails","potentialAction":[{"@type":"SearchAction","target":{"@type":"EntryPoint","urlTemplate":"https:\/\/www.outdoorcardiff.com\/cy\/?s={search_term_string}"},"query-input":{"@type":"PropertyValueSpecification","valueRequired":true,"valueName":"search_term_string"}}],"inLanguage":"cy"}]}},"_links":{"self":[{"href":"https:\/\/www.outdoorcardiff.com\/cy\/wp-json\/wp\/v2\/pages\/5407","targetHints":{"allow":["GET"]}}],"collection":[{"href":"https:\/\/www.outdoorcardiff.com\/cy\/wp-json\/wp\/v2\/pages"}],"about":[{"href":"https:\/\/www.outdoorcardiff.com\/cy\/wp-json\/wp\/v2\/types\/page"}],"author":[{"embeddable":true,"href":"https:\/\/www.outdoorcardiff.com\/cy\/wp-json\/wp\/v2\/users\/16"}],"replies":[{"embeddable":true,"href":"https:\/\/www.outdoorcardiff.com\/cy\/wp-json\/wp\/v2\/comments?post=5407"}],"version-history":[{"count":5,"href":"https:\/\/www.outdoorcardiff.com\/cy\/wp-json\/wp\/v2\/pages\/5407\/revisions"}],"predecessor-version":[{"id":7587,"href":"https:\/\/www.outdoorcardiff.com\/cy\/wp-json\/wp\/v2\/pages\/5407\/revisions\/7587"}],"up":[{"embeddable":true,"href":"https:\/\/www.outdoorcardiff.com\/cy\/wp-json\/wp\/v2\/pages\/3194"}],"wp:attachment":[{"href":"https:\/\/www.outdoorcardiff.com\/cy\/wp-json\/wp\/v2\/media?parent=5407"}],"curies":[{"name":"wp","href":"https:\/\/api.w.org\/{rel}","templated":true}]}}