{"id":1294,"date":"2016-09-28T13:33:36","date_gmt":"2016-09-28T13:33:36","guid":{"rendered":"http:\/\/www.caerdyddawyragored.com\/?page_id=1294"},"modified":"2025-04-01T15:06:52","modified_gmt":"2025-04-01T15:06:52","slug":"grwpiau-ffrindiau","status":"publish","type":"page","link":"https:\/\/www.outdoorcardiff.com\/cy\/parciau\/grwpiau-ffrindiau\/","title":{"rendered":"Grwpiau Cyfeillion"},"content":{"rendered":"<div class=\"wpb-content-wrapper\"><p>[vc_row][vc_column width=&#8221;1\/1&#8243;][vc_tta_tabs active_section=&#8221;1&#8243;][vc_tta_section title=&#8221;Gwirfoddolwyr parc&#8221; tab_id=&#8221;Parks&#8221;]<div class=\"spacer\" style=\"height: 35px;\"><\/div>[vc_row_inner][vc_column_inner width=&#8221;1\/2&#8243;][vc_column_text]<\/p>\n<h2>Helpwch ni i ofalu am eich parc lleol<\/h2>\n<p>Os hoffech wirfoddoli ar gyfer gweithgareddau cadwraeth \u00e2\u2019r t\u00eem Ceidwaid Parciau, <a href=\"\/cy\/cysylltu-a-ni\/\">cysylltwch \u00e2 ni<\/a> a byddwn yn anfon y wybodaeth ddiweddaraf atoch am ein rhaglen yn rheolaidd.<\/p>\n<p><strong>Ymunwch \u00e2 Gr\u0175p Cyfeillion parc lleol<\/strong><\/p>\n<p>Mae grwpiau cyfeillion yn cefnogi eu mannau gwyrdd lleol drwy ystod o weithgareddau ymarferol a gweinyddol gan gynnwys:<\/p>\n<ul>\n<li>plannu<\/li>\n<li>gwaith clirio<\/li>\n<li>gwelliannau mynediad<\/li>\n<li>ymchwil hanesyddol<\/li>\n<li>codi arian a chyhoeddusrwydd.<\/li>\n<\/ul>\n<p>Gallwch gael rhagor o wybodaeth am Grwpiau Cyfeillion unigol ar eu gwefannau. Does gan rai eu gwefannau eu hunain felly <a href=\"\/cy\/cysylltu-a-ni\/\">cysylltwch \u00e2 ni am fanylion<\/a>.[\/vc_column_text][\/vc_column_inner][vc_column_inner width=&#8221;1\/2&#8243;][vc_column_text]Mae grwpiau ar y safleoedd canlynol:<\/p>\n<ul>\n<li><a href=\"https:\/\/www.cvst.org.uk\/\">Gwirfoddolwyr Cadwraeth\u00a0Llaneirwg a Trowbridge<\/a><\/li>\n<li><a href=\"http:\/\/cathayscemetery.coffeecup.com\/index.html\" target=\"\" rel=\"noopener\">Mynwent Cathays, Cathays<\/a><\/li>\n<li>Gerddi Clare, Glan-yr-afon<\/li>\n<li><a href=\"http:\/\/www.lisvanecommunity.org.uk\/Lisvane-CC\/friends_of_coed_y_felin-7046.aspx\" target=\"\" rel=\"noopener\">Coed y Felin, Llys-faen<\/a><\/li>\n<li><a href=\"http:\/\/www.forestfarm.org.uk\" target=\"\" rel=\"noopener\">Parc Gwledig Fforest Fach, Yr Eglwys Newydd<\/a><\/li>\n<li><a href=\"http:\/\/www.friendsofhaileypark.org.uk\" target=\"\" rel=\"noopener\">Parc Hailey, Ystum Taf<\/a><\/li>\n<li><a href=\"http:\/\/www.heathresidentscardiff.org.uk\/home\/heath-park\/friends-of-heath-park-woodlands\" target=\"\" rel=\"noopener\">Parc y Mynydd Bychan, Y Mynydd bychan<\/a><\/li>\n<li><a href=\"http:\/\/www.howardianlnr.org.uk\/\" target=\"\" rel=\"noopener\">Gwarchodfa Natur Leol Howardian, Pen-y-lan<\/a><\/li>\n<li><a href=\"http:\/\/insolecourt.org\/get-involved\/insole-court-friends\" target=\"\" rel=\"noopener\">Insole Court, Llandaf<\/a><\/li>\n<li>Parc Moorland, Sblot<\/li>\n<li><a href=\"http:\/\/www.nantfawr.org.uk\/\" target=\"\" rel=\"noopener\">Nant Fawr, Cyncoed<\/a><\/li>\n<li><a href=\"http:\/\/www.friendsofcefnonn.org.uk\/wp\/\" target=\"\" rel=\"noopener\">Parc Cefn Onn, Llys-faen<\/a><\/li>\n<li>Gerddi Plasturton, Pontcanna<\/li>\n<li>Coed Mawr Plymouth, Trel\u00e1i<\/li>\n<li>Coetir Radur, Radur<\/li>\n<li><a href=\"http:\/\/friendsofroathpark.weebly.com\/\">Parc y Rhath, Plasnewydd<\/a><\/li>\n<li>The Dell, Y Tyllgoed<\/li>\n<\/ul>\n<p>[\/vc_column_text][\/vc_column_inner][\/vc_row_inner][vc_row_inner][vc_column_inner width=&#8221;1\/3&#8243;]<div class=\"single_image wpb_content_element align-center   image_zoom \" data-animation=\"none\" data-delay=\"0\"><a href=\"https:\/\/www.outdoorcardiff.com\/wp-content\/uploads\/NantFawrGroup4.jpg\" class=\"prettyPhoto\" rel=\"prettyPhoto[image]\"><img loading=\"lazy\" decoding=\"async\" width=\"900\" height=\"675\" src=\"https:\/\/www.outdoorcardiff.com\/wp-content\/uploads\/NantFawrGroup4.jpg\" class=\"attachment-full\" alt=\"\" title=\"nantfawrgroup4\" srcset=\"https:\/\/www.outdoorcardiff.com\/wp-content\/uploads\/NantFawrGroup4.jpg 900w, https:\/\/www.outdoorcardiff.com\/wp-content\/uploads\/NantFawrGroup4-300x225.jpg 300w, https:\/\/www.outdoorcardiff.com\/wp-content\/uploads\/NantFawrGroup4-768x576.jpg 768w\" sizes=\"auto, (max-width: 900px) 100vw, 900px\" \/><\/a><\/div>[\/vc_column_inner][vc_column_inner width=&#8221;1\/3&#8243;]<div class=\"single_image wpb_content_element align-center   image_zoom \" data-animation=\"none\" data-delay=\"0\"><a href=\"https:\/\/www.outdoorcardiff.com\/wp-content\/uploads\/NantFawrGroup3.jpg\" class=\"prettyPhoto\" rel=\"prettyPhoto[image]\"><img loading=\"lazy\" decoding=\"async\" width=\"900\" height=\"675\" src=\"https:\/\/www.outdoorcardiff.com\/wp-content\/uploads\/NantFawrGroup3.jpg\" class=\"attachment-full\" alt=\"\" title=\"nantfawrgroup3\" srcset=\"https:\/\/www.outdoorcardiff.com\/wp-content\/uploads\/NantFawrGroup3.jpg 900w, https:\/\/www.outdoorcardiff.com\/wp-content\/uploads\/NantFawrGroup3-300x225.jpg 300w, https:\/\/www.outdoorcardiff.com\/wp-content\/uploads\/NantFawrGroup3-768x576.jpg 768w\" sizes=\"auto, (max-width: 900px) 100vw, 900px\" \/><\/a><\/div>[\/vc_column_inner][vc_column_inner width=&#8221;1\/3&#8243;]<div class=\"single_image wpb_content_element align-center   image_zoom \" data-animation=\"none\" data-delay=\"0\"><a href=\"https:\/\/www.outdoorcardiff.com\/wp-content\/uploads\/NantFawrGroup.jpg\" class=\"prettyPhoto\" rel=\"prettyPhoto[image]\"><img loading=\"lazy\" decoding=\"async\" width=\"900\" height=\"675\" src=\"https:\/\/www.outdoorcardiff.com\/wp-content\/uploads\/NantFawrGroup.jpg\" class=\"attachment-full\" alt=\"\" title=\"nantfawrgroup\" srcset=\"https:\/\/www.outdoorcardiff.com\/wp-content\/uploads\/NantFawrGroup.jpg 900w, https:\/\/www.outdoorcardiff.com\/wp-content\/uploads\/NantFawrGroup-300x225.jpg 300w, https:\/\/www.outdoorcardiff.com\/wp-content\/uploads\/NantFawrGroup-768x576.jpg 768w\" sizes=\"auto, (max-width: 900px) 100vw, 900px\" \/><\/a><\/div>[\/vc_column_inner][\/vc_row_inner][\/vc_tta_section][vc_tta_section title=&#8221;Fforwm Cyfeillion Caerdydd&#8221; tab_id=&#8221;Forum&#8221;]<div class=\"spacer\" style=\"height: 35px;\"><\/div>[vc_column_text]<\/p>\n<h2>Fforwm Cyfeillion Caerdydd<\/h2>\n<p>Gyda chefnogaeth Cyngor Caerdydd, mae\u2019r fforwm yn cynorthwyo\u2019r holl Grwpiau Cyfeillion gyda rhaglen reolaidd o weithgareddau lle gall Cyfeillion o grwpiau gwahanol gwrdd a rhannu eu profiadau.<\/p>\n<p>Sefydlwyd y Fforwm yn 2006 ac mae\u2019n cynorthwyo \u00e2 gweithgareddau\u2019r Grwpiau Cyfeillion drwy gynnig gwybodaeth am:<\/p>\n<ul>\n<li>ariannu<\/li>\n<li>cyhoeddusrwydd<\/li>\n<li>iechyd a diogelwch<\/li>\n<li>ceisio am grantiau<\/li>\n<li>materion cyffredinol yn ymwneud \u00e2 mannau gwyrdd<\/li>\n<\/ul>\n<p>Ymhlith y gweithgareddau a drefnir gan y Fforwm mae\u2019r barbyciw haf poblogaidd yn Fferm y Fforest a chyfarfodydd rheolaidd i drafod materion sydd o bwys i bawb.<\/p>\n<p>O ganlyniad i\u2019r Fforwm, gall Grwpiau Cyfeillion gyfrannu at gynnal digwyddiadau amgylcheddol fel g\u0175yl flynyddol Allan o\u2019r Coed ym <a href=\"http:\/\/parc-bute.com\/\" target=\"\" rel=\"noopener\">Mharc Bute<\/a> ac Wythnos Fioamrywiaeth Caerdydd ym mis Mehefin, yn ogystal \u00e2 sicrhau bod eu gweithgareddau a\u2019u digwyddiadau eu hunain yn cael eu hysbysebu i ystod eang o bobl \u00e2 diddordeb.<\/p>\n<p><a href=\"http:\/\/www.caerdyddawyragored.com\/cy\/cysylltu-a-ni\/\">Cysylltu \u00e2 ni<\/a>[\/vc_column_text][\/vc_tta_section][\/vc_tta_tabs][\/vc_column][\/vc_row]<\/p>\n<\/div>","protected":false},"excerpt":{"rendered":"<p>[vc_row][vc_column width=&#8221;1\/1&#8243;][vc_tta_tabs active_section=&#8221;1&#8243;][vc_tta_section title=&#8221;Gwirfoddolwyr parc&#8221; tab_id=&#8221;Parks&#8221;][vc_row_inner][vc_column_inner width=&#8221;1\/2&#8243;][vc_column_text] Helpwch ni i ofalu am eich parc lleol Os hoffech wirfoddoli ar gyfer gweithgareddau cadwraeth \u00e2\u2019r t\u00eem Ceidwaid Parciau, cysylltwch \u00e2 ni a byddwn yn anfon y wybodaeth ddiweddaraf atoch am ein rhaglen yn rheolaidd. Ymunwch \u00e2 Gr\u0175p Cyfeillion parc lleol Mae grwpiau cyfeillion yn cefnogi eu mannau gwyrdd lleol drwy ystod o weithgareddau ymarferol a gweinyddol gan gynnwys: plannu gwaith clirio gwelliannau mynediad ymchwil hanesyddol codi arian a chyhoeddusrwydd. Gallwch gael rhagor o wybodaeth am Grwpiau Cyfeillion unigol ar eu gwefannau. Does gan rai eu gwefannau eu hunain felly cysylltwch \u00e2 ni am fanylion.[\/vc_column_text][\/vc_column_inner][vc_column_inner width=&#8221;1\/2&#8243;][vc_column_text]Mae grwpiau ar y safleoedd canlynol: Gwirfoddolwyr Cadwraeth\u00a0Llaneirwg a Trowbridge Mynwent Cathays, Cathays Gerddi Clare, Glan-yr-afon Coed y Felin, Llys-faen Parc Gwledig Fforest Fach, Yr Eglwys Newydd Parc Hailey, Ystum Taf Parc y Mynydd Bychan, Y Mynydd bychan Gwarchodfa Natur Leol Howardian, Pen-y-lan Insole Court, Llandaf Parc Moorland, Sblot Nant Fawr, Cyncoed Parc Cefn Onn, Llys-faen Gerddi Plasturton, Pontcanna Coed Mawr Plymouth, Trel\u00e1i Coetir Radur, Radur Parc y Rhath, Plasnewydd The Dell, Y Tyllgoed [\/vc_column_text][\/vc_column_inner][\/vc_row_inner][vc_row_inner][vc_column_inner width=&#8221;1\/3&#8243;][\/vc_column_inner][vc_column_inner width=&#8221;1\/3&#8243;][\/vc_column_inner][vc_column_inner width=&#8221;1\/3&#8243;][\/vc_column_inner][\/vc_row_inner][\/vc_tta_section][vc_tta_section title=&#8221;Fforwm Cyfeillion Caerdydd&#8221; tab_id=&#8221;Forum&#8221;][vc_column_text] Fforwm Cyfeillion Caerdydd Gyda chefnogaeth Cyngor Caerdydd, mae\u2019r fforwm yn cynorthwyo\u2019r holl Grwpiau Cyfeillion gyda rhaglen [&hellip;]<\/p>\n","protected":false},"author":16,"featured_media":0,"parent":3194,"menu_order":0,"comment_status":"closed","ping_status":"closed","template":"","meta":{"_acf_changed":false,"footnotes":""},"class_list":["post-1294","page","type-page","status-publish","hentry"],"acf":[],"yoast_head":"<!-- This site is optimized with the Yoast SEO plugin v27.2 - https:\/\/yoast.com\/product\/yoast-seo-wordpress\/ -->\n<title>Grwpiau Cyfeillion - Outdoor Cardiff<\/title>\n<meta name=\"robots\" content=\"index, follow, max-snippet:-1, max-image-preview:large, max-video-preview:-1\" \/>\n<link rel=\"canonical\" href=\"https:\/\/www.outdoorcardiff.com\/cy\/parciau\/grwpiau-ffrindiau\/\" \/>\n<meta property=\"og:locale\" content=\"en_US\" \/>\n<meta property=\"og:type\" content=\"article\" \/>\n<meta property=\"og:title\" content=\"Grwpiau Cyfeillion - Outdoor Cardiff\" \/>\n<meta property=\"og:description\" content=\"[vc_row][vc_column width=&#8221;1\/1&#8243;][vc_tta_tabs active_section=&#8221;1&#8243;][vc_tta_section title=&#8221;Gwirfoddolwyr parc&#8221; tab_id=&#8221;Parks&#8221;][vc_row_inner][vc_column_inner width=&#8221;1\/2&#8243;][vc_column_text] Helpwch ni i ofalu am eich parc lleol Os hoffech wirfoddoli ar gyfer gweithgareddau cadwraeth \u00e2\u2019r t\u00eem Ceidwaid Parciau, cysylltwch \u00e2 ni a byddwn yn anfon y wybodaeth ddiweddaraf atoch am ein rhaglen yn rheolaidd. Ymunwch \u00e2 Gr\u0175p Cyfeillion parc lleol Mae grwpiau cyfeillion yn cefnogi eu mannau gwyrdd lleol drwy ystod o weithgareddau ymarferol a gweinyddol gan gynnwys: plannu gwaith clirio gwelliannau mynediad ymchwil hanesyddol codi arian a chyhoeddusrwydd. Gallwch gael rhagor o wybodaeth am Grwpiau Cyfeillion unigol ar eu gwefannau. Does gan rai eu gwefannau eu hunain felly cysylltwch \u00e2 ni am fanylion.[\/vc_column_text][\/vc_column_inner][vc_column_inner width=&#8221;1\/2&#8243;][vc_column_text]Mae grwpiau ar y safleoedd canlynol: Gwirfoddolwyr Cadwraeth\u00a0Llaneirwg a Trowbridge Mynwent Cathays, Cathays Gerddi Clare, Glan-yr-afon Coed y Felin, Llys-faen Parc Gwledig Fforest Fach, Yr Eglwys Newydd Parc Hailey, Ystum Taf Parc y Mynydd Bychan, Y Mynydd bychan Gwarchodfa Natur Leol Howardian, Pen-y-lan Insole Court, Llandaf Parc Moorland, Sblot Nant Fawr, Cyncoed Parc Cefn Onn, Llys-faen Gerddi Plasturton, Pontcanna Coed Mawr Plymouth, Trel\u00e1i Coetir Radur, Radur Parc y Rhath, Plasnewydd The Dell, Y Tyllgoed [\/vc_column_text][\/vc_column_inner][\/vc_row_inner][vc_row_inner][vc_column_inner width=&#8221;1\/3&#8243;][\/vc_column_inner][vc_column_inner width=&#8221;1\/3&#8243;][\/vc_column_inner][vc_column_inner width=&#8221;1\/3&#8243;][\/vc_column_inner][\/vc_row_inner][\/vc_tta_section][vc_tta_section title=&#8221;Fforwm Cyfeillion Caerdydd&#8221; tab_id=&#8221;Forum&#8221;][vc_column_text] Fforwm Cyfeillion Caerdydd Gyda chefnogaeth Cyngor Caerdydd, mae\u2019r fforwm yn cynorthwyo\u2019r holl Grwpiau Cyfeillion gyda rhaglen [&hellip;]\" \/>\n<meta property=\"og:url\" content=\"https:\/\/www.outdoorcardiff.com\/cy\/parciau\/grwpiau-ffrindiau\/\" \/>\n<meta property=\"og:site_name\" content=\"Outdoor Cardiff\" \/>\n<meta property=\"article:modified_time\" content=\"2025-04-01T15:06:52+00:00\" \/>\n<meta property=\"og:image\" content=\"https:\/\/www.outdoorcardiff.com\/wp-content\/uploads\/2016\/04\/OutdoorLogo.jpg\" \/>\n\t<meta property=\"og:image:width\" content=\"430\" \/>\n\t<meta property=\"og:image:height\" content=\"95\" \/>\n\t<meta property=\"og:image:type\" content=\"image\/jpeg\" \/>\n<meta name=\"twitter:card\" content=\"summary_large_image\" \/>\n<meta name=\"twitter:label1\" content=\"Est. reading time\" \/>\n\t<meta name=\"twitter:data1\" content=\"3 minutes\" \/>\n<script type=\"application\/ld+json\" class=\"yoast-schema-graph\">{\"@context\":\"https:\/\/schema.org\",\"@graph\":[{\"@type\":\"WebPage\",\"@id\":\"https:\/\/www.outdoorcardiff.com\/cy\/parciau\/grwpiau-ffrindiau\/\",\"url\":\"https:\/\/www.outdoorcardiff.com\/cy\/parciau\/grwpiau-ffrindiau\/\",\"name\":\"Grwpiau Cyfeillion - Outdoor Cardiff\",\"isPartOf\":{\"@id\":\"https:\/\/www.outdoorcardiff.com\/cy\/#website\"},\"datePublished\":\"2016-09-28T13:33:36+00:00\",\"dateModified\":\"2025-04-01T15:06:52+00:00\",\"breadcrumb\":{\"@id\":\"https:\/\/www.outdoorcardiff.com\/cy\/parciau\/grwpiau-ffrindiau\/#breadcrumb\"},\"inLanguage\":\"cy\",\"potentialAction\":[{\"@type\":\"ReadAction\",\"target\":[\"https:\/\/www.outdoorcardiff.com\/cy\/parciau\/grwpiau-ffrindiau\/\"]}]},{\"@type\":\"BreadcrumbList\",\"@id\":\"https:\/\/www.outdoorcardiff.com\/cy\/parciau\/grwpiau-ffrindiau\/#breadcrumb\",\"itemListElement\":[{\"@type\":\"ListItem\",\"position\":1,\"name\":\"Hafan\",\"item\":\"https:\/\/www.outdoorcardiff.com\/cy\/croeso-i-awyr-agored-caerdydd-2\/\"},{\"@type\":\"ListItem\",\"position\":2,\"name\":\"Parciau yng Nghaerdydd\",\"item\":\"https:\/\/www.outdoorcardiff.com\/cy\/parciau\/\"},{\"@type\":\"ListItem\",\"position\":3,\"name\":\"Grwpiau Cyfeillion\"}]},{\"@type\":\"WebSite\",\"@id\":\"https:\/\/www.outdoorcardiff.com\/cy\/#website\",\"url\":\"https:\/\/www.outdoorcardiff.com\/cy\/\",\"name\":\"Outdoor Cardiff\",\"description\":\"Explore Cardiff&#039;s trails\",\"potentialAction\":[{\"@type\":\"SearchAction\",\"target\":{\"@type\":\"EntryPoint\",\"urlTemplate\":\"https:\/\/www.outdoorcardiff.com\/cy\/?s={search_term_string}\"},\"query-input\":{\"@type\":\"PropertyValueSpecification\",\"valueRequired\":true,\"valueName\":\"search_term_string\"}}],\"inLanguage\":\"cy\"}]}<\/script>\n<!-- \/ Yoast SEO plugin. -->","yoast_head_json":{"title":"Grwpiau Cyfeillion - Outdoor Cardiff","robots":{"index":"index","follow":"follow","max-snippet":"max-snippet:-1","max-image-preview":"max-image-preview:large","max-video-preview":"max-video-preview:-1"},"canonical":"https:\/\/www.outdoorcardiff.com\/cy\/parciau\/grwpiau-ffrindiau\/","og_locale":"en_US","og_type":"article","og_title":"Grwpiau Cyfeillion - Outdoor Cardiff","og_description":"[vc_row][vc_column width=&#8221;1\/1&#8243;][vc_tta_tabs active_section=&#8221;1&#8243;][vc_tta_section title=&#8221;Gwirfoddolwyr parc&#8221; tab_id=&#8221;Parks&#8221;][vc_row_inner][vc_column_inner width=&#8221;1\/2&#8243;][vc_column_text] Helpwch ni i ofalu am eich parc lleol Os hoffech wirfoddoli ar gyfer gweithgareddau cadwraeth \u00e2\u2019r t\u00eem Ceidwaid Parciau, cysylltwch \u00e2 ni a byddwn yn anfon y wybodaeth ddiweddaraf atoch am ein rhaglen yn rheolaidd. Ymunwch \u00e2 Gr\u0175p Cyfeillion parc lleol Mae grwpiau cyfeillion yn cefnogi eu mannau gwyrdd lleol drwy ystod o weithgareddau ymarferol a gweinyddol gan gynnwys: plannu gwaith clirio gwelliannau mynediad ymchwil hanesyddol codi arian a chyhoeddusrwydd. Gallwch gael rhagor o wybodaeth am Grwpiau Cyfeillion unigol ar eu gwefannau. Does gan rai eu gwefannau eu hunain felly cysylltwch \u00e2 ni am fanylion.[\/vc_column_text][\/vc_column_inner][vc_column_inner width=&#8221;1\/2&#8243;][vc_column_text]Mae grwpiau ar y safleoedd canlynol: Gwirfoddolwyr Cadwraeth\u00a0Llaneirwg a Trowbridge Mynwent Cathays, Cathays Gerddi Clare, Glan-yr-afon Coed y Felin, Llys-faen Parc Gwledig Fforest Fach, Yr Eglwys Newydd Parc Hailey, Ystum Taf Parc y Mynydd Bychan, Y Mynydd bychan Gwarchodfa Natur Leol Howardian, Pen-y-lan Insole Court, Llandaf Parc Moorland, Sblot Nant Fawr, Cyncoed Parc Cefn Onn, Llys-faen Gerddi Plasturton, Pontcanna Coed Mawr Plymouth, Trel\u00e1i Coetir Radur, Radur Parc y Rhath, Plasnewydd The Dell, Y Tyllgoed [\/vc_column_text][\/vc_column_inner][\/vc_row_inner][vc_row_inner][vc_column_inner width=&#8221;1\/3&#8243;][\/vc_column_inner][vc_column_inner width=&#8221;1\/3&#8243;][\/vc_column_inner][vc_column_inner width=&#8221;1\/3&#8243;][\/vc_column_inner][\/vc_row_inner][\/vc_tta_section][vc_tta_section title=&#8221;Fforwm Cyfeillion Caerdydd&#8221; tab_id=&#8221;Forum&#8221;][vc_column_text] Fforwm Cyfeillion Caerdydd Gyda chefnogaeth Cyngor Caerdydd, mae\u2019r fforwm yn cynorthwyo\u2019r holl Grwpiau Cyfeillion gyda rhaglen [&hellip;]","og_url":"https:\/\/www.outdoorcardiff.com\/cy\/parciau\/grwpiau-ffrindiau\/","og_site_name":"Outdoor Cardiff","article_modified_time":"2025-04-01T15:06:52+00:00","og_image":[{"width":430,"height":95,"url":"https:\/\/www.outdoorcardiff.com\/wp-content\/uploads\/2016\/04\/OutdoorLogo.jpg","type":"image\/jpeg"}],"twitter_card":"summary_large_image","twitter_misc":{"Est. reading time":"3 minutes"},"schema":{"@context":"https:\/\/schema.org","@graph":[{"@type":"WebPage","@id":"https:\/\/www.outdoorcardiff.com\/cy\/parciau\/grwpiau-ffrindiau\/","url":"https:\/\/www.outdoorcardiff.com\/cy\/parciau\/grwpiau-ffrindiau\/","name":"Grwpiau Cyfeillion - Outdoor Cardiff","isPartOf":{"@id":"https:\/\/www.outdoorcardiff.com\/cy\/#website"},"datePublished":"2016-09-28T13:33:36+00:00","dateModified":"2025-04-01T15:06:52+00:00","breadcrumb":{"@id":"https:\/\/www.outdoorcardiff.com\/cy\/parciau\/grwpiau-ffrindiau\/#breadcrumb"},"inLanguage":"cy","potentialAction":[{"@type":"ReadAction","target":["https:\/\/www.outdoorcardiff.com\/cy\/parciau\/grwpiau-ffrindiau\/"]}]},{"@type":"BreadcrumbList","@id":"https:\/\/www.outdoorcardiff.com\/cy\/parciau\/grwpiau-ffrindiau\/#breadcrumb","itemListElement":[{"@type":"ListItem","position":1,"name":"Hafan","item":"https:\/\/www.outdoorcardiff.com\/cy\/croeso-i-awyr-agored-caerdydd-2\/"},{"@type":"ListItem","position":2,"name":"Parciau yng Nghaerdydd","item":"https:\/\/www.outdoorcardiff.com\/cy\/parciau\/"},{"@type":"ListItem","position":3,"name":"Grwpiau Cyfeillion"}]},{"@type":"WebSite","@id":"https:\/\/www.outdoorcardiff.com\/cy\/#website","url":"https:\/\/www.outdoorcardiff.com\/cy\/","name":"Outdoor Cardiff","description":"Explore Cardiff&#039;s trails","potentialAction":[{"@type":"SearchAction","target":{"@type":"EntryPoint","urlTemplate":"https:\/\/www.outdoorcardiff.com\/cy\/?s={search_term_string}"},"query-input":{"@type":"PropertyValueSpecification","valueRequired":true,"valueName":"search_term_string"}}],"inLanguage":"cy"}]}},"_links":{"self":[{"href":"https:\/\/www.outdoorcardiff.com\/cy\/wp-json\/wp\/v2\/pages\/1294","targetHints":{"allow":["GET"]}}],"collection":[{"href":"https:\/\/www.outdoorcardiff.com\/cy\/wp-json\/wp\/v2\/pages"}],"about":[{"href":"https:\/\/www.outdoorcardiff.com\/cy\/wp-json\/wp\/v2\/types\/page"}],"author":[{"embeddable":true,"href":"https:\/\/www.outdoorcardiff.com\/cy\/wp-json\/wp\/v2\/users\/16"}],"replies":[{"embeddable":true,"href":"https:\/\/www.outdoorcardiff.com\/cy\/wp-json\/wp\/v2\/comments?post=1294"}],"version-history":[{"count":8,"href":"https:\/\/www.outdoorcardiff.com\/cy\/wp-json\/wp\/v2\/pages\/1294\/revisions"}],"predecessor-version":[{"id":8868,"href":"https:\/\/www.outdoorcardiff.com\/cy\/wp-json\/wp\/v2\/pages\/1294\/revisions\/8868"}],"up":[{"embeddable":true,"href":"https:\/\/www.outdoorcardiff.com\/cy\/wp-json\/wp\/v2\/pages\/3194"}],"wp:attachment":[{"href":"https:\/\/www.outdoorcardiff.com\/cy\/wp-json\/wp\/v2\/media?parent=1294"}],"curies":[{"name":"wp","href":"https:\/\/api.w.org\/{rel}","templated":true}]}}